{"id":955,"date":"2022-10-19T14:00:57","date_gmt":"2022-10-19T12:00:57","guid":{"rendered":"https:\/\/lifemoz.mozenture-dev.com\/?page_id=955"},"modified":"2023-07-18T13:12:33","modified_gmt":"2023-07-18T11:12:33","slug":"billetterie","status":"publish","type":"page","link":"https:\/\/catchmedia.ca\/fr\/billetterie\/","title":{"rendered":"Billetterie"},"content":{"rendered":"<section class=\"wpb-content-wrapper\"><p>[vc_row equal_height=\u00a0\u00bbyes\u00a0\u00bb content_placement=\u00a0\u00bbmiddle\u00a0\u00bb css=\u00a0\u00bb.vc_custom_1664983690613{margin-bottom: 50px !important;}\u00a0\u00bb][vc_column width=\u00a0\u00bb1\/2&Prime;]<div class=\"ult-just-icon-wrapper  \"><div class=\"align-icon\" style=\"text-align:left;\">\n<div class=\"aio-icon-img \" style=\"font-size:240px;display:inline-block;\" >\n\t<img decoding=\"async\" class=\"img-icon\" alt=\"null\" src=\"https:\/\/catchmedia.ca\/fr\/wp-content\/uploads\/2022\/10\/icones-solutions-1.png\"\/>\n<\/div><\/div><\/div>[vc_column_text]<\/p>\n<h1>Communiquez, cr\u00e9ez et collaborez en \u00e9quipe<\/h1>\n<p>Une solution flexible et innovante qui dope la productivit\u00e9 des organisations et de leurs collaborateurs.[\/vc_column_text]<style type=\"text\/css\" data-type=\"the7_shortcodes-inline-css\">#default-btn-dc46d1902ff717328f4fe58df96bbebe.ico-right-side > i {\n  margin-right: 0px;\n  margin-left: 8px;\n}\n#default-btn-dc46d1902ff717328f4fe58df96bbebe > i {\n  margin-right: 8px;\n}\n<\/style><a href=\"https:\/\/catchmedia.ca\/fr\/solutions\/billetterie\/\" class=\"default-btn-shortcode dt-btn dt-btn-m link-hover-off btn-inline-left \" id=\"default-btn-dc46d1902ff717328f4fe58df96bbebe\" title=\"Billetterie\"><span>D\u00e9couvrir<\/span><\/a><style type=\"text\/css\" data-type=\"the7_shortcodes-inline-css\">#default-btn-e550b614405d549eb6b6de596906ac33.ico-right-side > i {\n  margin-right: 0px;\n  margin-left: 8px;\n}\n#default-btn-e550b614405d549eb6b6de596906ac33 > i {\n  margin-right: 8px;\n}\n<\/style><a href=\"https:\/\/catchmedia.ca\/fr\/contact\/\" class=\"default-btn-shortcode dt-btn dt-btn-m link-hover-off btn-inline-left  vc_custom_1689678221383\" id=\"default-btn-e550b614405d549eb6b6de596906ac33\" title=\"Contact\"><span>Contactez-nous<\/span><\/a>[\/vc_column][vc_column width=\u00a0\u00bb1\/2&Prime;][vc_single_image image=\u00a0\u00bb390&Prime; img_size=\u00a0\u00bbfull\u00a0\u00bb alignment=\u00a0\u00bbcenter\u00a0\u00bb][\/vc_column][\/vc_row][vc_row equal_height=\u00a0\u00bbyes\u00a0\u00bb content_placement=\u00a0\u00bbmiddle\u00a0\u00bb bg_type=\u00a0\u00bbbg_color\u00a0\u00bb bg_override=\u00a0\u00bbfull\u00a0\u00bb bg_color_value=\u00a0\u00bb#ffffff\u00a0\u00bb][vc_column width=\u00a0\u00bb1\/2&Prime;][vc_column_text]<\/p>\n<h2>Co-construction, personnalisation, accompagnement et maintenance<\/h2>\n<p>Chaque \u00e9cran d&rsquo;affichage peut \u00eatre pilot\u00e9. notre solution est un outil souple et facile a contr\u00f4ler et qui facilite un suivi pr\u00e9cis. Sans effort, il vous permet de fournir facilement votre contenu interactif aux bornes interactives, aux \u00e9crans num\u00e9riques, \u00e0 toutes les unit\u00e9s d\u2019affichage.[\/vc_column_text]<div class=\"uavc-list-icon uavc-list-icon-wrapper ult-adjust-bottom-margin   \"><ul class=\"uavc-list\"><li><div class=\"uavc-list-content\" id=\"list-icon-wrap-9833\">\n<div class=\"uavc-list-icon  \" data-animation=\"\" data-animation-delay=\"03\" style=\"margin-right:5px;\"><div class=\"ult-just-icon-wrapper  \"><div class=\"align-icon\" style=\"text-align:center;\">\n<div class=\"aio-icon circle \"  style=\"color:#dd9933;background:#ffffff;font-size:32px;display:inline-block;\">\n\t<i class=\"icomoon-the7-font-the7-mail-01\"><\/i>\n<\/div><\/div><\/div>\n<\/div><span  data-ultimate-target='#list-icon-wrap-9833 .uavc-list-desc'  data-responsive-json-new='{\"font-size\":\"\",\"line-height\":\"\"}'  class=\"uavc-list-desc ult-responsive\" style=\"\">Planification et conception de mod\u00e8les flexibles<\/span><\/div><\/li><li><div class=\"uavc-list-content\" id=\"list-icon-wrap-5563\">\n<div class=\"uavc-list-icon  \" data-animation=\"\" data-animation-delay=\"03\" style=\"margin-right:5px;\"><div class=\"ult-just-icon-wrapper  \"><div class=\"align-icon\" style=\"text-align:center;\">\n<div class=\"aio-icon circle \"  style=\"color:#dd9933;background:#ffffff;font-size:32px;display:inline-block;\">\n\t<i class=\"icomoon-the7-font-the7-mail-01\"><\/i>\n<\/div><\/div><\/div>\n<\/div><span  data-ultimate-target='#list-icon-wrap-5563 .uavc-list-desc'  data-responsive-json-new='{\"font-size\":\"\",\"line-height\":\"\"}'  class=\"uavc-list-desc ult-responsive\" style=\"\">Planification et conception de mod\u00e8les flexibles<\/span><\/div><\/li><li><div class=\"uavc-list-content\" id=\"list-icon-wrap-9909\">\n<div class=\"uavc-list-icon  \" data-animation=\"\" data-animation-delay=\"03\" style=\"margin-right:5px;\"><div class=\"ult-just-icon-wrapper  \"><div class=\"align-icon\" style=\"text-align:center;\">\n<div class=\"aio-icon circle \"  style=\"color:#dd9933;background:#ffffff;font-size:32px;display:inline-block;\">\n\t<i class=\"icomoon-the7-font-the7-mail-01\"><\/i>\n<\/div><\/div><\/div>\n<\/div><span  data-ultimate-target='#list-icon-wrap-9909 .uavc-list-desc'  data-responsive-json-new='{\"font-size\":\"\",\"line-height\":\"\"}'  class=\"uavc-list-desc ult-responsive\" style=\"\">Planification et conception de mod\u00e8les flexibles<\/span><\/div><\/li><\/ul><\/div>[\/vc_column][vc_column width=\u00a0\u00bb1\/2&Prime;][vc_single_image image=\u00a0\u00bb814&Prime; img_size=\u00a0\u00bbfull\u00a0\u00bb][\/vc_column][\/vc_row][vc_row equal_height=\u00a0\u00bbyes\u00a0\u00bb content_placement=\u00a0\u00bbmiddle\u00a0\u00bb bg_type=\u00a0\u00bbbg_color\u00a0\u00bb bg_override=\u00a0\u00bbfull\u00a0\u00bb css=\u00a0\u00bb.vc_custom_1665501520021{padding-top: 70px !important;padding-bottom: 70px !important;}\u00a0\u00bb bg_color_value=\u00a0\u00bb#8224e3&Prime; el_class=\u00a0\u00bbfont-color-white\u00a0\u00bb][vc_column width=\u00a0\u00bb1\/3&Prime;][vc_column_text]<\/p>\n<h5>Pour votre affichage dynamique<\/h5>\n<h2><strong>Nous vous accompagnons \u00e0 plusieurs niveaux<\/strong><\/h2>\n<p>Notre \u00e9quipe vous accompagne pour cr\u00e9er de la valeur ensemble et co-construire votre affichage num\u00e9rique.[\/vc_column_text]<style type=\"text\/css\" data-type=\"the7_shortcodes-inline-css\">#default-btn-8d1cc6aef224ffac161d9c4ebee1be98.ico-right-side > i {\n  margin-right: 0px;\n  margin-left: 8px;\n}\n#default-btn-8d1cc6aef224ffac161d9c4ebee1be98 > i {\n  margin-right: 8px;\n}\n<\/style><a href=\"#\" class=\"default-btn-shortcode dt-btn dt-btn-m link-hover-off btn-inline-left \" id=\"default-btn-8d1cc6aef224ffac161d9c4ebee1be98\"><span>En savoir plus<\/span><\/a>[\/vc_column][vc_column width=\u00a0\u00bb2\/3&Prime;][vc_row_inner][vc_column_inner width=\u00a0\u00bb1\/3&Prime;]<div class=\"ult-just-icon-wrapper   vc_custom_1665501581889\"><div class=\"align-icon\" style=\"text-align:left;\">\n<div class=\"aio-icon none \"  style=\"color:#ffffff;font-size:32px;\">\n\t<i class=\"icomoon-the7-font-the7-mail-01\"><\/i>\n<\/div><\/div><\/div>[vc_column_text]<\/p>\n<h4>Bien d\u00e9marrer<\/h4>\n<p>Param\u00e9trage<br \/>\nMise en service<br \/>\nFormation utilisateurs<br \/>\nConseil[\/vc_column_text][\/vc_column_inner][vc_column_inner width=\u00a0\u00bb1\/3&Prime;]<div class=\"ult-just-icon-wrapper   vc_custom_1665501581889\"><div class=\"align-icon\" style=\"text-align:left;\">\n<div class=\"aio-icon none \"  style=\"color:#ffffff;font-size:32px;\">\n\t<i class=\"icomoon-the7-font-the7-mail-01\"><\/i>\n<\/div><\/div><\/div>[vc_column_text]<\/p>\n<h4>Bien d\u00e9marrer<\/h4>\n<p>Param\u00e9trage<br \/>\nMise en service<br \/>\nFormation utilisateurs<br \/>\nConseil[\/vc_column_text][\/vc_column_inner][vc_column_inner width=\u00a0\u00bb1\/3&Prime;]<div class=\"ult-just-icon-wrapper   vc_custom_1665501581889\"><div class=\"align-icon\" style=\"text-align:left;\">\n<div class=\"aio-icon none \"  style=\"color:#ffffff;font-size:32px;\">\n\t<i class=\"icomoon-the7-font-the7-mail-01\"><\/i>\n<\/div><\/div><\/div>[vc_column_text]<\/p>\n<h4>Bien d\u00e9marrer<\/h4>\n<p>Param\u00e9trage<br \/>\nMise en service<br \/>\nFormation utilisateurs<br \/>\nConseil[\/vc_column_text][\/vc_column_inner][\/vc_row_inner][\/vc_column][\/vc_row][vc_row css=\u00a0\u00bb.vc_custom_1665500961386{padding-top: 70px !important;padding-bottom: 70px !important;}\u00a0\u00bb][vc_column][vc_column_text]<\/p>\n<h2 style=\"text-align: center;\">Pour tous les secteurs d\u2019activit\u00e9s<\/h2>\n<p>[\/vc_column_text][vc_row_inner gap=\u00a0\u00bb25&Prime;][vc_column_inner el_class=\u00a0\u00bbbloc-shadowed\u00a0\u00bb width=\u00a0\u00bb1\/3&Prime; css=\u00a0\u00bb.vc_custom_1665501448404{padding-top: 30px !important;padding-right: 30px !important;padding-bottom: 30px !important;padding-left: 30px !important;background-color: #ffffff !important;}\u00a0\u00bb]<div class=\"ult-just-icon-wrapper   vc_custom_1665501334291\"><div class=\"align-icon\" style=\"text-align:center;\">\n<div class=\"aio-icon none \"  style=\"color:#333;font-size:32px;display:inline-block;\">\n\t<i class=\"icomoon-the7-font-the7-mail-01\"><\/i>\n<\/div><\/div><\/div>[vc_column_text css=\u00a0\u00bb.vc_custom_1665502347983{margin-bottom: 0px !important;}\u00a0\u00bb]<\/p>\n<h4 style=\"text-align: center;\">\u00c9ducation<\/h4>\n<p style=\"text-align: center;\">Transformer l&rsquo;\u00e9ducation gr\u00e2ce \u00e0 la technologie. G\u00e9rer l&rsquo;affluence des \u00e9tudiants<\/p>\n<p>[\/vc_column_text][\/vc_column_inner][vc_column_inner el_class=\u00a0\u00bbbloc-shadowed\u00a0\u00bb width=\u00a0\u00bb1\/3&Prime; css=\u00a0\u00bb.vc_custom_1665501453847{padding-top: 30px !important;padding-right: 30px !important;padding-bottom: 30px !important;padding-left: 30px !important;background-color: #ffffff !important;}\u00a0\u00bb]<div class=\"ult-just-icon-wrapper   vc_custom_1665501334291\"><div class=\"align-icon\" style=\"text-align:center;\">\n<div class=\"aio-icon none \"  style=\"color:#333;font-size:32px;display:inline-block;\">\n\t<i class=\"icomoon-the7-font-the7-mail-01\"><\/i>\n<\/div><\/div><\/div>[vc_column_text css=\u00a0\u00bb.vc_custom_1665502347983{margin-bottom: 0px !important;}\u00a0\u00bb]<\/p>\n<h4 style=\"text-align: center;\">\u00c9ducation<\/h4>\n<p style=\"text-align: center;\">Transformer l&rsquo;\u00e9ducation gr\u00e2ce \u00e0 la technologie. G\u00e9rer l&rsquo;affluence des \u00e9tudiants<\/p>\n<p>[\/vc_column_text][\/vc_column_inner][vc_column_inner el_class=\u00a0\u00bbbloc-shadowed\u00a0\u00bb width=\u00a0\u00bb1\/3&Prime; css=\u00a0\u00bb.vc_custom_1665501460083{padding-top: 30px !important;padding-right: 30px !important;padding-bottom: 30px !important;padding-left: 30px !important;background-color: #ffffff !important;}\u00a0\u00bb]<div class=\"ult-just-icon-wrapper   vc_custom_1665501334291\"><div class=\"align-icon\" style=\"text-align:center;\">\n<div class=\"aio-icon none \"  style=\"color:#333;font-size:32px;display:inline-block;\">\n\t<i class=\"icomoon-the7-font-the7-mail-01\"><\/i>\n<\/div><\/div><\/div>[vc_column_text css=\u00a0\u00bb.vc_custom_1665502347983{margin-bottom: 0px !important;}\u00a0\u00bb]<\/p>\n<h4 style=\"text-align: center;\">\u00c9ducation<\/h4>\n<p style=\"text-align: center;\">Transformer l&rsquo;\u00e9ducation gr\u00e2ce \u00e0 la technologie. G\u00e9rer l&rsquo;affluence des \u00e9tudiants<\/p>\n<p>[\/vc_column_text][\/vc_column_inner][\/vc_row_inner][vc_row_inner gap=\u00a0\u00bb25&Prime;][vc_column_inner el_class=\u00a0\u00bbbloc-shadowed\u00a0\u00bb width=\u00a0\u00bb1\/3&Prime; css=\u00a0\u00bb.vc_custom_1665501448404{padding-top: 30px !important;padding-right: 30px !important;padding-bottom: 30px !important;padding-left: 30px !important;background-color: #ffffff !important;}\u00a0\u00bb]<div class=\"ult-just-icon-wrapper   vc_custom_1665501334291\"><div class=\"align-icon\" style=\"text-align:center;\">\n<div class=\"aio-icon none \"  style=\"color:#333;font-size:32px;display:inline-block;\">\n\t<i class=\"icomoon-the7-font-the7-mail-01\"><\/i>\n<\/div><\/div><\/div>[vc_column_text css=\u00a0\u00bb.vc_custom_1665502347983{margin-bottom: 0px !important;}\u00a0\u00bb]<\/p>\n<h4 style=\"text-align: center;\">\u00c9ducation<\/h4>\n<p style=\"text-align: center;\">Transformer l&rsquo;\u00e9ducation gr\u00e2ce \u00e0 la technologie. G\u00e9rer l&rsquo;affluence des \u00e9tudiants<\/p>\n<p>[\/vc_column_text][\/vc_column_inner][vc_column_inner el_class=\u00a0\u00bbbloc-shadowed\u00a0\u00bb width=\u00a0\u00bb1\/3&Prime; css=\u00a0\u00bb.vc_custom_1665501453847{padding-top: 30px !important;padding-right: 30px !important;padding-bottom: 30px !important;padding-left: 30px !important;background-color: #ffffff !important;}\u00a0\u00bb]<div class=\"ult-just-icon-wrapper   vc_custom_1665501334291\"><div class=\"align-icon\" style=\"text-align:center;\">\n<div class=\"aio-icon none \"  style=\"color:#333;font-size:32px;display:inline-block;\">\n\t<i class=\"icomoon-the7-font-the7-mail-01\"><\/i>\n<\/div><\/div><\/div>[vc_column_text css=\u00a0\u00bb.vc_custom_1665502347983{margin-bottom: 0px !important;}\u00a0\u00bb]<\/p>\n<h4 style=\"text-align: center;\">\u00c9ducation<\/h4>\n<p style=\"text-align: center;\">Transformer l&rsquo;\u00e9ducation gr\u00e2ce \u00e0 la technologie. G\u00e9rer l&rsquo;affluence des \u00e9tudiants<\/p>\n<p>[\/vc_column_text][\/vc_column_inner][vc_column_inner el_class=\u00a0\u00bbbloc-shadowed\u00a0\u00bb width=\u00a0\u00bb1\/3&Prime; css=\u00a0\u00bb.vc_custom_1665501460083{padding-top: 30px !important;padding-right: 30px !important;padding-bottom: 30px !important;padding-left: 30px !important;background-color: #ffffff !important;}\u00a0\u00bb]<div class=\"ult-just-icon-wrapper   vc_custom_1665501334291\"><div class=\"align-icon\" style=\"text-align:center;\">\n<div class=\"aio-icon none \"  style=\"color:#333;font-size:32px;display:inline-block;\">\n\t<i class=\"icomoon-the7-font-the7-mail-01\"><\/i>\n<\/div><\/div><\/div>[vc_column_text css=\u00a0\u00bb.vc_custom_1665502347983{margin-bottom: 0px !important;}\u00a0\u00bb]<\/p>\n<h4 style=\"text-align: center;\">\u00c9ducation<\/h4>\n<p style=\"text-align: center;\">Transformer l&rsquo;\u00e9ducation gr\u00e2ce \u00e0 la technologie. G\u00e9rer l&rsquo;affluence des \u00e9tudiants<\/p>\n<p>[\/vc_column_text][\/vc_column_inner][\/vc_row_inner][\/vc_column][\/vc_row][vc_row][vc_column][vc_empty_space height=\u00a0\u00bb1em\u00a0\u00bb][\/vc_column][\/vc_row][vc_row][vc_column css=\u00a0\u00bb.vc_custom_1665049401673{border-top-width: 1px !important;border-right-width: 1px !important;border-bottom-width: 1px !important;border-left-width: 1px !important;background: #ffffff url(https:\/\/catchmedia.ca\/fr\/wp-content\/uploads\/2022\/10\/bg-calltoaction02-1.png?id=714) !important;background-position: center !important;background-repeat: no-repeat !important;background-size: cover !important;border-left-color: #ffffff !important;border-left-style: solid !important;border-right-color: #ffffff !important;border-right-style: solid !important;border-top-color: #ffffff !important;border-top-style: solid !important;border-bottom-color: #ffffff !important;border-bottom-style: solid !important;border-radius: 25px !important;}\u00a0\u00bb el_class=\u00a0\u00bbbloc-call-to-action\u00a0\u00bb][vc_empty_space height=\u00a0\u00bb1em\u00a0\u00bb][vc_column_text]<\/p>\n<h3 style=\"text-align: center;\">Quel que soit votre projet Web, mobile ou Logiciel,<br \/>\nLifemoz vous proposera des solutions d\u2019affaires<br \/>\ncompl\u00e8te et personnalis\u00e9es<\/h3>\n<p>[\/vc_column_text]<style type=\"text\/css\" data-type=\"the7_shortcodes-inline-css\">#default-btn-6284db8cf6be3c1f95f511917a47fdc4.ico-right-side > i {\n  margin-right: 0px;\n  margin-left: 8px;\n}\n#default-btn-6284db8cf6be3c1f95f511917a47fdc4 > i {\n  margin-right: 8px;\n}\n<\/style><div class=\"btn-align-center\"><a href=\"https:\/\/catchmedia.ca\/fr\/contact\/\" class=\"default-btn-shortcode dt-btn dt-btn-m link-hover-off \" id=\"default-btn-6284db8cf6be3c1f95f511917a47fdc4\" title=\"Contact\"><span>Parlons de votre projet<\/span><\/a><\/div>[vc_empty_space height=\u00a0\u00bb3em\u00a0\u00bb][\/vc_column][\/vc_row]<\/p>\n<\/section>","protected":false},"excerpt":{"rendered":"<p>[vc_row equal_height=\u00a0\u00bbyes\u00a0\u00bb content_placement=\u00a0\u00bbmiddle\u00a0\u00bb css=\u00a0\u00bb.vc_custom_1664983690613{margin-bottom: 50px !important;}\u00a0\u00bb][vc_column width=\u00a0\u00bb1\/2&Prime;][vc_column_text] Communiquez, cr\u00e9ez et collaborez en \u00e9quipe Une solution flexible et innovante qui dope la productivit\u00e9 des organisations et de leurs collaborateurs.[\/vc_column_text][\/vc_column][vc_column width=\u00a0\u00bb1\/2&Prime;][vc_single_image image=\u00a0\u00bb390&Prime; img_size=\u00a0\u00bbfull\u00a0\u00bb alignment=\u00a0\u00bbcenter\u00a0\u00bb][\/vc_column][\/vc_row][vc_row equal_height=\u00a0\u00bbyes\u00a0\u00bb content_placement=\u00a0\u00bbmiddle\u00a0\u00bb bg_type=\u00a0\u00bbbg_color\u00a0\u00bb bg_override=\u00a0\u00bbfull\u00a0\u00bb bg_color_value=\u00a0\u00bb#ffffff\u00a0\u00bb][vc_column width=\u00a0\u00bb1\/2&Prime;][vc_column_text] Co-construction, personnalisation, accompagnement et maintenance Chaque \u00e9cran d&rsquo;affichage peut \u00eatre pilot\u00e9. notre solution est un outil souple&hellip;<\/p>\n","protected":false},"author":1,"featured_media":0,"parent":0,"menu_order":0,"comment_status":"closed","ping_status":"closed","template":"","meta":{"footnotes":""},"class_list":["post-955","page","type-page","status-publish","hentry","description-off"],"_links":{"self":[{"href":"https:\/\/catchmedia.ca\/fr\/wp-json\/wp\/v2\/pages\/955","targetHints":{"allow":["GET"]}}],"collection":[{"href":"https:\/\/catchmedia.ca\/fr\/wp-json\/wp\/v2\/pages"}],"about":[{"href":"https:\/\/catchmedia.ca\/fr\/wp-json\/wp\/v2\/types\/page"}],"author":[{"embeddable":true,"href":"https:\/\/catchmedia.ca\/fr\/wp-json\/wp\/v2\/users\/1"}],"replies":[{"embeddable":true,"href":"https:\/\/catchmedia.ca\/fr\/wp-json\/wp\/v2\/comments?post=955"}],"version-history":[{"count":3,"href":"https:\/\/catchmedia.ca\/fr\/wp-json\/wp\/v2\/pages\/955\/revisions"}],"predecessor-version":[{"id":2012,"href":"https:\/\/catchmedia.ca\/fr\/wp-json\/wp\/v2\/pages\/955\/revisions\/2012"}],"wp:attachment":[{"href":"https:\/\/catchmedia.ca\/fr\/wp-json\/wp\/v2\/media?parent=955"}],"curies":[{"name":"wp","href":"https:\/\/api.w.org\/{rel}","templated":true}]}}