{"id":437,"date":"2022-10-04T18:23:56","date_gmt":"2022-10-04T16:23:56","guid":{"rendered":"https:\/\/lifemoz.mozenture-dev.com\/?page_id=437"},"modified":"2023-07-18T17:23:09","modified_gmt":"2023-07-18T15:23:09","slug":"upfairs-plateforme-salon-virtuel","status":"publish","type":"page","link":"https:\/\/catchmedia.ca\/fr\/solutions\/upfairs-plateforme-salon-virtuel\/","title":{"rendered":"Upfairs, plateforme de salon virtuel"},"content":{"rendered":"<section class=\"wpb-content-wrapper\"><p>[vc_row equal_height=\u00a0\u00bbyes\u00a0\u00bb content_placement=\u00a0\u00bbmiddle\u00a0\u00bb css=\u00a0\u00bb.vc_custom_1664983690613{margin-bottom: 50px !important;}\u00a0\u00bb][vc_column width=\u00a0\u00bb1\/2&Prime;][vc_single_image image=\u00a0\u00bb1029&Prime; img_size=\u00a0\u00bbfull\u00a0\u00bb alignment=\u00a0\u00bbcenter\u00a0\u00bb el_class=\u00a0\u00bbdisplay-on-mobile\u00a0\u00bb]<div class=\"ult-just-icon-wrapper  \"><div class=\"align-icon\" style=\"text-align:left;\">\n<div class=\"aio-icon-img \" style=\"font-size:240px;display:inline-block;\" >\n\t<img decoding=\"async\" class=\"img-icon\" alt=\"null\" src=\"https:\/\/catchmedia.ca\/fr\/wp-content\/uploads\/2023\/02\/icones-solutions-1-1.png\"\/>\n<\/div><\/div><\/div>[vc_column_text]<\/p>\n<h1>Upfairs : la solution pour organiser vos \u00e9v\u00e9nements en ligne facilement<\/h1>\n<p>Foires, salons professionnels, journ\u00e9es portes ouvertes, \u00e9v\u00e9nements d\u2019entreprise, r\u00e9seautage communautaire, salons de l\u2019emploi\u2026 Avec Upfairs, vous pouvez organiser et g\u00e9rer facilement tous vos \u00e9v\u00e9nements en ligne. Nous vous proposons une plateforme tout-en-un qui vous permet de planifier, promouvoir et g\u00e9rer vos \u00e9v\u00e9nements virtuels en toute simplicit\u00e9. Gagnez du temps et maximisez l&rsquo;impact de vos \u00e9v\u00e9nements en ligne gr\u00e2ce \u00e0 Upfairs.[\/vc_column_text]<style type=\"text\/css\" data-type=\"the7_shortcodes-inline-css\">#default-btn-3a8134990388bebafbf38f18374473cd.ico-right-side > i {\n  margin-right: 0px;\n  margin-left: 8px;\n}\n#default-btn-3a8134990388bebafbf38f18374473cd > i {\n  margin-right: 8px;\n}\n<\/style><a href=\"#secteur-upfairs\" class=\"default-btn-shortcode dt-btn dt-btn-m link-hover-off btn-inline-left \" id=\"default-btn-3a8134990388bebafbf38f18374473cd\"><span>D\u00e9couvrir<\/span><\/a><style type=\"text\/css\" data-type=\"the7_shortcodes-inline-css\">#default-btn-a2c8436bce2f67d86702ac92670e48ea.ico-right-side > i {\n  margin-right: 0px;\n  margin-left: 8px;\n}\n#default-btn-a2c8436bce2f67d86702ac92670e48ea > i {\n  margin-right: 8px;\n}\n<\/style><a href=\"https:\/\/catchmedia.ca\/fr\/contact\/\" class=\"default-btn-shortcode dt-btn dt-btn-m link-hover-off btn-inline-left  vc_custom_1689693761225\" id=\"default-btn-a2c8436bce2f67d86702ac92670e48ea\" title=\"Contact\"><span>Contactez-nous<\/span><\/a>[\/vc_column][vc_column width=\u00a0\u00bb1\/2&Prime;][vc_single_image image=\u00a0\u00bb1029&Prime; img_size=\u00a0\u00bbfull\u00a0\u00bb alignment=\u00a0\u00bbcenter\u00a0\u00bb el_class=\u00a0\u00bbhide-on-mobile\u00a0\u00bb][\/vc_column][\/vc_row][vc_row equal_height=\u00a0\u00bbyes\u00a0\u00bb content_placement=\u00a0\u00bbmiddle\u00a0\u00bb bg_type=\u00a0\u00bbbg_color\u00a0\u00bb bg_override=\u00a0\u00bbfull\u00a0\u00bb css=\u00a0\u00bb.vc_custom_1668178545033{padding-top: 70px !important;padding-bottom: 70px !important;}\u00a0\u00bb bg_color_value=\u00a0\u00bb#5f64da\u00a0\u00bb el_class=\u00a0\u00bbfont-color-white\u00a0\u00bb][vc_column width=\u00a0\u00bb1\/3&Prime;][vc_column_text]<\/p>\n<h5>Pour votre \u00e9v\u00e9nement virtuel<\/h5>\n<h2>Tout dont vous avez besoin<br \/>\npour organiser un salon virtuel r\u00e9ussi<\/h2>\n<p>[\/vc_column_text]<style type=\"text\/css\" data-type=\"the7_shortcodes-inline-css\">#default-btn-3a8134990388bebafbf38f18374473cd.ico-right-side > i {\n  margin-right: 0px;\n  margin-left: 8px;\n}\n#default-btn-3a8134990388bebafbf38f18374473cd > i {\n  margin-right: 8px;\n}\n<\/style><a href=\"#secteur-upfairs\" class=\"default-btn-shortcode dt-btn dt-btn-m link-hover-off btn-inline-left \" id=\"default-btn-3a8134990388bebafbf38f18374473cd\"><span>En savoir plus<\/span><\/a>[\/vc_column][vc_column width=\u00a0\u00bb2\/3&Prime;][vc_row_inner][vc_column_inner width=\u00a0\u00bb1\/3&Prime;]<div class=\"ult-just-icon-wrapper   vc_custom_1668180424141\"><div class=\"align-icon\" style=\"text-align:left;\">\n<div class=\"aio-icon none \"  style=\"color:#ffffff;font-size:32px;\">\n\t<i class=\"icomoon-the7-font-delicious\"><\/i>\n<\/div><\/div><\/div>[vc_column_text]<\/p>\n<h4>Halls, Stand 3D personnalis\u00e9<\/h4>\n<p>Upfairs a con\u00e7u toute une gamme stand 3D adapt\u00e9e \u00e0 vos \u00e9v\u00e9nements et \u00e0 l&rsquo;image de vos exposants.[\/vc_column_text][\/vc_column_inner][vc_column_inner width=\u00a0\u00bb1\/3&Prime;]<div class=\"ult-just-icon-wrapper   vc_custom_1668180446841\"><div class=\"align-icon\" style=\"text-align:left;\">\n<div class=\"aio-icon none \"  style=\"color:#ffffff;font-size:32px;\">\n\t<i class=\"dt-icon-the7-play-alt\"><\/i>\n<\/div><\/div><\/div>[vc_column_text]<\/p>\n<h4>Conf\u00e9rence Live ou pr\u00e9-enregistr\u00e9e<\/h4>\n<p>Notre plateforme vous donne la possibilit\u00e9 d\u2019organiser un nombre illimit\u00e9 de conf\u00e9rences en temps r\u00e9el.[\/vc_column_text][\/vc_column_inner][vc_column_inner width=\u00a0\u00bb1\/3&Prime;]<div class=\"ult-just-icon-wrapper   vc_custom_1668180456316\"><div class=\"align-icon\" style=\"text-align:left;\">\n<div class=\"aio-icon none \"  style=\"color:#ffffff;font-size:32px;\">\n\t<i class=\"icomoon-the7-font-the7-comment-02\"><\/i>\n<\/div><\/div><\/div>[vc_column_text]<\/p>\n<h4>Interaction avec les visiteurs<\/h4>\n<p>Les participants peuvent choisir de communiquer avec les conseillers via la chatbox ou m\u00eame en visioconf\u00e9rence.[\/vc_column_text][\/vc_column_inner][\/vc_row_inner][\/vc_column][\/vc_row][vc_row equal_height=\u00a0\u00bbyes\u00a0\u00bb content_placement=\u00a0\u00bbmiddle\u00a0\u00bb bg_type=\u00a0\u00bbbg_color\u00a0\u00bb bg_override=\u00a0\u00bbfull\u00a0\u00bb bg_color_value=\u00a0\u00bb#ffffff\u00a0\u00bb][vc_column width=\u00a0\u00bb1\/2&Prime;][vc_column_text]<\/p>\n<h2>Tout ce qu\u2019il vous faut pour r\u00e9ussir votre \u00e9v\u00e9nement virtuel<\/h2>\n<p>Avec nos salons professionnels virtuels, vous pourrez recevoir un large public, organiser des conf\u00e9rences live, pr\u00e9senter vos produits, partager vos vid\u00e9os et surtout interagir en direct avec vos prospects et clients.[\/vc_column_text]<div class=\"uavc-list-icon uavc-list-icon-wrapper ult-adjust-bottom-margin   \"><ul class=\"uavc-list\"><li><div class=\"uavc-list-content\" id=\"list-icon-wrap-6124\">\n<div class=\"uavc-list-icon  \" data-animation=\"\" data-animation-delay=\"03\" style=\"margin-right:5px;\"><div class=\"ult-just-icon-wrapper  \"><div class=\"align-icon\" style=\"text-align:center;\">\n<div class=\"aio-icon circle \"  style=\"color:#5f64da;background:#ffffff;font-size:32px;display:inline-block;\">\n\t<i class=\"icomoon-the7-font-the7-comment-00\"><\/i>\n<\/div><\/div><\/div>\n<\/div><span  data-ultimate-target='#list-icon-wrap-6124 .uavc-list-desc'  data-responsive-json-new='{\"font-size\":\"\",\"line-height\":\"\"}'  class=\"uavc-list-desc ult-responsive\" style=\"\">Chat instantan\u00e9<\/span><\/div><\/li><li><div class=\"uavc-list-content\" id=\"list-icon-wrap-7654\">\n<div class=\"uavc-list-icon  \" data-animation=\"\" data-animation-delay=\"03\" style=\"margin-right:5px;\"><div class=\"ult-just-icon-wrapper  \"><div class=\"align-icon\" style=\"text-align:center;\">\n<div class=\"aio-icon circle \"  style=\"color:#5f64da;background:#ffffff;font-size:32px;display:inline-block;\">\n\t<i class=\"icomoon-the7-font-the7-phone-02\"><\/i>\n<\/div><\/div><\/div>\n<\/div><span  data-ultimate-target='#list-icon-wrap-7654 .uavc-list-desc'  data-responsive-json-new='{\"font-size\":\"\",\"line-height\":\"\"}'  class=\"uavc-list-desc ult-responsive\" style=\"\">Une solution 100% responsive<\/span><\/div><\/li><li><div class=\"uavc-list-content\" id=\"list-icon-wrap-3832\">\n<div class=\"uavc-list-icon  \" data-animation=\"\" data-animation-delay=\"03\" style=\"margin-right:5px;\"><div class=\"ult-just-icon-wrapper  \"><div class=\"align-icon\" style=\"text-align:center;\">\n<div class=\"aio-icon circle \"  style=\"color:#5f64da;background:#ffffff;font-size:32px;display:inline-block;\">\n\t<i class=\"icomoon-the7-font-the7-login-00\"><\/i>\n<\/div><\/div><\/div>\n<\/div><span  data-ultimate-target='#list-icon-wrap-3832 .uavc-list-desc'  data-responsive-json-new='{\"font-size\":\"\",\"line-height\":\"\"}'  class=\"uavc-list-desc ult-responsive\" style=\"\">Un serveur web s\u00e9curis\u00e9 et sans limite d&rsquo;utilisateurs<\/span><\/div><\/li><\/ul><\/div>[\/vc_column][vc_column width=\u00a0\u00bb1\/2&Prime;][vc_single_image image=\u00a0\u00bb1037&Prime; img_size=\u00a0\u00bbfull\u00a0\u00bb][\/vc_column][\/vc_row][vc_row css=\u00a0\u00bb.vc_custom_1675074281292{padding-top: 70px !important;padding-bottom: 70px !important;}\u00a0\u00bb el_id=\u00a0\u00bbsecteur-upfairs\u00a0\u00bb][vc_column][vc_column_text]<\/p>\n<h2 style=\"text-align: center;\">Adaptez un salon virtuel \u00e0 votre secteur d\u2019activit\u00e9<\/h2>\n<p>[\/vc_column_text][vc_row_inner gap=\u00a0\u00bb25&Prime;][vc_column_inner el_class=\u00a0\u00bbbloc-shadowed\u00a0\u00bb width=\u00a0\u00bb1\/3&Prime; css=\u00a0\u00bb.vc_custom_1665501448404{padding-top: 30px !important;padding-right: 30px !important;padding-bottom: 30px !important;padding-left: 30px !important;background-color: #ffffff !important;}\u00a0\u00bb]<div class=\"ult-just-icon-wrapper   vc_custom_1668181669394\"><div class=\"align-icon\" style=\"text-align:center;\">\n<div class=\"aio-icon none \"  style=\"color:#333;font-size:32px;display:inline-block;\">\n\t<i class=\"icomoon-the7-font-the7-social-04\"><\/i>\n<\/div><\/div><\/div>[vc_column_text css=\u00a0\u00bb.vc_custom_1668181283176{margin-bottom: 0px !important;}\u00a0\u00bb]<\/p>\n<h4 style=\"text-align: center;\">\u00c9coles &amp; universit\u00e9s<\/h4>\n<p style=\"text-align: center;\">Une nouvelle plateforme adapt\u00e9e aux \u00e9tudiants qui place l\u2019innovation au service de l\u2019orientation 2.0. Dans le cadre des JPO, possibilit\u00e9 de lier le salon \u00e0 une visite virtuelle du campus.<\/p>\n<p>[\/vc_column_text][\/vc_column_inner][vc_column_inner el_class=\u00a0\u00bbbloc-shadowed\u00a0\u00bb width=\u00a0\u00bb1\/3&Prime; css=\u00a0\u00bb.vc_custom_1665501453847{padding-top: 30px !important;padding-right: 30px !important;padding-bottom: 30px !important;padding-left: 30px !important;background-color: #ffffff !important;}\u00a0\u00bb]<div class=\"ult-just-icon-wrapper   vc_custom_1668181656064\"><div class=\"align-icon\" style=\"text-align:center;\">\n<div class=\"aio-icon none \"  style=\"color:#333;font-size:32px;display:inline-block;\">\n\t<i class=\"icomoon-the7-font-the7-cart-04\"><\/i>\n<\/div><\/div><\/div>[vc_column_text css=\u00a0\u00bb.vc_custom_1668181567576{margin-bottom: 0px !important;}\u00a0\u00bb]<\/p>\n<h4 style=\"text-align: center;\">Retail et e-commerce<\/h4>\n<p style=\"text-align: center;\">Plus besoin de vous d\u00e9placer ni d\u2019am\u00e9nager physiquement un stand, ni m\u00eame d\u2019imprimer des brochures ou des flyers. Depuis votre ordinateur\/smartphone, pr\u00e9sentez vos produits dans un espace digital personnalis\u00e9 \u00e0 votre image.<\/p>\n<p>[\/vc_column_text][\/vc_column_inner][vc_column_inner el_class=\u00a0\u00bbbloc-shadowed\u00a0\u00bb width=\u00a0\u00bb1\/3&Prime; css=\u00a0\u00bb.vc_custom_1665501460083{padding-top: 30px !important;padding-right: 30px !important;padding-bottom: 30px !important;padding-left: 30px !important;background-color: #ffffff !important;}\u00a0\u00bb]<div class=\"ult-just-icon-wrapper   vc_custom_1668181644313\"><div class=\"align-icon\" style=\"text-align:center;\">\n<div class=\"aio-icon none \"  style=\"color:#333;font-size:32px;display:inline-block;\">\n\t<i class=\"dt-icon-the7-settings\"><\/i>\n<\/div><\/div><\/div>[vc_column_text css=\u00a0\u00bb.vc_custom_1668181626311{margin-bottom: 0px !important;}\u00a0\u00bb]<\/p>\n<h4 style=\"text-align: center;\">Fournisseurs &amp; enseignes<\/h4>\n<p style=\"text-align: center;\">Valoriser vos partenaires dans des espaces virtuels appropri\u00e9s n\u2019a jamais \u00e9t\u00e9 aussi facile. Un format attractif et ludique qui vous permet d\u2019accueillir un nombre illimit\u00e9 de stands<\/p>\n<p>[\/vc_column_text][\/vc_column_inner][\/vc_row_inner][vc_row_inner gap=\u00a0\u00bb25&Prime;][vc_column_inner el_class=\u00a0\u00bbbloc-shadowed\u00a0\u00bb width=\u00a0\u00bb1\/3&Prime; css=\u00a0\u00bb.vc_custom_1665501448404{padding-top: 30px !important;padding-right: 30px !important;padding-bottom: 30px !important;padding-left: 30px !important;background-color: #ffffff !important;}\u00a0\u00bb]<div class=\"ult-just-icon-wrapper   vc_custom_1668181837029\"><div class=\"align-icon\" style=\"text-align:center;\">\n<div class=\"aio-icon none \"  style=\"color:#333;font-size:32px;display:inline-block;\">\n\t<i class=\"icomoon-the7-font-the7-home-04\"><\/i>\n<\/div><\/div><\/div>[vc_column_text css=\u00a0\u00bb.vc_custom_1668181808474{margin-bottom: 0px !important;}\u00a0\u00bb]<\/p>\n<h4 style=\"text-align: center;\">Institutionnels<\/h4>\n<p style=\"text-align: center;\">Collectivit\u00e9 ou Minist\u00e8re, vous organisez des \u00e9v\u00e9nements sur l\u2019emploi, la mobilit\u00e9 ou l\u2019orientation. R\u00e9pondez aux attentes actuelles en migrant vers un digital respectueux de la plan\u00e8te et des donn\u00e9es personnelles, qui rassemblera sur votre territoire et au-del\u00e0.<\/p>\n<p>[\/vc_column_text][\/vc_column_inner][vc_column_inner el_class=\u00a0\u00bbbloc-shadowed\u00a0\u00bb width=\u00a0\u00bb1\/3&Prime; css=\u00a0\u00bb.vc_custom_1665501453847{padding-top: 30px !important;padding-right: 30px !important;padding-bottom: 30px !important;padding-left: 30px !important;background-color: #ffffff !important;}\u00a0\u00bb]<div class=\"ult-just-icon-wrapper   vc_custom_1668181737138\"><div class=\"align-icon\" style=\"text-align:center;\">\n<div class=\"aio-icon none \"  style=\"color:#333;font-size:32px;display:inline-block;\">\n\t<i class=\"icomoon-the7-font-the7-login-03\"><\/i>\n<\/div><\/div><\/div>[vc_column_text css=\u00a0\u00bb.vc_custom_1668181719015{margin-bottom: 0px !important;}\u00a0\u00bb]<\/p>\n<h4 style=\"text-align: center;\">Forum de recrutement<\/h4>\n<p style=\"text-align: center;\">Rassemblez vos collaborateurs dans un espace virtuel qui permet de rester fid\u00e8le aux valeurs fortes d\u2019un \u00e9v\u00e9nement physique. Mettez l\u2019humain et les \u00e9changes au coeur de ce rendez-vous.<\/p>\n<p>[\/vc_column_text][\/vc_column_inner][vc_column_inner el_class=\u00a0\u00bbbloc-shadowed\u00a0\u00bb width=\u00a0\u00bb1\/3&Prime; css=\u00a0\u00bb.vc_custom_1665501460083{padding-top: 30px !important;padding-right: 30px !important;padding-bottom: 30px !important;padding-left: 30px !important;background-color: #ffffff !important;}\u00a0\u00bb]<div class=\"ult-just-icon-wrapper   vc_custom_1665501334291\"><div class=\"align-icon\" style=\"text-align:center;\">\n<div class=\"aio-icon none \"  style=\"color:#333;font-size:32px;display:inline-block;\">\n\t<i class=\"icomoon-the7-font-the7-mail-01\"><\/i>\n<\/div><\/div><\/div>[vc_column_text css=\u00a0\u00bb.vc_custom_1668181886791{margin-bottom: 0px !important;}\u00a0\u00bb]<\/p>\n<h4 style=\"text-align: center;\">Organisateurs priv\u00e9s<\/h4>\n<p style=\"text-align: center;\">Agence \u00e9v\u00e9nementielles, agence de communication ou entreprises priv\u00e9es, vous avez l\u2019habitude d\u2019organiser vos propres \u00e9v\u00e9nements en pr\u00e9sentiel mais vous recherchez une solution digitale pour limiter les d\u00e9placements et faciliter leur organisation.<\/p>\n<p>[\/vc_column_text][\/vc_column_inner][\/vc_row_inner][\/vc_column][\/vc_row][vc_row][vc_column][vc_empty_space height=\u00a0\u00bb1em\u00a0\u00bb][\/vc_column][\/vc_row][vc_row][vc_column css=\u00a0\u00bb.vc_custom_1676558816755{border-top-width: 1px !important;border-right-width: 1px !important;border-bottom-width: 1px !important;border-left-width: 1px !important;background: #ffffff url(https:\/\/catchmedia.ca\/fr\/wp-content\/uploads\/2023\/02\/bg-calltoaction02-1-1.png?id=1614) !important;background-position: center !important;background-repeat: no-repeat !important;background-size: cover !important;border-left-color: #ffffff !important;border-left-style: solid !important;border-right-color: #ffffff !important;border-right-style: solid !important;border-top-color: #ffffff !important;border-top-style: solid !important;border-bottom-color: #ffffff !important;border-bottom-style: solid !important;border-radius: 25px !important;}\u00a0\u00bb el_class=\u00a0\u00bbbloc-call-to-action\u00a0\u00bb][vc_empty_space height=\u00a0\u00bb1em\u00a0\u00bb][vc_single_image image=\u00a0\u00bb1041&Prime; img_size=\u00a0\u00bbmedium\u00a0\u00bb alignment=\u00a0\u00bbcenter\u00a0\u00bb][vc_column_text]<\/p>\n<h3 style=\"text-align: center;\">Quel que soit votre \u00e9v\u00e9nement,<br \/>\n<strong>CatchMedia <\/strong>vous proposera une solution<br \/>\ncompl\u00e8te et personnalis\u00e9e<\/h3>\n<p>[\/vc_column_text]<style type=\"text\/css\" data-type=\"the7_shortcodes-inline-css\">#default-btn-6284db8cf6be3c1f95f511917a47fdc4.ico-right-side > i {\n  margin-right: 0px;\n  margin-left: 8px;\n}\n#default-btn-6284db8cf6be3c1f95f511917a47fdc4 > i {\n  margin-right: 8px;\n}\n<\/style><div class=\"btn-align-center\"><a href=\"https:\/\/catchmedia.ca\/fr\/contact\/\" class=\"default-btn-shortcode dt-btn dt-btn-m link-hover-off \" id=\"default-btn-6284db8cf6be3c1f95f511917a47fdc4\" title=\"Contact\"><span>Demander une d\u00e9mo<\/span><\/a><\/div>[vc_empty_space height=\u00a0\u00bb3em\u00a0\u00bb][\/vc_column][\/vc_row]<\/p>\n<\/section>","protected":false},"excerpt":{"rendered":"<p>[vc_row equal_height=\u00a0\u00bbyes\u00a0\u00bb content_placement=\u00a0\u00bbmiddle\u00a0\u00bb css=\u00a0\u00bb.vc_custom_1664983690613{margin-bottom: 50px !important;}\u00a0\u00bb][vc_column width=\u00a0\u00bb1\/2&Prime;][vc_single_image image=\u00a0\u00bb1029&Prime; img_size=\u00a0\u00bbfull\u00a0\u00bb alignment=\u00a0\u00bbcenter\u00a0\u00bb el_class=\u00a0\u00bbdisplay-on-mobile\u00a0\u00bb][vc_column_text] Upfairs : la solution pour organiser vos \u00e9v\u00e9nements en ligne facilement Foires, salons professionnels, journ\u00e9es portes ouvertes, \u00e9v\u00e9nements d\u2019entreprise, r\u00e9seautage communautaire, salons de l\u2019emploi\u2026 Avec Upfairs, vous pouvez organiser et g\u00e9rer facilement tous vos \u00e9v\u00e9nements en ligne. Nous vous proposons une plateforme tout-en-un qui&hellip;<\/p>\n","protected":false},"author":1,"featured_media":0,"parent":12,"menu_order":0,"comment_status":"closed","ping_status":"closed","template":"","meta":{"footnotes":""},"class_list":["post-437","page","type-page","status-publish","hentry","description-off"],"_links":{"self":[{"href":"https:\/\/catchmedia.ca\/fr\/wp-json\/wp\/v2\/pages\/437","targetHints":{"allow":["GET"]}}],"collection":[{"href":"https:\/\/catchmedia.ca\/fr\/wp-json\/wp\/v2\/pages"}],"about":[{"href":"https:\/\/catchmedia.ca\/fr\/wp-json\/wp\/v2\/types\/page"}],"author":[{"embeddable":true,"href":"https:\/\/catchmedia.ca\/fr\/wp-json\/wp\/v2\/users\/1"}],"replies":[{"embeddable":true,"href":"https:\/\/catchmedia.ca\/fr\/wp-json\/wp\/v2\/comments?post=437"}],"version-history":[{"count":1,"href":"https:\/\/catchmedia.ca\/fr\/wp-json\/wp\/v2\/pages\/437\/revisions"}],"predecessor-version":[{"id":2056,"href":"https:\/\/catchmedia.ca\/fr\/wp-json\/wp\/v2\/pages\/437\/revisions\/2056"}],"up":[{"embeddable":true,"href":"https:\/\/catchmedia.ca\/fr\/wp-json\/wp\/v2\/pages\/12"}],"wp:attachment":[{"href":"https:\/\/catchmedia.ca\/fr\/wp-json\/wp\/v2\/media?parent=437"}],"curies":[{"name":"wp","href":"https:\/\/api.w.org\/{rel}","templated":true}]}}