{"id":436,"date":"2022-10-04T18:23:42","date_gmt":"2022-10-04T16:23:42","guid":{"rendered":"https:\/\/lifemoz.mozenture-dev.com\/?page_id=436"},"modified":"2023-07-18T17:19:22","modified_gmt":"2023-07-18T15:19:22","slug":"ads2grid-affichage-dynamique","status":"publish","type":"page","link":"https:\/\/catchmedia.ca\/fr\/solutions\/ads2grid-affichage-dynamique\/","title":{"rendered":"ads2grid, solution d&rsquo;affichage dynamique"},"content":{"rendered":"<section class=\"wpb-content-wrapper\"><p>[vc_row equal_height=\u00a0\u00bbyes\u00a0\u00bb content_placement=\u00a0\u00bbmiddle\u00a0\u00bb css=\u00a0\u00bb.vc_custom_1664983690613{margin-bottom: 50px !important;}\u00a0\u00bb][vc_column width=\u00a0\u00bb1\/2&Prime;][vc_single_image image=\u00a0\u00bb1139&Prime; img_size=\u00a0\u00bbfull\u00a0\u00bb alignment=\u00a0\u00bbcenter\u00a0\u00bb el_class=\u00a0\u00bbdisplay-on-mobile\u00a0\u00bb]<div class=\"ult-just-icon-wrapper  \"><div class=\"align-icon\" style=\"text-align:left;\">\n<div class=\"aio-icon-img \" style=\"font-size:240px;display:inline-block;\" >\n\t<img decoding=\"async\" class=\"img-icon\" alt=\"null\" src=\"https:\/\/catchmedia.ca\/fr\/wp-content\/uploads\/2023\/02\/icones-solutions-1-1.png\"\/>\n<\/div><\/div><\/div>[vc_column_text]<\/p>\n<h1>Solution d&rsquo;affichage dynamique pour une communication efficace<\/h1>\n<p>Notre solution d&rsquo;affichage dynamique est con\u00e7ue pour aider votre entreprise \u00e0 communiquer efficacement avec votre audience, qu&rsquo;il s&rsquo;agisse de vos collaborateurs ou de vos clients. Gr\u00e2ce \u00e0 notre technologie innovante, vous pouvez diffuser vos messages sur plusieurs sites et g\u00e9rer votre contenu \u00e0 distance.[\/vc_column_text]<style type=\"text\/css\" data-type=\"the7_shortcodes-inline-css\">#default-btn-e9be553dd23c96ab401c71771250e3cc.ico-right-side > i {\n  margin-right: 0px;\n  margin-left: 8px;\n}\n#default-btn-e9be553dd23c96ab401c71771250e3cc > i {\n  margin-right: 8px;\n}\n<\/style><a href=\"#sec-secteurs\" class=\"default-btn-shortcode dt-btn dt-btn-m link-hover-off btn-inline-left \" id=\"default-btn-e9be553dd23c96ab401c71771250e3cc\"><span>D\u00e9couvrir<\/span><\/a><style type=\"text\/css\" data-type=\"the7_shortcodes-inline-css\">#default-btn-9846415dcfe5d6cb3deac7199c1622f9.ico-right-side > i {\n  margin-right: 0px;\n  margin-left: 8px;\n}\n#default-btn-9846415dcfe5d6cb3deac7199c1622f9 > i {\n  margin-right: 8px;\n}\n<\/style><a href=\"https:\/\/catchmedia.ca\/fr\/contact\/\" class=\"default-btn-shortcode dt-btn dt-btn-m link-hover-off btn-inline-left  vc_custom_1689693458861\" id=\"default-btn-9846415dcfe5d6cb3deac7199c1622f9\" title=\"Contact\"><span>Contactez-nous<\/span><\/a>[\/vc_column][vc_column width=\u00a0\u00bb1\/2&Prime;][vc_single_image image=\u00a0\u00bb1139&Prime; img_size=\u00a0\u00bbfull\u00a0\u00bb alignment=\u00a0\u00bbcenter\u00a0\u00bb el_class=\u00a0\u00bbhide-on-mobile\u00a0\u00bb][\/vc_column][\/vc_row][vc_row equal_height=\u00a0\u00bbyes\u00a0\u00bb content_placement=\u00a0\u00bbmiddle\u00a0\u00bb bg_type=\u00a0\u00bbbg_color\u00a0\u00bb bg_override=\u00a0\u00bbfull\u00a0\u00bb css=\u00a0\u00bb.vc_custom_1668445538799{padding-top: 70px !important;padding-bottom: 70px !important;}\u00a0\u00bb bg_color_value=\u00a0\u00bb#fe7c00&Prime; el_class=\u00a0\u00bbfont-color-white\u00a0\u00bb][vc_column width=\u00a0\u00bb1\/3&Prime;][vc_column_text]<\/p>\n<h5>Pour votre affichage dynamique<\/h5>\n<h2><strong>Nous vous accompagnons \u00e0 plusieurs niveaux<\/strong><\/h2>\n<p>Notre \u00e9quipe vous accompagne pour cr\u00e9er de la valeur ensemble et co-construire votre affichage num\u00e9rique.[\/vc_column_text]<style type=\"text\/css\" data-type=\"the7_shortcodes-inline-css\">#default-btn-e9be553dd23c96ab401c71771250e3cc.ico-right-side > i {\n  margin-right: 0px;\n  margin-left: 8px;\n}\n#default-btn-e9be553dd23c96ab401c71771250e3cc > i {\n  margin-right: 8px;\n}\n<\/style><a href=\"#sec-secteurs\" class=\"default-btn-shortcode dt-btn dt-btn-m link-hover-off btn-inline-left \" id=\"default-btn-e9be553dd23c96ab401c71771250e3cc\"><span>Vous voulez en savoir plus ?<\/span><\/a>[\/vc_column][vc_column width=\u00a0\u00bb2\/3&Prime;][vc_row_inner][vc_column_inner width=\u00a0\u00bb1\/3&Prime;]<div class=\"ult-just-icon-wrapper   vc_custom_1665510228839\"><div class=\"align-icon\" style=\"text-align:left;\">\n<div class=\"aio-icon none \"  style=\"color:#ffffff;font-size:32px;\">\n\t<i class=\"icomoon-the7-font-the7-arrow-21\"><\/i>\n<\/div><\/div><\/div>[vc_column_text]<\/p>\n<h4>Bien d\u00e9marrer<\/h4>\n<p>Param\u00e9trage<br \/>\nMise en service<br \/>\nFormation utilisateurs<br \/>\nConseil[\/vc_column_text][\/vc_column_inner][vc_column_inner width=\u00a0\u00bb1\/3&Prime;]<div class=\"ult-just-icon-wrapper   vc_custom_1665510241687\"><div class=\"align-icon\" style=\"text-align:left;\">\n<div class=\"aio-icon none \"  style=\"color:#ffffff;font-size:32px;\">\n\t<i class=\"icomoon-the7-font-the7-arrow-21\"><\/i>\n<\/div><\/div><\/div>[vc_column_text]<\/p>\n<h4>Bien utiliser<\/h4>\n<p>Support technique<br \/>\nMaintenance solution et mat\u00e9rielle<br \/>\nAccompagnement[\/vc_column_text][\/vc_column_inner][vc_column_inner width=\u00a0\u00bb1\/3&Prime;]<div class=\"ult-just-icon-wrapper   vc_custom_1665510257927\"><div class=\"align-icon\" style=\"text-align:left;\">\n<div class=\"aio-icon none \"  style=\"color:#ffffff;font-size:32px;\">\n\t<i class=\"icomoon-the7-font-the7-arrow-21\"><\/i>\n<\/div><\/div><\/div>[vc_column_text]<\/p>\n<h4>Concevoir le sp\u00e9cifique<\/h4>\n<p>Fonctionnalit\u00e9s<br \/>\nS\u00e9curit\u00e9<br \/>\nD\u00e9veloppement sur mesure[\/vc_column_text][\/vc_column_inner][\/vc_row_inner][\/vc_column][\/vc_row][vc_row equal_height=\u00a0\u00bbyes\u00a0\u00bb content_placement=\u00a0\u00bbmiddle\u00a0\u00bb bg_type=\u00a0\u00bbbg_color\u00a0\u00bb bg_override=\u00a0\u00bbfull\u00a0\u00bb bg_color_value=\u00a0\u00bb#ffffff\u00a0\u00bb][vc_column width=\u00a0\u00bb1\/2&Prime;][vc_column_text]<\/p>\n<h5><span style=\"color: #e30613;\">Cr\u00e9er, diffuser et communiquer en temps r\u00e9el !<\/span><\/h5>\n<h2>Une communication en temps r\u00e9el gr\u00e2ce \u00e0 notre solution d\u2019affichage dynamique<\/h2>\n<p>Notre solution d\u2019affichage dynamique vous permet de cr\u00e9er, diffuser et communiquer en temps r\u00e9el sur plusieurs sites. Elle vous offre la possibilit\u00e9 de capter l\u2019attention de vos collaborateurs et d\u2019\u00e9largir votre audience en diffusant des messages percutants et adapt\u00e9s \u00e0 votre secteur d\u2019activit\u00e9.[\/vc_column_text]<div class=\"uavc-list-icon uavc-list-icon-wrapper ult-adjust-bottom-margin   \"><ul class=\"uavc-list\"><li><div class=\"uavc-list-content\" id=\"list-icon-wrap-7877\">\n<div class=\"uavc-list-icon  \" data-animation=\"\" data-animation-delay=\"03\" style=\"margin-right:20px;\"><div class=\"ult-just-icon-wrapper  \"><div class=\"align-icon\" style=\"text-align:center;\">\n<div class=\"aio-icon circle \"  style=\"color:#ffffff;background:#fe7c00;font-size:24px;display:inline-block;\">\n\t<i class=\"icomoon-the7-font-the7-clock-00\"><\/i>\n<\/div><\/div><\/div>\n<\/div><span  data-ultimate-target='#list-icon-wrap-7877 .uavc-list-desc'  data-responsive-json-new='{\"font-size\":\"\",\"line-height\":\"\"}'  class=\"uavc-list-desc ult-responsive\" style=\"\"><strong>Planification et conception de mod\u00e8les flexibles<\/strong><\/span><\/div><\/li><li><div class=\"uavc-list-content\" id=\"list-icon-wrap-5881\">\n<div class=\"uavc-list-icon  \" data-animation=\"\" data-animation-delay=\"03\" style=\"margin-right:20px;\"><div class=\"ult-just-icon-wrapper  \"><div class=\"align-icon\" style=\"text-align:center;\">\n<div class=\"aio-icon circle \"  style=\"color:#ffffff;background:#fe7c00;font-size:24px;display:inline-block;\">\n\t<i class=\"icomoon-the7-font-the7-map-02\"><\/i>\n<\/div><\/div><\/div>\n<\/div><span  data-ultimate-target='#list-icon-wrap-5881 .uavc-list-desc'  data-responsive-json-new='{\"font-size\":\"\",\"line-height\":\"\"}'  class=\"uavc-list-desc ult-responsive\" style=\"\"><strong>Mises a jour centralis\u00e9es en temps r\u00e9el, \u00e0 distance<\/strong><\/span><\/div><\/li><li><div class=\"uavc-list-content\" id=\"list-icon-wrap-8768\">\n<div class=\"uavc-list-icon  \" data-animation=\"\" data-animation-delay=\"03\" style=\"margin-right:20px;\"><div class=\"ult-just-icon-wrapper  \"><div class=\"align-icon\" style=\"text-align:center;\">\n<div class=\"aio-icon circle \"  style=\"color:#ffffff;background:#fe7c00;font-size:24px;display:inline-block;\">\n\t<i class=\"dt-icon-the7-play\"><\/i>\n<\/div><\/div><\/div>\n<\/div><span  data-ultimate-target='#list-icon-wrap-8768 .uavc-list-desc'  data-responsive-json-new='{\"font-size\":\"\",\"line-height\":\"\"}'  class=\"uavc-list-desc ult-responsive\" style=\"\"><strong>Surveillez vos appareils en temps r\u00e9el et soyez r\u00e9gulier en fonction de la disponibilit\u00e9 de l\u2019\u00e9cran.<\/strong><\/span><\/div><\/li><\/ul><\/div>[\/vc_column][vc_column width=\u00a0\u00bb1\/2&Prime;][vc_single_image image=\u00a0\u00bb1022&Prime; img_size=\u00a0\u00bbfull\u00a0\u00bb][\/vc_column][\/vc_row][vc_row css=\u00a0\u00bb.vc_custom_1675074197988{padding-top: 70px !important;padding-bottom: 70px !important;}\u00a0\u00bb el_id=\u00a0\u00bbsec-secteurs\u00a0\u00bb][vc_column][vc_column_text]<\/p>\n<h2 style=\"text-align: center;\">Pour tous les secteurs d\u2019activit\u00e9s<\/h2>\n<p>[\/vc_column_text][vc_row_inner gap=\u00a0\u00bb25&Prime;][vc_column_inner el_class=\u00a0\u00bbbloc-shadowed\u00a0\u00bb width=\u00a0\u00bb1\/3&Prime; css=\u00a0\u00bb.vc_custom_1665501448404{padding-top: 30px !important;padding-right: 30px !important;padding-bottom: 30px !important;padding-left: 30px !important;background-color: #ffffff !important;}\u00a0\u00bb]<div class=\"ult-just-icon-wrapper   vc_custom_1668174991668\"><div class=\"align-icon\" style=\"text-align:center;\">\n<div class=\"aio-icon none \"  style=\"color:#333;font-size:32px;display:inline-block;\">\n\t<i class=\"icomoon-the7-font-the7-more-00\"><\/i>\n<\/div><\/div><\/div>[vc_column_text css=\u00a0\u00bb.vc_custom_1665501878907{margin-bottom: 0px !important;}\u00a0\u00bb]<\/p>\n<h4 style=\"text-align: center;\">\u00c9ducation<\/h4>\n<p style=\"text-align: center;\">Transformer l&rsquo;\u00e9ducation gr\u00e2ce \u00e0 la technologie. G\u00e9rer l&rsquo;affluence des \u00e9tudiants<\/p>\n<p>[\/vc_column_text][\/vc_column_inner][vc_column_inner el_class=\u00a0\u00bbbloc-shadowed\u00a0\u00bb width=\u00a0\u00bb1\/3&Prime; css=\u00a0\u00bb.vc_custom_1665501453847{padding-top: 30px !important;padding-right: 30px !important;padding-bottom: 30px !important;padding-left: 30px !important;background-color: #ffffff !important;}\u00a0\u00bb]<div class=\"ult-just-icon-wrapper   vc_custom_1668175074683\"><div class=\"align-icon\" style=\"text-align:center;\">\n<div class=\"aio-icon none \"  style=\"color:#333;font-size:32px;display:inline-block;\">\n\t<i class=\"dt-icon-the7-play\"><\/i>\n<\/div><\/div><\/div>[vc_column_text css=\u00a0\u00bb.vc_custom_1668175033001{margin-bottom: 0px !important;}\u00a0\u00bb]<\/p>\n<h4 style=\"text-align: center;\">Salles d&rsquo;attente<\/h4>\n<p style=\"text-align: center;\">Regard\u00e9s par 100% des patients, les \u00e9crans d\u2019affichage digital sont le moyen id\u00e9al pour informer et distraire votre patient\u00e8le.<\/p>\n<p>[\/vc_column_text][\/vc_column_inner][vc_column_inner el_class=\u00a0\u00bbbloc-shadowed\u00a0\u00bb width=\u00a0\u00bb1\/3&Prime; css=\u00a0\u00bb.vc_custom_1665501460083{padding-top: 30px !important;padding-right: 30px !important;padding-bottom: 30px !important;padding-left: 30px !important;background-color: #ffffff !important;}\u00a0\u00bb]<div class=\"ult-just-icon-wrapper   vc_custom_1668175184343\"><div class=\"align-icon\" style=\"text-align:center;\">\n<div class=\"aio-icon none \"  style=\"color:#333;font-size:32px;display:inline-block;\">\n\t<i class=\"icomoon-the7-font-the7-link-00\"><\/i>\n<\/div><\/div><\/div>[vc_column_text css=\u00a0\u00bb.vc_custom_1668175117302{margin-bottom: 0px !important;}\u00a0\u00bb]<\/p>\n<h4 style=\"text-align: center;\">Entreprise<\/h4>\n<p style=\"text-align: center;\">Communiquez plus intelligemment, alignez les employ\u00e9s, augmentez la productivit\u00e9.<\/p>\n<p>[\/vc_column_text][\/vc_column_inner][\/vc_row_inner][vc_row_inner gap=\u00a0\u00bb25&Prime;][vc_column_inner el_class=\u00a0\u00bbbloc-shadowed\u00a0\u00bb width=\u00a0\u00bb1\/3&Prime; css=\u00a0\u00bb.vc_custom_1665501448404{padding-top: 30px !important;padding-right: 30px !important;padding-bottom: 30px !important;padding-left: 30px !important;background-color: #ffffff !important;}\u00a0\u00bb]<div class=\"ult-just-icon-wrapper   vc_custom_1668175228871\"><div class=\"align-icon\" style=\"text-align:center;\">\n<div class=\"aio-icon none \"  style=\"color:#333;font-size:32px;display:inline-block;\">\n\t<i class=\"icomoon-the7-font-the7-cart-04\"><\/i>\n<\/div><\/div><\/div>[vc_column_text css=\u00a0\u00bb.vc_custom_1668175210262{margin-bottom: 0px !important;}\u00a0\u00bb]<\/p>\n<h4 style=\"text-align: center;\">Points de vente<\/h4>\n<p style=\"text-align: center;\">Communiquez avec proximit\u00e9 vers vos clients avec l\u2019affichage dynamique dans vos diff\u00e9rents points de vente<\/p>\n<p>[\/vc_column_text][\/vc_column_inner][vc_column_inner el_class=\u00a0\u00bbbloc-shadowed\u00a0\u00bb width=\u00a0\u00bb1\/3&Prime; css=\u00a0\u00bb.vc_custom_1665501453847{padding-top: 30px !important;padding-right: 30px !important;padding-bottom: 30px !important;padding-left: 30px !important;background-color: #ffffff !important;}\u00a0\u00bb]<div class=\"ult-just-icon-wrapper   vc_custom_1668175395180\"><div class=\"align-icon\" style=\"text-align:center;\">\n<div class=\"aio-icon none \"  style=\"color:#333;font-size:32px;display:inline-block;\">\n\t<i class=\"dt-icon-the7-misc-006-2\"><\/i>\n<\/div><\/div><\/div>[vc_column_text css=\u00a0\u00bb.vc_custom_1668175338300{margin-bottom: 0px !important;}\u00a0\u00bb]<\/p>\n<h4 style=\"text-align: center;\">Restauration<\/h4>\n<p style=\"text-align: center;\">Un logiciel d&rsquo;affichage dynamique vous permet de mettre \u00e0 jour votre menu en quelques instants, en \u00e9vitant de remplacer les tableaux de menus traditionnels<\/p>\n<p>[\/vc_column_text][\/vc_column_inner][vc_column_inner el_class=\u00a0\u00bbbloc-shadowed\u00a0\u00bb width=\u00a0\u00bb1\/3&Prime; css=\u00a0\u00bb.vc_custom_1665501460083{padding-top: 30px !important;padding-right: 30px !important;padding-bottom: 30px !important;padding-left: 30px !important;background-color: #ffffff !important;}\u00a0\u00bb]<div class=\"ult-just-icon-wrapper   vc_custom_1668175530656\"><div class=\"align-icon\" style=\"text-align:center;\">\n<div class=\"aio-icon none \"  style=\"color:#333;font-size:32px;display:inline-block;\">\n\t<i class=\"icomoon-the7-font-the7-home-04\"><\/i>\n<\/div><\/div><\/div>[vc_column_text css=\u00a0\u00bb.vc_custom_1668175516735{margin-bottom: 0px !important;}\u00a0\u00bb]<\/p>\n<h4 style=\"text-align: center;\">Administration<\/h4>\n<p style=\"text-align: center;\">L\u2019affichage dynamique est un vecteur de communication tr\u00e8s int\u00e9ressant pour faciliter les d\u00e9marches administratives.<\/p>\n<p>[\/vc_column_text][\/vc_column_inner][\/vc_row_inner][\/vc_column][\/vc_row][vc_row][vc_column][vc_empty_space height=\u00a0\u00bb1em\u00a0\u00bb][\/vc_column][\/vc_row][vc_row][vc_column css=\u00a0\u00bb.vc_custom_1676558677068{border-top-width: 1px !important;border-right-width: 1px !important;border-bottom-width: 1px !important;border-left-width: 1px !important;background: #ffffff url(https:\/\/catchmedia.ca\/fr\/wp-content\/uploads\/2023\/02\/bg-calltoaction02-1-1.png?id=1614) !important;background-position: center !important;background-repeat: no-repeat !important;background-size: cover !important;border-left-color: #ffffff !important;border-left-style: solid !important;border-right-color: #ffffff !important;border-right-style: solid !important;border-top-color: #ffffff !important;border-top-style: solid !important;border-bottom-color: #ffffff !important;border-bottom-style: solid !important;border-radius: 25px !important;}\u00a0\u00bb el_class=\u00a0\u00bbbloc-call-to-action\u00a0\u00bb][vc_empty_space height=\u00a0\u00bb1em\u00a0\u00bb][vc_single_image image=\u00a0\u00bb1043&Prime; img_size=\u00a0\u00bbmedium\u00a0\u00bb alignment=\u00a0\u00bbcenter\u00a0\u00bb][vc_column_text]<\/p>\n<h3 style=\"text-align: center;\">\u00cates-vous curieux d\u2019en apprendre davantage<br \/>\nsur notre solution d&rsquo;affichage dynamique ?<br \/>\nParlez-nous de votre projet et concr\u00e9tisons-le ensemble.<\/h3>\n<p>[\/vc_column_text]<style type=\"text\/css\" data-type=\"the7_shortcodes-inline-css\">#default-btn-6284db8cf6be3c1f95f511917a47fdc4.ico-right-side > i {\n  margin-right: 0px;\n  margin-left: 8px;\n}\n#default-btn-6284db8cf6be3c1f95f511917a47fdc4 > i {\n  margin-right: 8px;\n}\n<\/style><div class=\"btn-align-center\"><a href=\"https:\/\/catchmedia.ca\/fr\/contact\/\" class=\"default-btn-shortcode dt-btn dt-btn-m link-hover-off \" id=\"default-btn-6284db8cf6be3c1f95f511917a47fdc4\" title=\"Contact\"><span>Demander une d\u00e9mo<\/span><\/a><\/div>[vc_empty_space height=\u00a0\u00bb3em\u00a0\u00bb][\/vc_column][\/vc_row]<\/p>\n<\/section>","protected":false},"excerpt":{"rendered":"<p>[vc_row equal_height=\u00a0\u00bbyes\u00a0\u00bb content_placement=\u00a0\u00bbmiddle\u00a0\u00bb css=\u00a0\u00bb.vc_custom_1664983690613{margin-bottom: 50px !important;}\u00a0\u00bb][vc_column width=\u00a0\u00bb1\/2&Prime;][vc_single_image image=\u00a0\u00bb1139&Prime; img_size=\u00a0\u00bbfull\u00a0\u00bb alignment=\u00a0\u00bbcenter\u00a0\u00bb el_class=\u00a0\u00bbdisplay-on-mobile\u00a0\u00bb][vc_column_text] Solution d&rsquo;affichage dynamique pour une communication efficace Notre solution d&rsquo;affichage dynamique est con\u00e7ue pour aider votre entreprise \u00e0 communiquer efficacement avec votre audience, qu&rsquo;il s&rsquo;agisse de vos collaborateurs ou de vos clients. Gr\u00e2ce \u00e0 notre technologie innovante, vous pouvez diffuser vos messages sur plusieurs&hellip;<\/p>\n","protected":false},"author":1,"featured_media":0,"parent":12,"menu_order":0,"comment_status":"closed","ping_status":"closed","template":"","meta":{"footnotes":""},"class_list":["post-436","page","type-page","status-publish","hentry","description-off"],"_links":{"self":[{"href":"https:\/\/catchmedia.ca\/fr\/wp-json\/wp\/v2\/pages\/436","targetHints":{"allow":["GET"]}}],"collection":[{"href":"https:\/\/catchmedia.ca\/fr\/wp-json\/wp\/v2\/pages"}],"about":[{"href":"https:\/\/catchmedia.ca\/fr\/wp-json\/wp\/v2\/types\/page"}],"author":[{"embeddable":true,"href":"https:\/\/catchmedia.ca\/fr\/wp-json\/wp\/v2\/users\/1"}],"replies":[{"embeddable":true,"href":"https:\/\/catchmedia.ca\/fr\/wp-json\/wp\/v2\/comments?post=436"}],"version-history":[{"count":2,"href":"https:\/\/catchmedia.ca\/fr\/wp-json\/wp\/v2\/pages\/436\/revisions"}],"predecessor-version":[{"id":2053,"href":"https:\/\/catchmedia.ca\/fr\/wp-json\/wp\/v2\/pages\/436\/revisions\/2053"}],"up":[{"embeddable":true,"href":"https:\/\/catchmedia.ca\/fr\/wp-json\/wp\/v2\/pages\/12"}],"wp:attachment":[{"href":"https:\/\/catchmedia.ca\/fr\/wp-json\/wp\/v2\/media?parent=436"}],"curies":[{"name":"wp","href":"https:\/\/api.w.org\/{rel}","templated":true}]}}