{"id":417,"date":"2022-10-04T18:17:32","date_gmt":"2022-10-04T16:17:32","guid":{"rendered":"https:\/\/lifemoz.mozenture-dev.com\/?page_id=417"},"modified":"2023-07-18T13:23:01","modified_gmt":"2023-07-18T11:23:01","slug":"developpement-sur-mesure","status":"publish","type":"page","link":"https:\/\/catchmedia.ca\/fr\/nos-expertises\/developpement-sur-mesure\/","title":{"rendered":"D\u00e9veloppement sur-mesure"},"content":{"rendered":"<section class=\"wpb-content-wrapper\"><p>[vc_row equal_height=\u00a0\u00bbyes\u00a0\u00bb content_placement=\u00a0\u00bbmiddle\u00a0\u00bb css=\u00a0\u00bb.vc_custom_1664983690613{margin-bottom: 50px !important;}\u00a0\u00bb][vc_column width=\u00a0\u00bb1\/2&Prime;][vc_single_image image=\u00a0\u00bb972&Prime; img_size=\u00a0\u00bbfull\u00a0\u00bb alignment=\u00a0\u00bbcenter\u00a0\u00bb el_class=\u00a0\u00bbdisplay-on-mobile\u00a0\u00bb][vc_column_text]<\/p>\n<h1>Confiez votre projet de d\u00e9veloppement sur mesure \u00e0 des professionnels<\/h1>\n<p>Pour un d\u00e9veloppement personnalis\u00e9 r\u00e9ussi, il est essentiel de s&rsquo;appuyer sur l&rsquo;expertise d&rsquo;une entreprise sp\u00e9cialis\u00e9e telle que <strong>CatchMedia<\/strong>, qui dispose des comp\u00e9tences et des ressources n\u00e9cessaires pour assurer la qualit\u00e9 et l&rsquo;efficacit\u00e9 de votre projet.[\/vc_column_text]<style type=\"text\/css\" data-type=\"the7_shortcodes-inline-css\">#default-btn-ebda056cbf81b2ad0b419da816c851a5.ico-right-side > i {\n  margin-right: 0px;\n  margin-left: 8px;\n}\n#default-btn-ebda056cbf81b2ad0b419da816c851a5 > i {\n  margin-right: 8px;\n}\n<\/style><a href=\"#sec-surmesure\" class=\"default-btn-shortcode dt-btn dt-btn-m link-hover-off btn-inline-left \" id=\"default-btn-ebda056cbf81b2ad0b419da816c851a5\"><span>D\u00e9couvrir<\/span><\/a><style type=\"text\/css\" data-type=\"the7_shortcodes-inline-css\">#default-btn-87ef3e3997ab9910c7089b1109a9c346.ico-right-side > i {\n  margin-right: 0px;\n  margin-left: 8px;\n}\n#default-btn-87ef3e3997ab9910c7089b1109a9c346 > i {\n  margin-right: 8px;\n}\n<\/style><a href=\"https:\/\/catchmedia.ca\/fr\/contact\/\" class=\"default-btn-shortcode dt-btn dt-btn-m link-hover-off btn-inline-left  vc_custom_1689679302254\" id=\"default-btn-87ef3e3997ab9910c7089b1109a9c346\" title=\"Contact\"><span>Contactez-nous<\/span><\/a>[\/vc_column][vc_column width=\u00a0\u00bb1\/2&Prime;][vc_single_image image=\u00a0\u00bb1655&Prime; img_size=\u00a0\u00bbfull\u00a0\u00bb alignment=\u00a0\u00bbcenter\u00a0\u00bb el_class=\u00a0\u00bbhide-on-mobile\u00a0\u00bb][\/vc_column][\/vc_row][vc_row full_width=\u00a0\u00bbstretch_row_content_no_spaces\u00a0\u00bb equal_height=\u00a0\u00bbyes\u00a0\u00bb content_placement=\u00a0\u00bbmiddle\u00a0\u00bb bg_type=\u00a0\u00bbbg_color\u00a0\u00bb bg_color_value=\u00a0\u00bb#ffffff\u00a0\u00bb el_id=\u00a0\u00bbsec-surmesure\u00a0\u00bb][vc_column width=\u00a0\u00bb1\/2&Prime; css=\u00a0\u00bb.vc_custom_1665503766478{background-image: url(https:\/\/catchmedia.ca\/fr\/wp-content\/uploads\/2022\/10\/john-schnobrich-FlPc9_VocJ4-unsplash-1.jpg?id=861) !important;background-position: center !important;background-repeat: no-repeat !important;background-size: cover !important;}\u00a0\u00bb][\/vc_column][vc_column width=\u00a0\u00bb1\/2&Prime; css=\u00a0\u00bb.vc_custom_1665506297967{margin-top: 0px !important;margin-bottom: 0px !important;padding-bottom: 70px !important;}\u00a0\u00bb][vc_column_text css=\u00a0\u00bb.vc_custom_1688998905853{margin-top: 0px !important;margin-bottom: 15px !important;padding-top: 35px !important;padding-right: 35px !important;padding-bottom: 15px !important;padding-left: 35px !important;}\u00a0\u00bb]<\/p>\n<h2>Des solutions informatiques sur mesure pour r\u00e9pondre \u00e0 vos besoins uniques<\/h2>\n<p>Chez <strong>CatchMedia<\/strong>, nous croyons que chaque probl\u00e8me est unique et m\u00e9rite une solution personnalis\u00e9e. C&rsquo;est pourquoi nous offrons des solutions de d\u00e9veloppement sur mesure qui permettent d&rsquo;adapter vos projets \u00e0 vos processus sp\u00e9cifiques, et non l&rsquo;inverse. Nos d\u00e9veloppements informatiques sont con\u00e7us pour r\u00e9pondre aux moindres d\u00e9tails de vos besoins, offrant une grande souplesse et une forte capacit\u00e9 d&rsquo;\u00e9volution. Avec notre approche centr\u00e9e sur le client, nous nous engageons \u00e0 fournir des solutions qui s&rsquo;adaptent \u00e0 vous, et non l&rsquo;inverse.[\/vc_column_text]<style type=\"text\/css\" data-type=\"the7_shortcodes-inline-css\">#default-btn-a2e9a236e106f1cab010bf6ef49a213c.ico-right-side > i {\n  margin-right: 0px;\n  margin-left: 8px;\n}\n#default-btn-a2e9a236e106f1cab010bf6ef49a213c > i {\n  margin-right: 8px;\n}\n<\/style><a href=\"https:\/\/catchmedia.ca\/fr\/contact\/\" class=\"default-btn-shortcode dt-btn dt-btn-m link-hover-off btn-inline-left  vc_custom_1689679314984\" id=\"default-btn-a2e9a236e106f1cab010bf6ef49a213c\" title=\"Contact\"><span>Nous confier votre projet<\/span><\/a>[\/vc_column][\/vc_row][vc_row css=\u00a0\u00bb.vc_custom_1665506928810{padding-top: 50px !important;padding-bottom: 70px !important;}\u00a0\u00bb][vc_column width=\u00a0\u00bb1\/6&Prime;][\/vc_column][vc_column width=\u00a0\u00bb2\/3&Prime;][vc_column_text el_class=\u00a0\u00bbtxt-citation\u00a0\u00bb]<\/p>\n<h3 style=\"text-align: center;\">\u00ab\u00a0Adapter vos logiciels de gestion \u00e0 vos processus, \u00e0 vos diff\u00e9rences, \u00e0 vos atouts, bref, cr\u00e9er un logiciel sur mesure pour vos propres besoins.\u00a0\u00bb<\/h3>\n<p>[\/vc_column_text][vc_row_inner el_class=\u00a0\u00bbbtn-centered\u00a0\u00bb][vc_column_inner]<style type=\"text\/css\" data-type=\"the7_shortcodes-inline-css\">#default-btn-6b268738b41e98d9fac936525f83378b.ico-right-side > i {\n  margin-right: 0px;\n  margin-left: 8px;\n}\n#default-btn-6b268738b41e98d9fac936525f83378b > i {\n  margin-right: 8px;\n}\n<\/style><a href=\"https:\/\/catchmedia.ca\/fr\/realisations\/\" class=\"default-btn-shortcode dt-btn dt-btn-m link-hover-off btn-inline-left  vc_custom_1689679330270\" id=\"default-btn-6b268738b41e98d9fac936525f83378b\" title=\"R\u00e9alisations\"><span>Nos r\u00e9alisations<\/span><\/a><style type=\"text\/css\" data-type=\"the7_shortcodes-inline-css\">#default-btn-298d1d04b2c191e188826eba538804c5.ico-right-side > i {\n  margin-right: 0px;\n  margin-left: 8px;\n}\n#default-btn-298d1d04b2c191e188826eba538804c5 > i {\n  margin-right: 8px;\n}\n<\/style><a href=\"https:\/\/catchmedia.ca\/fr\/contact\/\" class=\"default-btn-shortcode dt-btn dt-btn-m link-hover-off btn-reversed btn-inline-right  vc_custom_1689679345237\" id=\"default-btn-298d1d04b2c191e188826eba538804c5\" title=\"Contact\"><span>On en discute ?<\/span><\/a>[\/vc_column_inner][\/vc_row_inner][\/vc_column][vc_column width=\u00a0\u00bb1\/6&Prime;][\/vc_column][\/vc_row][vc_row css=\u00a0\u00bb.vc_custom_1665506230925{padding-top: 50px !important;}\u00a0\u00bb][vc_column width=\u00a0\u00bb1\/2&Prime;][vc_column_text]<\/p>\n<h5><span style=\"color: #e30613;\">Faites le bon choix d&rsquo;une app personnalis\u00e9e<\/span><\/h5>\n<h2>Un accompagnement personnalis\u00e9 pour une adoption r\u00e9ussie<\/h2>\n<p>Chez <strong>CatchMedia<\/strong>, nous comprenons que fournir un outil adapt\u00e9 \u00e0 votre organisation ne suffit pas &#8211; il est tout aussi important que cet outil soit adopt\u00e9 par vos \u00e9quipes. C&rsquo;est pourquoi nous offrons un accompagnement personnalis\u00e9 pour assurer une adoption r\u00e9ussie de vos solutions. Nos consultants travaillent en amont avec les futurs utilisateurs de l&rsquo;outil pour comprendre leurs besoins et pr\u00e9parer des ateliers sur mesure. Nous offrons \u00e9galement une formation pour garantir un d\u00e9ploiement r\u00e9ussi de l&rsquo;outil. Avec notre approche ax\u00e9e sur le client, nous nous engageons \u00e0 vous aider \u00e0 r\u00e9ussir la conduite du changement et \u00e0 assurer une adoption r\u00e9ussie de vos solutions.[\/vc_column_text]<style type=\"text\/css\" data-type=\"the7_shortcodes-inline-css\">#default-btn-fb20513fb175d3a9453b75ede68e7b4e.ico-right-side > i {\n  margin-right: 0px;\n  margin-left: 8px;\n}\n#default-btn-fb20513fb175d3a9453b75ede68e7b4e > i {\n  margin-right: 8px;\n}\n<\/style><a href=\"https:\/\/catchmedia.ca\/fr\/contact\/\" class=\"default-btn-shortcode dt-btn dt-btn-m link-hover-off btn-inline-left \" id=\"default-btn-fb20513fb175d3a9453b75ede68e7b4e\" title=\"Contact\"><span>Nous confier votre projet<\/span><\/a>[\/vc_column][vc_column width=\u00a0\u00bb1\/2&Prime;][vc_tta_accordion title_tag=\u00a0\u00bbh4&Prime; style=\u00a0\u00bbflat\u00a0\u00bb c_icon=\u00a0\u00bbchevron\u00a0\u00bb c_position=\u00a0\u00bbright\u00a0\u00bb active_section=\u00a0\u00bb\u00a0\u00bb no_fill=\u00a0\u00bbtrue\u00a0\u00bb css=\u00a0\u00bb.vc_custom_1665504569739{padding-top: 10px !important;padding-bottom: 10px !important;}\u00a0\u00bb][vc_tta_section i_icon_fontawesome=\u00a0\u00bbfas fa-code\u00a0\u00bb add_icon=\u00a0\u00bbtrue\u00a0\u00bb title=\u00a0\u00bbLogiciel pour Entreprise\u00a0\u00bb tab_id=\u00a0\u00bb1665504324768-3efdd481-0055&Prime;][vc_column_text]D\u00e9veloppement de logiciel sur mesure pour une solution 100% adapt\u00e9e \u00e0 votre m\u00e9tier et \u00e0 votre budget.[\/vc_column_text][\/vc_tta_section][vc_tta_section i_icon_fontawesome=\u00a0\u00bbfas fa-database\u00a0\u00bb add_icon=\u00a0\u00bbtrue\u00a0\u00bb title=\u00a0\u00bbModules M\u00e9tiers &amp; Connecteurs\u00a0\u00bb tab_id=\u00a0\u00bb1665504324322-4d0c6633-c63c\u00a0\u00bb][vc_column_text]Adaptons ensemble vos logiciels d\u2019entreprise d\u00e9j\u00e0 existants pour r\u00e9pondre \u00e0 vos besoins actuels.[\/vc_column_text][\/vc_tta_section][vc_tta_section i_icon_fontawesome=\u00a0\u00bbfas fa-tablet\u00a0\u00bb add_icon=\u00a0\u00bbtrue\u00a0\u00bb title=\u00a0\u00bbApplication sur Mesure : Mobile &amp; Web\u00a0\u00bb tab_id=\u00a0\u00bb1665504323721-7ddb14a2-3ca3&Prime;][vc_column_text]D\u00e9couvrez le d\u00e9veloppement de solutions mobiles pour une plus grande facilit\u00e9 d\u2019utilisation dans votre entreprise.[\/vc_column_text][\/vc_tta_section][\/vc_tta_accordion][\/vc_column][\/vc_row][vc_row][vc_column][vc_empty_space height=\u00a0\u00bb4em\u00a0\u00bb][\/vc_column][\/vc_row][vc_row][vc_column css=\u00a0\u00bb.vc_custom_1676560042952{border-top-width: 1px !important;border-right-width: 1px !important;border-bottom-width: 1px !important;border-left-width: 1px !important;background: #ffffff url(https:\/\/catchmedia.ca\/fr\/wp-content\/uploads\/2023\/02\/bg-calltoaction02-1-1.png?id=1614) !important;background-position: center !important;background-repeat: no-repeat !important;background-size: cover !important;border-left-color: #ffffff !important;border-left-style: solid !important;border-right-color: #ffffff !important;border-right-style: solid !important;border-top-color: #ffffff !important;border-top-style: solid !important;border-bottom-color: #ffffff !important;border-bottom-style: solid !important;border-radius: 25px !important;}\u00a0\u00bb el_class=\u00a0\u00bbbloc-call-to-action\u00a0\u00bb][vc_empty_space height=\u00a0\u00bb1em\u00a0\u00bb][vc_column_text]<\/p>\n<h3 style=\"text-align: center;\">Avez-vous un projet de d\u00e9veloppement sur-mesure ?<br \/>\n<strong>CatchMedia <\/strong>vous proposera des solutions<br \/>\ncompl\u00e8tes et personnalis\u00e9es<\/h3>\n<p>[\/vc_column_text]<style type=\"text\/css\" data-type=\"the7_shortcodes-inline-css\">#default-btn-6284db8cf6be3c1f95f511917a47fdc4.ico-right-side > i {\n  margin-right: 0px;\n  margin-left: 8px;\n}\n#default-btn-6284db8cf6be3c1f95f511917a47fdc4 > i {\n  margin-right: 8px;\n}\n<\/style><div class=\"btn-align-center\"><a href=\"https:\/\/catchmedia.ca\/fr\/contact\/\" class=\"default-btn-shortcode dt-btn dt-btn-m link-hover-off \" id=\"default-btn-6284db8cf6be3c1f95f511917a47fdc4\" title=\"Contact\"><span>Parlons de votre projet<\/span><\/a><\/div>[vc_empty_space height=\u00a0\u00bb3em\u00a0\u00bb][\/vc_column][\/vc_row]<\/p>\n<\/section>","protected":false},"excerpt":{"rendered":"<p>[vc_row equal_height=\u00a0\u00bbyes\u00a0\u00bb content_placement=\u00a0\u00bbmiddle\u00a0\u00bb css=\u00a0\u00bb.vc_custom_1664983690613{margin-bottom: 50px !important;}\u00a0\u00bb][vc_column width=\u00a0\u00bb1\/2&Prime;][vc_single_image image=\u00a0\u00bb972&Prime; img_size=\u00a0\u00bbfull\u00a0\u00bb alignment=\u00a0\u00bbcenter\u00a0\u00bb el_class=\u00a0\u00bbdisplay-on-mobile\u00a0\u00bb][vc_column_text] Confiez votre projet de d\u00e9veloppement sur mesure \u00e0 des professionnels Pour un d\u00e9veloppement personnalis\u00e9 r\u00e9ussi, il est essentiel de s&rsquo;appuyer sur l&rsquo;expertise d&rsquo;une entreprise sp\u00e9cialis\u00e9e telle que CatchMedia, qui dispose des comp\u00e9tences et des ressources n\u00e9cessaires pour assurer la qualit\u00e9 et l&rsquo;efficacit\u00e9 de votre&hellip;<\/p>\n","protected":false},"author":1,"featured_media":0,"parent":10,"menu_order":0,"comment_status":"closed","ping_status":"closed","template":"","meta":{"footnotes":""},"class_list":["post-417","page","type-page","status-publish","hentry","description-off"],"_links":{"self":[{"href":"https:\/\/catchmedia.ca\/fr\/wp-json\/wp\/v2\/pages\/417","targetHints":{"allow":["GET"]}}],"collection":[{"href":"https:\/\/catchmedia.ca\/fr\/wp-json\/wp\/v2\/pages"}],"about":[{"href":"https:\/\/catchmedia.ca\/fr\/wp-json\/wp\/v2\/types\/page"}],"author":[{"embeddable":true,"href":"https:\/\/catchmedia.ca\/fr\/wp-json\/wp\/v2\/users\/1"}],"replies":[{"embeddable":true,"href":"https:\/\/catchmedia.ca\/fr\/wp-json\/wp\/v2\/comments?post=417"}],"version-history":[{"count":2,"href":"https:\/\/catchmedia.ca\/fr\/wp-json\/wp\/v2\/pages\/417\/revisions"}],"predecessor-version":[{"id":2020,"href":"https:\/\/catchmedia.ca\/fr\/wp-json\/wp\/v2\/pages\/417\/revisions\/2020"}],"up":[{"embeddable":true,"href":"https:\/\/catchmedia.ca\/fr\/wp-json\/wp\/v2\/pages\/10"}],"wp:attachment":[{"href":"https:\/\/catchmedia.ca\/fr\/wp-json\/wp\/v2\/media?parent=417"}],"curies":[{"name":"wp","href":"https:\/\/api.w.org\/{rel}","templated":true}]}}