{"id":416,"date":"2022-10-04T18:17:35","date_gmt":"2022-10-04T16:17:35","guid":{"rendered":"https:\/\/lifemoz.mozenture-dev.com\/?page_id=416"},"modified":"2023-07-18T17:13:45","modified_gmt":"2023-07-18T15:13:45","slug":"seo-sea-marketing","status":"publish","type":"page","link":"https:\/\/catchmedia.ca\/fr\/nos-expertises\/seo-sea-marketing\/","title":{"rendered":"SEO\/SEA marketing"},"content":{"rendered":"<section class=\"wpb-content-wrapper\"><p>[vc_row equal_height=\u00a0\u00bbyes\u00a0\u00bb content_placement=\u00a0\u00bbmiddle\u00a0\u00bb css=\u00a0\u00bb.vc_custom_1664983690613{margin-bottom: 50px !important;}\u00a0\u00bb][vc_column width=\u00a0\u00bb1\/2&Prime;][vc_single_image image=\u00a0\u00bb1007&Prime; img_size=\u00a0\u00bbfull\u00a0\u00bb alignment=\u00a0\u00bbcenter\u00a0\u00bb el_class=\u00a0\u00bbdisplay-on-mobile\u00a0\u00bb][vc_column_text]<\/p>\n<h1>Optimisez votre visibilit\u00e9 en ligne avec notre expertise en SEA &amp; SEO<\/h1>\n<p>Notre \u00e9quipe de consultants sp\u00e9cialis\u00e9s en r\u00e9f\u00e9rencement naturel (SEO) et liens sponsoris\u00e9s (SEA) vous accompagne dans l&rsquo;\u00e9laboration d&rsquo;une strat\u00e9gie sur-mesure pour am\u00e9liorer votre visibilit\u00e9 sur les moteurs de recherche.[\/vc_column_text]<style type=\"text\/css\" data-type=\"the7_shortcodes-inline-css\">#default-btn-4f642122ae16c3b43715eb24888544f8.ico-right-side > i {\n  margin-right: 0px;\n  margin-left: 8px;\n}\n#default-btn-4f642122ae16c3b43715eb24888544f8 > i {\n  margin-right: 8px;\n}\n<\/style><a href=\"#sec-seo\" class=\"default-btn-shortcode dt-btn dt-btn-m link-hover-off btn-inline-left \" id=\"default-btn-4f642122ae16c3b43715eb24888544f8\"><span>D\u00e9couvrir<\/span><\/a><style type=\"text\/css\" data-type=\"the7_shortcodes-inline-css\">#default-btn-3cbe04b361b221d21c52177279704f7e.ico-right-side > i {\n  margin-right: 0px;\n  margin-left: 8px;\n}\n#default-btn-3cbe04b361b221d21c52177279704f7e > i {\n  margin-right: 8px;\n}\n<\/style><a href=\"https:\/\/catchmedia.ca\/fr\/contact\/\" class=\"default-btn-shortcode dt-btn dt-btn-m link-hover-off btn-inline-left  vc_custom_1689693140975\" id=\"default-btn-3cbe04b361b221d21c52177279704f7e\" title=\"Contact\"><span>Contactez-nous<\/span><\/a>[\/vc_column][vc_column width=\u00a0\u00bb1\/2&Prime;][vc_single_image image=\u00a0\u00bb1663&Prime; img_size=\u00a0\u00bbfull\u00a0\u00bb alignment=\u00a0\u00bbcenter\u00a0\u00bb el_class=\u00a0\u00bbhide-on-mobile\u00a0\u00bb][\/vc_column][\/vc_row][vc_row full_width=\u00a0\u00bbstretch_row_content_no_spaces\u00a0\u00bb equal_height=\u00a0\u00bbyes\u00a0\u00bb content_placement=\u00a0\u00bbmiddle\u00a0\u00bb bg_type=\u00a0\u00bbbg_color\u00a0\u00bb bg_color_value=\u00a0\u00bb#ffffff\u00a0\u00bb el_id=\u00a0\u00bbsec-seo\u00a0\u00bb][vc_column width=\u00a0\u00bb1\/2&Prime; css=\u00a0\u00bb.vc_custom_1668167068843{background-image: url(http:\/\/lifemoz.mozenture-dev.com\/wp-content\/uploads\/sites\/81\/2022\/11\/woman-is-typing-on-google-search-engine-from-laptop-and-cell-phone-google-is-the-biggest-internet-search-engine-in-the-world-scaled.jpg?id=1008) !important;background-position: center !important;background-repeat: no-repeat !important;background-size: cover !important;}\u00a0\u00bb][\/vc_column][vc_column width=\u00a0\u00bb1\/2&Prime; css=\u00a0\u00bb.vc_custom_1665506297967{margin-top: 0px !important;margin-bottom: 0px !important;padding-bottom: 70px !important;}\u00a0\u00bb][vc_column_text css=\u00a0\u00bb.vc_custom_1688999070169{margin-top: 0px !important;margin-bottom: 15px !important;padding-top: 35px !important;padding-right: 35px !important;padding-bottom: 15px !important;padding-left: 35px !important;}\u00a0\u00bb]<\/p>\n<h5><span style=\"color: #e30613;\">Votre partenaire SEO &amp; SEA<\/span><\/h5>\n<h2><strong>CatchMedia<\/strong>, une agence de r\u00e9f\u00e9rencement \u00e0 l&rsquo;\u00e9coute de ses clients<\/h2>\n<p>Chez <strong>CatchMedia<\/strong>, nous avons \u00e0 c\u0153ur d&rsquo;aider nos clients, qu&rsquo;ils soient de petites start-ups ou de grandes entreprises, \u00e0 r\u00e9ussir leur strat\u00e9gie digitale. Nous mettons notre expertise en r\u00e9f\u00e9rencement naturel (SEO) et en publicit\u00e9 en ligne (SEA) \u00e0 leur disposition pour optimiser leur pr\u00e9sence sur le web et atteindre leurs objectifs de performances. Nous travaillons main dans la main avec nos clients pour offrir des solutions sur mesure adapt\u00e9es \u00e0 leurs besoins et leurs objectifs.[\/vc_column_text]<style type=\"text\/css\" data-type=\"the7_shortcodes-inline-css\">#default-btn-5733a0fb2214993c9ea0d1335c7fb6dc.ico-right-side > i {\n  margin-right: 0px;\n  margin-left: 8px;\n}\n#default-btn-5733a0fb2214993c9ea0d1335c7fb6dc > i {\n  margin-right: 8px;\n}\n<\/style><a href=\"https:\/\/catchmedia.ca\/fr\/contact\/\" class=\"default-btn-shortcode dt-btn dt-btn-m link-hover-off btn-inline-left  vc_custom_1689693152039\" id=\"default-btn-5733a0fb2214993c9ea0d1335c7fb6dc\" title=\"Contact\"><span>Nous confier votre projet<\/span><\/a>[\/vc_column][\/vc_row][vc_row css=\u00a0\u00bb.vc_custom_1665506928810{padding-top: 50px !important;padding-bottom: 70px !important;}\u00a0\u00bb][vc_column width=\u00a0\u00bb1\/6&Prime;][\/vc_column][vc_column width=\u00a0\u00bb2\/3&Prime;][vc_column_text el_class=\u00a0\u00bbtxt-citation\u00a0\u00bb]<\/p>\n<h3 style=\"text-align: center;\">\u00ab\u00a0Nous nous engageons avec nos clients comme des <b>partenaires<\/b> pour <b>faire grandir leur projet<\/b> en continu.\u00a0\u00bb<\/h3>\n<p>[\/vc_column_text][vc_row_inner el_class=\u00a0\u00bbbtn-centered\u00a0\u00bb][vc_column_inner]<style type=\"text\/css\" data-type=\"the7_shortcodes-inline-css\">#default-btn-30f4f62022029eed30c42e14898d1286.ico-right-side > i {\n  margin-right: 0px;\n  margin-left: 8px;\n}\n#default-btn-30f4f62022029eed30c42e14898d1286 > i {\n  margin-right: 8px;\n}\n<\/style><a href=\"https:\/\/catchmedia.ca\/fr\/realisations\/\" class=\"default-btn-shortcode dt-btn dt-btn-m link-hover-off btn-inline-left  vc_custom_1689693182676\" id=\"default-btn-30f4f62022029eed30c42e14898d1286\" title=\"R\u00e9alisations\"><span>Nos r\u00e9alisations<\/span><\/a><style type=\"text\/css\" data-type=\"the7_shortcodes-inline-css\">#default-btn-f493a1eb410fec39d2bb99396e4ff4ca.ico-right-side > i {\n  margin-right: 0px;\n  margin-left: 8px;\n}\n#default-btn-f493a1eb410fec39d2bb99396e4ff4ca > i {\n  margin-right: 8px;\n}\n<\/style><a href=\"https:\/\/catchmedia.ca\/fr\/contact\/\" class=\"default-btn-shortcode dt-btn dt-btn-m link-hover-off btn-reversed btn-inline-right  vc_custom_1689693194103\" id=\"default-btn-f493a1eb410fec39d2bb99396e4ff4ca\" title=\"Contact\"><span>On en discute ?<\/span><\/a>[\/vc_column_inner][\/vc_row_inner][\/vc_column][vc_column width=\u00a0\u00bb1\/6&Prime;][\/vc_column][\/vc_row][vc_row css=\u00a0\u00bb.vc_custom_1665506230925{padding-top: 50px !important;}\u00a0\u00bb][vc_column width=\u00a0\u00bb1\/2&Prime;][vc_column_text]<\/p>\n<h5><span style=\"color: #e30613;\">Pour votre SEO\/SEA sur-mesure<\/span><\/h5>\n<h2>Des \u00e9quipes form\u00e9es pour une strat\u00e9gie digitale efficace<\/h2>\n<p>Chez <strong>CatchMedia<\/strong>, la formation et la sensibilisation de nos \u00e9quipes sont primordiales pour garantir une expertise \u00e0 la pointe des derni\u00e8res innovations et \u00e9volutions en mati\u00e8re de strat\u00e9gie digitale. Nous mettons tout en \u0153uvre pour assurer l&rsquo;efficacit\u00e9 et la rentabilit\u00e9 de votre strat\u00e9gie en nous tenant constamment inform\u00e9s des nouvelles tendances et technologies du march\u00e9.[\/vc_column_text]<style type=\"text\/css\" data-type=\"the7_shortcodes-inline-css\">#default-btn-fb20513fb175d3a9453b75ede68e7b4e.ico-right-side > i {\n  margin-right: 0px;\n  margin-left: 8px;\n}\n#default-btn-fb20513fb175d3a9453b75ede68e7b4e > i {\n  margin-right: 8px;\n}\n<\/style><a href=\"https:\/\/catchmedia.ca\/fr\/contact\/\" class=\"default-btn-shortcode dt-btn dt-btn-m link-hover-off btn-inline-left \" id=\"default-btn-fb20513fb175d3a9453b75ede68e7b4e\" title=\"Contact\"><span>Nous confier votre projet<\/span><\/a>[\/vc_column][vc_column width=\u00a0\u00bb1\/2&Prime;][vc_tta_accordion title_tag=\u00a0\u00bbh4&Prime; style=\u00a0\u00bbflat\u00a0\u00bb c_icon=\u00a0\u00bbchevron\u00a0\u00bb c_position=\u00a0\u00bbright\u00a0\u00bb active_section=\u00a0\u00bb\u00a0\u00bb no_fill=\u00a0\u00bbtrue\u00a0\u00bb css=\u00a0\u00bb.vc_custom_1665504569739{padding-top: 10px !important;padding-bottom: 10px !important;}\u00a0\u00bb][vc_tta_section i_icon_fontawesome=\u00a0\u00bbfas fa-chart-line\u00a0\u00bb add_icon=\u00a0\u00bbtrue\u00a0\u00bb title=\u00a0\u00bbAudit\u00a0\u00bb tab_id=\u00a0\u00bb1665504217191-33785768-31c5&Prime;][vc_column_text]Analyses et recommandations ponctuelles. Notre \u00e9quipe analyse votre strat\u00e9gie de Search Marketing et vous adresse des recommandations d\u2019optimisations adapt\u00e9es \u00e0 vos objectifs.[\/vc_column_text][\/vc_tta_section][vc_tta_section i_icon_fontawesome=\u00a0\u00bbfas fa-pen\u00a0\u00bb add_icon=\u00a0\u00bbtrue\u00a0\u00bb title=\u00a0\u00bbGestion de A \u00e0 Z\u00a0\u00bb tab_id=\u00a0\u00bb1665504324768-3efdd481-0055&Prime;][vc_column_text]Accompagnement strat\u00e9gique et gestion op\u00e9rationnelle de votre strat\u00e9gie d\u2019acquisition SEA \/ SEO et de visibilit\u00e9 sur les moteurs de recherche.<\/p>\n<p><strong>Nos \u00e9quipes g\u00e8rent tout pour vous de A \u00e0 Z.<\/strong>[\/vc_column_text][\/vc_tta_section][vc_tta_section i_icon_fontawesome=\u00a0\u00bbfas fa-recycle\u00a0\u00bb add_icon=\u00a0\u00bbtrue\u00a0\u00bb title=\u00a0\u00bbAccompagnement et conseil\u00a0\u00bb tab_id=\u00a0\u00bb1665504324322-4d0c6633-c63c\u00a0\u00bb][vc_column_text]Accompagnement op\u00e9rationnel et ponctuel selon vos besoins.<\/p>\n<p>Pr\u00e9servez la gestion op\u00e9rationnelle de votre SEO et votre SEA et nos \u00e9quipes vous conseillent et vous guident.[\/vc_column_text][\/vc_tta_section][\/vc_tta_accordion][\/vc_column][\/vc_row][vc_row][vc_column][vc_empty_space height=\u00a0\u00bb4em\u00a0\u00bb][\/vc_column][\/vc_row][vc_row][vc_column css=\u00a0\u00bb.vc_custom_1676559994710{border-top-width: 1px !important;border-right-width: 1px !important;border-bottom-width: 1px !important;border-left-width: 1px !important;background: #ffffff url(https:\/\/catchmedia.ca\/fr\/wp-content\/uploads\/2023\/02\/bg-calltoaction02-1-1.png?id=1614) !important;background-position: center !important;background-repeat: no-repeat !important;background-size: cover !important;border-left-color: #ffffff !important;border-left-style: solid !important;border-right-color: #ffffff !important;border-right-style: solid !important;border-top-color: #ffffff !important;border-top-style: solid !important;border-bottom-color: #ffffff !important;border-bottom-style: solid !important;border-radius: 25px !important;}\u00a0\u00bb el_class=\u00a0\u00bbbloc-call-to-action\u00a0\u00bb][vc_empty_space height=\u00a0\u00bb1em\u00a0\u00bb][vc_column_text]<\/p>\n<h3 style=\"text-align: center;\">Avez-vous besoin d&rsquo;une strat\u00e9gie de Search Marketing ?<br \/>\n<strong>CatchMedia<\/strong> vous proposera des solutions<br \/>\ncompl\u00e8tes et personnalis\u00e9es<\/h3>\n<p>[\/vc_column_text]<style type=\"text\/css\" data-type=\"the7_shortcodes-inline-css\">#default-btn-6284db8cf6be3c1f95f511917a47fdc4.ico-right-side > i {\n  margin-right: 0px;\n  margin-left: 8px;\n}\n#default-btn-6284db8cf6be3c1f95f511917a47fdc4 > i {\n  margin-right: 8px;\n}\n<\/style><div class=\"btn-align-center\"><a href=\"https:\/\/catchmedia.ca\/fr\/contact\/\" class=\"default-btn-shortcode dt-btn dt-btn-m link-hover-off \" id=\"default-btn-6284db8cf6be3c1f95f511917a47fdc4\" title=\"Contact\"><span>Parlons de votre projet<\/span><\/a><\/div>[vc_empty_space height=\u00a0\u00bb3em\u00a0\u00bb][\/vc_column][\/vc_row]<\/p>\n<\/section>","protected":false},"excerpt":{"rendered":"<p>[vc_row equal_height=\u00a0\u00bbyes\u00a0\u00bb content_placement=\u00a0\u00bbmiddle\u00a0\u00bb css=\u00a0\u00bb.vc_custom_1664983690613{margin-bottom: 50px !important;}\u00a0\u00bb][vc_column width=\u00a0\u00bb1\/2&Prime;][vc_single_image image=\u00a0\u00bb1007&Prime; img_size=\u00a0\u00bbfull\u00a0\u00bb alignment=\u00a0\u00bbcenter\u00a0\u00bb el_class=\u00a0\u00bbdisplay-on-mobile\u00a0\u00bb][vc_column_text] Optimisez votre visibilit\u00e9 en ligne avec notre expertise en SEA &amp; SEO Notre \u00e9quipe de consultants sp\u00e9cialis\u00e9s en r\u00e9f\u00e9rencement naturel (SEO) et liens sponsoris\u00e9s (SEA) vous accompagne dans l&rsquo;\u00e9laboration d&rsquo;une strat\u00e9gie sur-mesure pour am\u00e9liorer votre visibilit\u00e9 sur les moteurs de recherche.[\/vc_column_text][\/vc_column][vc_column width=\u00a0\u00bb1\/2&Prime;][vc_single_image image=\u00a0\u00bb1663&Prime; img_size=\u00a0\u00bbfull\u00a0\u00bb&hellip;<\/p>\n","protected":false},"author":1,"featured_media":0,"parent":10,"menu_order":0,"comment_status":"closed","ping_status":"closed","template":"","meta":{"footnotes":""},"class_list":["post-416","page","type-page","status-publish","hentry","description-off"],"_links":{"self":[{"href":"https:\/\/catchmedia.ca\/fr\/wp-json\/wp\/v2\/pages\/416","targetHints":{"allow":["GET"]}}],"collection":[{"href":"https:\/\/catchmedia.ca\/fr\/wp-json\/wp\/v2\/pages"}],"about":[{"href":"https:\/\/catchmedia.ca\/fr\/wp-json\/wp\/v2\/types\/page"}],"author":[{"embeddable":true,"href":"https:\/\/catchmedia.ca\/fr\/wp-json\/wp\/v2\/users\/1"}],"replies":[{"embeddable":true,"href":"https:\/\/catchmedia.ca\/fr\/wp-json\/wp\/v2\/comments?post=416"}],"version-history":[{"count":2,"href":"https:\/\/catchmedia.ca\/fr\/wp-json\/wp\/v2\/pages\/416\/revisions"}],"predecessor-version":[{"id":2047,"href":"https:\/\/catchmedia.ca\/fr\/wp-json\/wp\/v2\/pages\/416\/revisions\/2047"}],"up":[{"embeddable":true,"href":"https:\/\/catchmedia.ca\/fr\/wp-json\/wp\/v2\/pages\/10"}],"wp:attachment":[{"href":"https:\/\/catchmedia.ca\/fr\/wp-json\/wp\/v2\/media?parent=416"}],"curies":[{"name":"wp","href":"https:\/\/api.w.org\/{rel}","templated":true}]}}