{"id":415,"date":"2022-10-04T18:17:38","date_gmt":"2022-10-04T16:17:38","guid":{"rendered":"https:\/\/lifemoz.mozenture-dev.com\/?page_id=415"},"modified":"2023-07-18T17:11:51","modified_gmt":"2023-07-18T15:11:51","slug":"gestion-des-reseaux-sociaux","status":"publish","type":"page","link":"https:\/\/catchmedia.ca\/fr\/nos-expertises\/gestion-des-reseaux-sociaux\/","title":{"rendered":"R\u00e9seaux sociaux"},"content":{"rendered":"<section class=\"wpb-content-wrapper\"><p>[vc_row equal_height=\u00a0\u00bbyes\u00a0\u00bb content_placement=\u00a0\u00bbmiddle\u00a0\u00bb css=\u00a0\u00bb.vc_custom_1664983690613{margin-bottom: 50px !important;}\u00a0\u00bb][vc_column width=\u00a0\u00bb1\/2&Prime;][vc_single_image image=\u00a0\u00bb988&Prime; img_size=\u00a0\u00bbfull\u00a0\u00bb alignment=\u00a0\u00bbcenter\u00a0\u00bb el_class=\u00a0\u00bbdisplay-on-mobile\u00a0\u00bb][vc_column_text]<\/p>\n<h1>Chaque r\u00e9seau social poss\u00e8de ses sp\u00e9cificit\u00e9s : exploitez-les \u00e0 votre avantage<\/h1>\n<p>Nous personnalisons nos publications pour r\u00e9pondre aux attentes de votre communaut\u00e9, qu&rsquo;il s&rsquo;agisse de les informer, de les promouvoir ou de les divertir.[\/vc_column_text]<style type=\"text\/css\" data-type=\"the7_shortcodes-inline-css\">#default-btn-7457e0a3449b6312d19b3d2c4b5942db.ico-right-side > i {\n  margin-right: 0px;\n  margin-left: 8px;\n}\n#default-btn-7457e0a3449b6312d19b3d2c4b5942db > i {\n  margin-right: 8px;\n}\n<\/style><a href=\"#sec-reseaux\" class=\"default-btn-shortcode dt-btn dt-btn-m link-hover-off btn-inline-left \" id=\"default-btn-7457e0a3449b6312d19b3d2c4b5942db\"><span>D\u00e9couvrir<\/span><\/a><style type=\"text\/css\" data-type=\"the7_shortcodes-inline-css\">#default-btn-7a35e78f02e4584164dd881264827a8f.ico-right-side > i {\n  margin-right: 0px;\n  margin-left: 8px;\n}\n#default-btn-7a35e78f02e4584164dd881264827a8f > i {\n  margin-right: 8px;\n}\n<\/style><a href=\"https:\/\/catchmedia.ca\/fr\/contact\/\" class=\"default-btn-shortcode dt-btn dt-btn-m link-hover-off btn-inline-left  vc_custom_1689693033830\" id=\"default-btn-7a35e78f02e4584164dd881264827a8f\" title=\"Contact\"><span>Contactez-nous<\/span><\/a>[\/vc_column][vc_column width=\u00a0\u00bb1\/2&Prime;][vc_single_image image=\u00a0\u00bb1657&Prime; img_size=\u00a0\u00bbfull\u00a0\u00bb alignment=\u00a0\u00bbcenter\u00a0\u00bb el_class=\u00a0\u00bbhide-on-mobile\u00a0\u00bb][\/vc_column][\/vc_row][vc_row full_width=\u00a0\u00bbstretch_row_content_no_spaces\u00a0\u00bb equal_height=\u00a0\u00bbyes\u00a0\u00bb content_placement=\u00a0\u00bbmiddle\u00a0\u00bb bg_type=\u00a0\u00bbbg_color\u00a0\u00bb bg_color_value=\u00a0\u00bb#ffffff\u00a0\u00bb el_id=\u00a0\u00bbsec-reseaux\u00a0\u00bb][vc_column width=\u00a0\u00bb1\/2&Prime; css=\u00a0\u00bb.vc_custom_1668160705714{background-image: url(http:\/\/lifemoz.mozenture-dev.com\/wp-content\/uploads\/sites\/81\/2022\/11\/likes-on-social-media-scaled.jpg?id=989) !important;background-position: center !important;background-repeat: no-repeat !important;background-size: cover !important;}\u00a0\u00bb][\/vc_column][vc_column width=\u00a0\u00bb1\/2&Prime; css=\u00a0\u00bb.vc_custom_1665506297967{margin-top: 0px !important;margin-bottom: 0px !important;padding-bottom: 70px !important;}\u00a0\u00bb][vc_column_text css=\u00a0\u00bb.vc_custom_1688999322740{margin-top: 0px !important;margin-bottom: 15px !important;padding-top: 35px !important;padding-right: 35px !important;padding-bottom: 15px !important;padding-left: 35px !important;}\u00a0\u00bb]<\/p>\n<h5><span style=\"color: #e30613;\">Pour la gestion de vos r\u00e9seaux sociaux<\/span><\/h5>\n<h2><strong>CatchMedia<\/strong>, votre partenaire pour une pr\u00e9sence optimale sur les r\u00e9seaux sociaux<\/h2>\n<p>Aujourd&rsquo;hui, les r\u00e9seaux sociaux sont devenus incontournables pour toute organisation souhaitant atteindre son public cible. Nous sommes une agence sp\u00e9cialis\u00e9e dans la cr\u00e9ation de strat\u00e9gies de communication sur mesure pour les r\u00e9seaux sociaux depuis plus de 10 ans. Nous vous aidons \u00e0 \u00e9laborer une strat\u00e9gie de communication adapt\u00e9e pour convaincre votre audience et les inciter \u00e0 s&rsquo;engager avec votre marque.[\/vc_column_text]<style type=\"text\/css\" data-type=\"the7_shortcodes-inline-css\">#default-btn-ff5088a706cdd65661a4918e251417eb.ico-right-side > i {\n  margin-right: 0px;\n  margin-left: 8px;\n}\n#default-btn-ff5088a706cdd65661a4918e251417eb > i {\n  margin-right: 8px;\n}\n<\/style><a href=\"https:\/\/catchmedia.ca\/fr\/contact\/\" class=\"default-btn-shortcode dt-btn dt-btn-m link-hover-off btn-inline-left  vc_custom_1689693046150\" id=\"default-btn-ff5088a706cdd65661a4918e251417eb\" title=\"Contact\"><span>Nous confier votre projet<\/span><\/a>[\/vc_column][\/vc_row][vc_row css=\u00a0\u00bb.vc_custom_1665506928810{padding-top: 50px !important;padding-bottom: 70px !important;}\u00a0\u00bb][vc_column width=\u00a0\u00bb1\/6&Prime;][\/vc_column][vc_column width=\u00a0\u00bb2\/3&Prime;][vc_column_text el_class=\u00a0\u00bbtxt-citation\u00a0\u00bb]<\/p>\n<h3 style=\"text-align: center;\">\u00ab\u00a0Nous nous engageons avec nos clients comme des <b>partenaires<\/b> pour <b>faire grandir leur projet<\/b> en continu.\u00a0\u00bb<\/h3>\n<p>[\/vc_column_text][vc_row_inner el_class=\u00a0\u00bbbtn-centered\u00a0\u00bb][vc_column_inner]<style type=\"text\/css\" data-type=\"the7_shortcodes-inline-css\">#default-btn-05369dabfd912bc8c5552beea3c67346.ico-right-side > i {\n  margin-right: 0px;\n  margin-left: 8px;\n}\n#default-btn-05369dabfd912bc8c5552beea3c67346 > i {\n  margin-right: 8px;\n}\n<\/style><a href=\"https:\/\/catchmedia.ca\/fr\/realisations\/\" class=\"default-btn-shortcode dt-btn dt-btn-m link-hover-off btn-inline-left  vc_custom_1689693060586\" id=\"default-btn-05369dabfd912bc8c5552beea3c67346\" title=\"R\u00e9alisations\"><span>Nos r\u00e9alisations<\/span><\/a><style type=\"text\/css\" data-type=\"the7_shortcodes-inline-css\">#default-btn-fcabc7e46a67383b716c95303af75a0e.ico-right-side > i {\n  margin-right: 0px;\n  margin-left: 8px;\n}\n#default-btn-fcabc7e46a67383b716c95303af75a0e > i {\n  margin-right: 8px;\n}\n<\/style><a href=\"https:\/\/catchmedia.ca\/fr\/contact\/\" class=\"default-btn-shortcode dt-btn dt-btn-m link-hover-off btn-reversed btn-inline-right  vc_custom_1689693072686\" id=\"default-btn-fcabc7e46a67383b716c95303af75a0e\" title=\"Contact\"><span>On en discute ?<\/span><\/a>[\/vc_column_inner][\/vc_row_inner][\/vc_column][vc_column width=\u00a0\u00bb1\/6&Prime;][\/vc_column][\/vc_row][vc_row css=\u00a0\u00bb.vc_custom_1665506230925{padding-top: 50px !important;}\u00a0\u00bb][vc_column width=\u00a0\u00bb1\/2&Prime;][vc_column_text]<\/p>\n<h5><span style=\"color: #e30613;\">D\u00e9finir des objectifs et s\u2019exprimer pour les atteindre<\/span><\/h5>\n<h2>Devenez un leader d&rsquo;opinion sur les r\u00e9seaux sociaux avec <strong>CatchMedia<\/strong><\/h2>\n<p>Chez <strong>CatchMedia<\/strong>, nous croyons que la cl\u00e9 d&rsquo;une communication r\u00e9ussie sur les r\u00e9seaux sociaux r\u00e9side dans une strat\u00e9gie bien d\u00e9finie et une mise en \u0153uvre efficace. Nous travaillons en \u00e9troite collaboration avec nos clients pour \u00e9tablir leur ton de voix unique, d\u00e9finir des objectifs r\u00e9alisables et suivre les indicateurs cl\u00e9s de succ\u00e8s. Gr\u00e2ce \u00e0 notre approche m\u00e9thodique, nos clients deviennent des leaders d&rsquo;opinion sur les r\u00e9seaux sociaux.[\/vc_column_text]<style type=\"text\/css\" data-type=\"the7_shortcodes-inline-css\">#default-btn-fb20513fb175d3a9453b75ede68e7b4e.ico-right-side > i {\n  margin-right: 0px;\n  margin-left: 8px;\n}\n#default-btn-fb20513fb175d3a9453b75ede68e7b4e > i {\n  margin-right: 8px;\n}\n<\/style><a href=\"https:\/\/catchmedia.ca\/fr\/contact\/\" class=\"default-btn-shortcode dt-btn dt-btn-m link-hover-off btn-inline-left \" id=\"default-btn-fb20513fb175d3a9453b75ede68e7b4e\" title=\"Contact\"><span>Nous confier votre projet<\/span><\/a>[\/vc_column][vc_column width=\u00a0\u00bb1\/2&Prime;][vc_tta_accordion title_tag=\u00a0\u00bbh4&Prime; style=\u00a0\u00bbflat\u00a0\u00bb c_icon=\u00a0\u00bbchevron\u00a0\u00bb c_position=\u00a0\u00bbright\u00a0\u00bb active_section=\u00a0\u00bb\u00a0\u00bb no_fill=\u00a0\u00bbtrue\u00a0\u00bb css=\u00a0\u00bb.vc_custom_1665504569739{padding-top: 10px !important;padding-bottom: 10px !important;}\u00a0\u00bb][vc_tta_section i_icon_fontawesome=\u00a0\u00bbfas fa-globe\u00a0\u00bb add_icon=\u00a0\u00bbtrue\u00a0\u00bb title=\u00a0\u00bbBenchmark &amp; Positionnement\u00a0\u00bb tab_id=\u00a0\u00bb1665504217191-33785768-31c5&Prime;][vc_column_text]Avant de communiquer sur vos r\u00e9seaux, notre Community Manager analyse votre march\u00e9 et vos concurrents. Ce benchmark nous permet de mieux connaitre votre environnement et d\u2019en d\u00e9duire les \u00ab bonnes pratiques \u00bb de votre secteur.[\/vc_column_text][\/vc_tta_section][vc_tta_section i_icon_fontawesome=\u00a0\u00bbfar fa-image\u00a0\u00bb add_icon=\u00a0\u00bbtrue\u00a0\u00bb title=\u00a0\u00bbIdentit\u00e9 visuelle d\u00e9di\u00e9e aux r\u00e9seaux sociaux\u00a0\u00bb tab_id=\u00a0\u00bb1665504324768-3efdd481-0055&Prime;][vc_column_text]Votre entreprise poss\u00e8de un logo, une charte graphique, des typographies, des couleurs\u2026 tous ces \u00e9l\u00e9ments vous repr\u00e9sentent et sont la base de votre identit\u00e9 visuelle. Nous reprenons ces codes et les adaptons aux r\u00e8gles du digital pour que\u00a0<strong>chacune de vos publications soit identifiable de fa\u00e7on instantan\u00e9e.<\/strong>[\/vc_column_text][\/vc_tta_section][vc_tta_section i_icon_fontawesome=\u00a0\u00bbfar fa-calendar-alt\u00a0\u00bb add_icon=\u00a0\u00bbtrue\u00a0\u00bb title=\u00a0\u00bbAnticipation et Planification\u00a0\u00bb tab_id=\u00a0\u00bb1665504324322-4d0c6633-c63c\u00a0\u00bb][vc_column_text]<strong>Notre \u00e9quipe planifie pour vous sur plusieurs semaines votre communication digitale<\/strong> en s\u2019appuyant sur vos temps forts, l\u2019actualit\u00e9 et les marronniers. De cette fa\u00e7on et gr\u00e2ce \u00e0 des outils de gestion de planning sur les r\u00e9seaux sociaux, vous b\u00e9n\u00e9ficiez d\u2019une vision large sur les actions \u00e0 venir.[\/vc_column_text][\/vc_tta_section][\/vc_tta_accordion][\/vc_column][\/vc_row][vc_row][vc_column][vc_empty_space height=\u00a0\u00bb4em\u00a0\u00bb][\/vc_column][\/vc_row][vc_row][vc_column css=\u00a0\u00bb.vc_custom_1676559948771{border-top-width: 1px !important;border-right-width: 1px !important;border-bottom-width: 1px !important;border-left-width: 1px !important;background: #ffffff url(https:\/\/catchmedia.ca\/fr\/wp-content\/uploads\/2023\/02\/bg-calltoaction02-1-1.png?id=1614) !important;background-position: center !important;background-repeat: no-repeat !important;background-size: cover !important;border-left-color: #ffffff !important;border-left-style: solid !important;border-right-color: #ffffff !important;border-right-style: solid !important;border-top-color: #ffffff !important;border-top-style: solid !important;border-bottom-color: #ffffff !important;border-bottom-style: solid !important;border-radius: 25px !important;}\u00a0\u00bb el_class=\u00a0\u00bbbloc-call-to-action\u00a0\u00bb][vc_empty_space height=\u00a0\u00bb1em\u00a0\u00bb][vc_column_text]<\/p>\n<h3 style=\"text-align: center;\">Avez-vous besoin d&rsquo;un sp\u00e9cialiste pour la gestion<br \/>\nde vos r\u00e9seaux sociaux ? <strong>CatchMedia <\/strong>vous proposera des<br \/>\nsolutions compl\u00e8tes et personnalis\u00e9es<\/h3>\n<p>[\/vc_column_text]<style type=\"text\/css\" data-type=\"the7_shortcodes-inline-css\">#default-btn-eec6facac14167423f78731fa0864d88.ico-right-side > i {\n  margin-right: 0px;\n  margin-left: 8px;\n}\n#default-btn-eec6facac14167423f78731fa0864d88 > i {\n  margin-right: 8px;\n}\n<\/style><div class=\"btn-align-center\"><a href=\"https:\/\/catchmedia.ca\/fr\/contact\/\" class=\"default-btn-shortcode dt-btn dt-btn-m link-hover-off \" id=\"default-btn-eec6facac14167423f78731fa0864d88\" title=\"contact\"><span>Parlons de votre projet<\/span><\/a><\/div>[vc_empty_space height=\u00a0\u00bb3em\u00a0\u00bb][\/vc_column][\/vc_row]<\/p>\n<\/section>","protected":false},"excerpt":{"rendered":"<p>[vc_row equal_height=\u00a0\u00bbyes\u00a0\u00bb content_placement=\u00a0\u00bbmiddle\u00a0\u00bb css=\u00a0\u00bb.vc_custom_1664983690613{margin-bottom: 50px !important;}\u00a0\u00bb][vc_column width=\u00a0\u00bb1\/2&Prime;][vc_single_image image=\u00a0\u00bb988&Prime; img_size=\u00a0\u00bbfull\u00a0\u00bb alignment=\u00a0\u00bbcenter\u00a0\u00bb el_class=\u00a0\u00bbdisplay-on-mobile\u00a0\u00bb][vc_column_text] Chaque r\u00e9seau social poss\u00e8de ses sp\u00e9cificit\u00e9s : exploitez-les \u00e0 votre avantage Nous personnalisons nos publications pour r\u00e9pondre aux attentes de votre communaut\u00e9, qu&rsquo;il s&rsquo;agisse de les informer, de les promouvoir ou de les divertir.[\/vc_column_text][\/vc_column][vc_column width=\u00a0\u00bb1\/2&Prime;][vc_single_image image=\u00a0\u00bb1657&Prime; img_size=\u00a0\u00bbfull\u00a0\u00bb alignment=\u00a0\u00bbcenter\u00a0\u00bb el_class=\u00a0\u00bbhide-on-mobile\u00a0\u00bb][\/vc_column][\/vc_row][vc_row full_width=\u00a0\u00bbstretch_row_content_no_spaces\u00a0\u00bb equal_height=\u00a0\u00bbyes\u00a0\u00bb content_placement=\u00a0\u00bbmiddle\u00a0\u00bb bg_type=\u00a0\u00bbbg_color\u00a0\u00bb bg_color_value=\u00a0\u00bb#ffffff\u00a0\u00bb&hellip;<\/p>\n","protected":false},"author":1,"featured_media":0,"parent":10,"menu_order":0,"comment_status":"closed","ping_status":"closed","template":"","meta":{"footnotes":""},"class_list":["post-415","page","type-page","status-publish","hentry","description-off"],"_links":{"self":[{"href":"https:\/\/catchmedia.ca\/fr\/wp-json\/wp\/v2\/pages\/415","targetHints":{"allow":["GET"]}}],"collection":[{"href":"https:\/\/catchmedia.ca\/fr\/wp-json\/wp\/v2\/pages"}],"about":[{"href":"https:\/\/catchmedia.ca\/fr\/wp-json\/wp\/v2\/types\/page"}],"author":[{"embeddable":true,"href":"https:\/\/catchmedia.ca\/fr\/wp-json\/wp\/v2\/users\/1"}],"replies":[{"embeddable":true,"href":"https:\/\/catchmedia.ca\/fr\/wp-json\/wp\/v2\/comments?post=415"}],"version-history":[{"count":2,"href":"https:\/\/catchmedia.ca\/fr\/wp-json\/wp\/v2\/pages\/415\/revisions"}],"predecessor-version":[{"id":2045,"href":"https:\/\/catchmedia.ca\/fr\/wp-json\/wp\/v2\/pages\/415\/revisions\/2045"}],"up":[{"embeddable":true,"href":"https:\/\/catchmedia.ca\/fr\/wp-json\/wp\/v2\/pages\/10"}],"wp:attachment":[{"href":"https:\/\/catchmedia.ca\/fr\/wp-json\/wp\/v2\/media?parent=415"}],"curies":[{"name":"wp","href":"https:\/\/api.w.org\/{rel}","templated":true}]}}