{"id":414,"date":"2022-10-04T18:17:41","date_gmt":"2022-10-04T16:17:41","guid":{"rendered":"https:\/\/lifemoz.mozenture-dev.com\/?page_id=414"},"modified":"2023-07-18T17:10:04","modified_gmt":"2023-07-18T15:10:04","slug":"publipostage","status":"publish","type":"page","link":"https:\/\/catchmedia.ca\/fr\/nos-expertises\/publipostage\/","title":{"rendered":"Publipostage"},"content":{"rendered":"<section class=\"wpb-content-wrapper\"><p>[vc_row equal_height=\u00a0\u00bbyes\u00a0\u00bb content_placement=\u00a0\u00bbmiddle\u00a0\u00bb css=\u00a0\u00bb.vc_custom_1664983690613{margin-bottom: 50px !important;}\u00a0\u00bb][vc_column width=\u00a0\u00bb1\/2&Prime;][vc_single_image image=\u00a0\u00bb981&Prime; img_size=\u00a0\u00bbfull\u00a0\u00bb alignment=\u00a0\u00bbcenter\u00a0\u00bb el_class=\u00a0\u00bbdisplay-on-mobile\u00a0\u00bb][vc_column_text]<\/p>\n<h1><img loading=\"lazy\" decoding=\"async\" class=\"alignnone wp-image-1752\" src=\"https:\/\/catchmedia.ca\/fr\/wp-content\/uploads\/2023\/02\/CP_SMM_P_STACK_RGB_e-1-300x61.png\" alt=\"\" width=\"270\" height=\"55\" srcset=\"https:\/\/catchmedia.ca\/fr\/wp-content\/uploads\/2023\/02\/CP_SMM_P_STACK_RGB_e-1-300x61.png 300w, https:\/\/catchmedia.ca\/fr\/wp-content\/uploads\/2023\/02\/CP_SMM_P_STACK_RGB_e-1-768x157.png 768w, https:\/\/catchmedia.ca\/fr\/wp-content\/uploads\/2023\/02\/CP_SMM_P_STACK_RGB_e-1.png 817w\" sizes=\"auto, (max-width: 270px) 100vw, 270px\" \/><\/h1>\n<h1>Partenaire officiel de Postes Canada<\/h1>\n<p>Lancez une campagne de publipostage pour trouver de nouveaux clients, accro\u00eetre la valeur de vos clients actuels et augmenter le taux de r\u00e9ponse pour chaque dollar investi. Le publipostage entra\u00eene une interaction directe avec votre marque de commerce.[\/vc_column_text]<style type=\"text\/css\" data-type=\"the7_shortcodes-inline-css\">#default-btn-1bdfd81e643f34b711e4138c5f4e6548.ico-right-side > i {\n  margin-right: 0px;\n  margin-left: 8px;\n}\n#default-btn-1bdfd81e643f34b711e4138c5f4e6548 > i {\n  margin-right: 8px;\n}\n<\/style><a href=\"#sec-crm\" class=\"default-btn-shortcode dt-btn dt-btn-m link-hover-off btn-inline-left \" id=\"default-btn-1bdfd81e643f34b711e4138c5f4e6548\"><span>D\u00e9couvrir<\/span><\/a><style type=\"text\/css\" data-type=\"the7_shortcodes-inline-css\">#default-btn-352f7b15ac1528dc45fd3d2b33010af5.ico-right-side > i {\n  margin-right: 0px;\n  margin-left: 8px;\n}\n#default-btn-352f7b15ac1528dc45fd3d2b33010af5 > i {\n  margin-right: 8px;\n}\n<\/style><a href=\"https:\/\/catchmedia.ca\/fr\/contact\/\" class=\"default-btn-shortcode dt-btn dt-btn-m link-hover-off btn-inline-left  vc_custom_1689692934481\" id=\"default-btn-352f7b15ac1528dc45fd3d2b33010af5\" title=\"Contact\"><span>Contactez-nous<\/span><\/a>[\/vc_column][vc_column width=\u00a0\u00bb1\/2&Prime;][vc_single_image image=\u00a0\u00bb1637&Prime; img_size=\u00a0\u00bbfull\u00a0\u00bb alignment=\u00a0\u00bbcenter\u00a0\u00bb el_class=\u00a0\u00bbhide-on-mobile\u00a0\u00bb][\/vc_column][\/vc_row][vc_row full_width=\u00a0\u00bbstretch_row_content_no_spaces\u00a0\u00bb equal_height=\u00a0\u00bbyes\u00a0\u00bb content_placement=\u00a0\u00bbmiddle\u00a0\u00bb bg_type=\u00a0\u00bbbg_color\u00a0\u00bb bg_color_value=\u00a0\u00bb#ffffff\u00a0\u00bb el_id=\u00a0\u00bbsec-crm\u00a0\u00bb][vc_column width=\u00a0\u00bb1\/2&Prime; css=\u00a0\u00bb.vc_custom_1686843541154{padding-top: 60vh !important;background-image: url(http:\/\/lifemoz.mozenture-dev.com\/wp-content\/uploads\/sites\/81\/2022\/11\/group-of-people-working-on-website-template-1-scaled.jpg?id=983) !important;background-position: center !important;background-repeat: no-repeat !important;background-size: cover !important;}\u00a0\u00bb][\/vc_column][vc_column width=\u00a0\u00bb1\/2&Prime; css=\u00a0\u00bb.vc_custom_1665506297967{margin-top: 0px !important;margin-bottom: 0px !important;padding-bottom: 70px !important;}\u00a0\u00bb][vc_column_text css=\u00a0\u00bb.vc_custom_1676389752900{margin-top: 0px !important;margin-bottom: 15px !important;padding-top: 35px !important;padding-right: 35px !important;padding-bottom: 15px !important;padding-left: 35px !important;}\u00a0\u00bb]<\/p>\n<h2>Livrez votre message dans les mains des Canadiens en ajoutant le publipostage \u00e0 votre forfait marketing<\/h2>\n<p>Le publipostage est une m\u00e9thode de marketing direct qui implique l&rsquo;envoi de publicit\u00e9s ou de mat\u00e9riel promotionnel par courrier postal \u00e0 une audience cible. En ajoutant le publipostage \u00e0 votre forfait marketing, vous pouvez atteindre efficacement les Canadiens en leur envoyant des informations cibl\u00e9es directement dans leurs mains. Cette approche peut \u00eatre particuli\u00e8rement utile pour les entreprises qui cherchent \u00e0 atteindre des clients potentiels qui ne sont pas facilement accessibles en ligne.<\/p>\n<p>En utilisant le publipostage, vous pouvez personnaliser vos messages et offres pour r\u00e9pondre aux besoins et aux int\u00e9r\u00eats sp\u00e9cifiques de votre public, augmentant ainsi les chances de succ\u00e8s de votre campagne marketing.[\/vc_column_text]<style type=\"text\/css\" data-type=\"the7_shortcodes-inline-css\">#default-btn-15c0911a0cb7ab3d7be4dec0214b0110.ico-right-side > i {\n  margin-right: 0px;\n  margin-left: 8px;\n}\n#default-btn-15c0911a0cb7ab3d7be4dec0214b0110 > i {\n  margin-right: 8px;\n}\n<\/style><a href=\"https:\/\/catchmedia.ca\/fr\/contact\/\" class=\"default-btn-shortcode dt-btn dt-btn-m link-hover-off btn-inline-left  vc_custom_1689692947939\" id=\"default-btn-15c0911a0cb7ab3d7be4dec0214b0110\" title=\"Contact\"><span>Nous confier votre projet<\/span><\/a>[\/vc_column][\/vc_row][vc_row css=\u00a0\u00bb.vc_custom_1665506928810{padding-top: 50px !important;padding-bottom: 70px !important;}\u00a0\u00bb][vc_column width=\u00a0\u00bb1\/6&Prime;][\/vc_column][vc_column width=\u00a0\u00bb2\/3&Prime;][vc_column_text el_class=\u00a0\u00bbtxt-citation\u00a0\u00bb]<\/p>\n<h3 style=\"text-align: center;\">\u00ab\u00a0Nous nous engageons avec nos clients comme des <b>partenaires<\/b> pour <b>faire grandir leur projet<\/b> en continu.\u00a0\u00bb<\/h3>\n<p>[\/vc_column_text][vc_row_inner el_class=\u00a0\u00bbbtn-centered\u00a0\u00bb][vc_column_inner]<style type=\"text\/css\" data-type=\"the7_shortcodes-inline-css\">#default-btn-ff4054eb9fb5f51e35658f7080db1510.ico-right-side > i {\n  margin-right: 0px;\n  margin-left: 8px;\n}\n#default-btn-ff4054eb9fb5f51e35658f7080db1510 > i {\n  margin-right: 8px;\n}\n<\/style><a href=\"https:\/\/catchmedia.ca\/fr\/realisations\/\" class=\"default-btn-shortcode dt-btn dt-btn-m link-hover-off btn-inline-left  vc_custom_1689692962095\" id=\"default-btn-ff4054eb9fb5f51e35658f7080db1510\" title=\"R\u00e9alisations\"><span>Nos r\u00e9alisations<\/span><\/a><style type=\"text\/css\" data-type=\"the7_shortcodes-inline-css\">#default-btn-f0945aaf685cd346f565898278ba2f6c.ico-right-side > i {\n  margin-right: 0px;\n  margin-left: 8px;\n}\n#default-btn-f0945aaf685cd346f565898278ba2f6c > i {\n  margin-right: 8px;\n}\n<\/style><a href=\"https:\/\/catchmedia.ca\/fr\/contact\/\" class=\"default-btn-shortcode dt-btn dt-btn-m link-hover-off btn-reversed btn-inline-right  vc_custom_1689692974004\" id=\"default-btn-f0945aaf685cd346f565898278ba2f6c\" title=\"Contact\"><span>On en discute ?<\/span><\/a>[\/vc_column_inner][\/vc_row_inner][\/vc_column][vc_column width=\u00a0\u00bb1\/6&Prime;][\/vc_column][\/vc_row][vc_row css=\u00a0\u00bb.vc_custom_1665506230925{padding-top: 50px !important;}\u00a0\u00bb][vc_column width=\u00a0\u00bb1\/2&Prime;][vc_column_text]<\/p>\n<h2>Am\u00e9liorez la performance de votre soci\u00e9t\u00e9<\/h2>\n<p>Les campagnes de publipostage peuvent \u00eatre mesur\u00e9es et suivies pour \u00e9valuer leur efficacit\u00e9. En incluant des codes de suivi ou des num\u00e9ros de t\u00e9l\u00e9phone sp\u00e9cifiques \u00e0 la campagne, les entreprises peuvent d\u00e9terminer le nombre de personnes qui ont r\u00e9pondu \u00e0 leur message et \u00e9valuer le retour sur investissement de leur campagne. En somme, le publipostage est une strat\u00e9gie de marketing direct qui peut aider les entreprises \u00e0 atteindre leur public cible, \u00e0 personnaliser leur message et \u00e0 mesurer leur retour sur investissement.[\/vc_column_text]<style type=\"text\/css\" data-type=\"the7_shortcodes-inline-css\">#default-btn-fb20513fb175d3a9453b75ede68e7b4e.ico-right-side > i {\n  margin-right: 0px;\n  margin-left: 8px;\n}\n#default-btn-fb20513fb175d3a9453b75ede68e7b4e > i {\n  margin-right: 8px;\n}\n<\/style><a href=\"https:\/\/catchmedia.ca\/fr\/contact\/\" class=\"default-btn-shortcode dt-btn dt-btn-m link-hover-off btn-inline-left \" id=\"default-btn-fb20513fb175d3a9453b75ede68e7b4e\" title=\"Contact\"><span>Nous confier votre projet<\/span><\/a>[\/vc_column][vc_column width=\u00a0\u00bb1\/2&Prime;][vc_tta_accordion title_tag=\u00a0\u00bbh4&Prime; style=\u00a0\u00bbflat\u00a0\u00bb c_icon=\u00a0\u00bbchevron\u00a0\u00bb c_position=\u00a0\u00bbright\u00a0\u00bb active_section=\u00a0\u00bb\u00a0\u00bb no_fill=\u00a0\u00bbtrue\u00a0\u00bb css=\u00a0\u00bb.vc_custom_1665504569739{padding-top: 10px !important;padding-bottom: 10px !important;}\u00a0\u00bb][vc_tta_section i_icon_fontawesome=\u00a0\u00bbfas fa-chart-line\u00a0\u00bb add_icon=\u00a0\u00bbtrue\u00a0\u00bb title=\u00a0\u00bb20% Persuasifs\u00a0\u00bb tab_id=\u00a0\u00bb1665504217191-33785768-31c5&Prime;][vc_column_text]Le publipostage est beaucoup plus persuasif\u202f; la motivation qu\u2019il suscite est 20% plus \u00e9lev\u00e9e que celle suscit\u00e9e par les m\u00e9dias num\u00e9riques.[\/vc_column_text][\/vc_tta_section][vc_tta_section i_icon_fontawesome=\u00a0\u00bbfas fa-chart-line\u00a0\u00bb add_icon=\u00a0\u00bbtrue\u00a0\u00bb title=\u00a0\u00bb39% Campagnes\u00a0\u00bb tab_id=\u00a0\u00bb1665504324768-3efdd481-0055&Prime;][vc_column_text]Les campagnes qui combinent publipostage et technologie num\u00e9rique suscitent une attention 39% plus captive en termes de temps que celles strictement num\u00e9riques.[\/vc_column_text][\/vc_tta_section][vc_tta_section i_icon_fontawesome=\u00a0\u00bbfas fa-chart-line\u00a0\u00bb add_icon=\u00a0\u00bbtrue\u00a0\u00bb title=\u00a0\u00bb47% Consommateurs\u00a0\u00bb tab_id=\u00a0\u00bb1665504324322-4d0c6633-c63c\u00a0\u00bb][vc_column_text]Apr\u00e8s une campagne de publipostage de Catch Media, 47% du public cibl\u00e9 s&rsquo;est d\u00e9plac\u00e9 en magasin.[\/vc_column_text][\/vc_tta_section][\/vc_tta_accordion][\/vc_column][\/vc_row][vc_row][vc_column][vc_empty_space height=\u00a0\u00bb4em\u00a0\u00bb][\/vc_column][\/vc_row][vc_row][vc_column css=\u00a0\u00bb.vc_custom_1676390497914{border-top-width: 1px !important;border-right-width: 1px !important;border-bottom-width: 1px !important;border-left-width: 1px !important;background: #ffffff url(https:\/\/catchmedia.ca\/fr\/wp-content\/uploads\/2023\/02\/bg-calltoaction02-1-1.png?id=1614) !important;background-position: center !important;background-repeat: no-repeat !important;background-size: cover !important;border-left-color: #ffffff !important;border-left-style: solid !important;border-right-color: #ffffff !important;border-right-style: solid !important;border-top-color: #ffffff !important;border-top-style: solid !important;border-bottom-color: #ffffff !important;border-bottom-style: solid !important;border-radius: 25px !important;}\u00a0\u00bb el_class=\u00a0\u00bbbloc-call-to-action\u00a0\u00bb][vc_empty_space height=\u00a0\u00bb1em\u00a0\u00bb][vc_column_text]<\/p>\n<h3 style=\"text-align: center;\">Avez-vous un projet en publipostage ?<br \/>\n<strong>CatchMedia <\/strong>vous proposera des solutions<br \/>\ncompl\u00e8tes et personnalis\u00e9es<\/h3>\n<p>[\/vc_column_text]<style type=\"text\/css\" data-type=\"the7_shortcodes-inline-css\">#default-btn-6284db8cf6be3c1f95f511917a47fdc4.ico-right-side > i {\n  margin-right: 0px;\n  margin-left: 8px;\n}\n#default-btn-6284db8cf6be3c1f95f511917a47fdc4 > i {\n  margin-right: 8px;\n}\n<\/style><div class=\"btn-align-center\"><a href=\"https:\/\/catchmedia.ca\/fr\/contact\/\" class=\"default-btn-shortcode dt-btn dt-btn-m link-hover-off \" id=\"default-btn-6284db8cf6be3c1f95f511917a47fdc4\" title=\"Contact\"><span>Parlons de votre projet<\/span><\/a><\/div>[vc_empty_space height=\u00a0\u00bb3em\u00a0\u00bb][\/vc_column][\/vc_row]<\/p>\n<\/section>","protected":false},"excerpt":{"rendered":"<p>[vc_row equal_height=\u00a0\u00bbyes\u00a0\u00bb content_placement=\u00a0\u00bbmiddle\u00a0\u00bb css=\u00a0\u00bb.vc_custom_1664983690613{margin-bottom: 50px !important;}\u00a0\u00bb][vc_column width=\u00a0\u00bb1\/2&Prime;][vc_single_image image=\u00a0\u00bb981&Prime; img_size=\u00a0\u00bbfull\u00a0\u00bb alignment=\u00a0\u00bbcenter\u00a0\u00bb el_class=\u00a0\u00bbdisplay-on-mobile\u00a0\u00bb][vc_column_text] Partenaire officiel de Postes Canada Lancez une campagne de publipostage pour trouver de nouveaux clients, accro\u00eetre la valeur de vos clients actuels et augmenter le taux de r\u00e9ponse pour chaque dollar investi. Le publipostage entra\u00eene une interaction directe avec votre marque de commerce.[\/vc_column_text][\/vc_column][vc_column width=\u00a0\u00bb1\/2&Prime;][vc_single_image&hellip;<\/p>\n","protected":false},"author":1,"featured_media":0,"parent":10,"menu_order":0,"comment_status":"closed","ping_status":"closed","template":"","meta":{"footnotes":""},"class_list":["post-414","page","type-page","status-publish","hentry","description-off"],"_links":{"self":[{"href":"https:\/\/catchmedia.ca\/fr\/wp-json\/wp\/v2\/pages\/414","targetHints":{"allow":["GET"]}}],"collection":[{"href":"https:\/\/catchmedia.ca\/fr\/wp-json\/wp\/v2\/pages"}],"about":[{"href":"https:\/\/catchmedia.ca\/fr\/wp-json\/wp\/v2\/types\/page"}],"author":[{"embeddable":true,"href":"https:\/\/catchmedia.ca\/fr\/wp-json\/wp\/v2\/users\/1"}],"replies":[{"embeddable":true,"href":"https:\/\/catchmedia.ca\/fr\/wp-json\/wp\/v2\/comments?post=414"}],"version-history":[{"count":2,"href":"https:\/\/catchmedia.ca\/fr\/wp-json\/wp\/v2\/pages\/414\/revisions"}],"predecessor-version":[{"id":2043,"href":"https:\/\/catchmedia.ca\/fr\/wp-json\/wp\/v2\/pages\/414\/revisions\/2043"}],"up":[{"embeddable":true,"href":"https:\/\/catchmedia.ca\/fr\/wp-json\/wp\/v2\/pages\/10"}],"wp:attachment":[{"href":"https:\/\/catchmedia.ca\/fr\/wp-json\/wp\/v2\/media?parent=414"}],"curies":[{"name":"wp","href":"https:\/\/api.w.org\/{rel}","templated":true}]}}