{"id":413,"date":"2022-10-04T18:17:46","date_gmt":"2022-10-04T16:17:46","guid":{"rendered":"https:\/\/lifemoz.mozenture-dev.com\/?page_id=413"},"modified":"2023-07-18T13:25:04","modified_gmt":"2023-07-18T11:25:04","slug":"fidelisation-et-marketing-direct","status":"publish","type":"page","link":"https:\/\/catchmedia.ca\/fr\/nos-expertises\/fidelisation-et-marketing-direct\/","title":{"rendered":"Fid\u00e9lisation et marketing direct"},"content":{"rendered":"<section class=\"wpb-content-wrapper\"><p>[vc_row equal_height=\u00a0\u00bbyes\u00a0\u00bb content_placement=\u00a0\u00bbmiddle\u00a0\u00bb css=\u00a0\u00bb.vc_custom_1664983690613{margin-bottom: 50px !important;}\u00a0\u00bb][vc_column width=\u00a0\u00bb1\/2&Prime;][vc_single_image image=\u00a0\u00bb1000&Prime; img_size=\u00a0\u00bbfull\u00a0\u00bb alignment=\u00a0\u00bbcenter\u00a0\u00bb el_class=\u00a0\u00bbdisplay-on-mobile\u00a0\u00bb][vc_column_text]<\/p>\n<h1>Boostez votre visibilit\u00e9 en ligne avec <strong>CatchMedia<\/strong><\/h1>\n<p>Chez <strong>CatchMedia<\/strong>, nous pla\u00e7ons votre marketing au c\u0153ur de notre strat\u00e9gie en ligne. Nous vous accompagnons pour booster votre visibilit\u00e9 sur les moteurs de recherche et les r\u00e9seaux sociaux, et ainsi atteindre vos objectifs de croissance. Faites confiance \u00e0 notre expertise en marketing digital pour donner une impulsion \u00e0 votre entreprise.[\/vc_column_text]<style type=\"text\/css\" data-type=\"the7_shortcodes-inline-css\">#default-btn-4877157ebe79f696f3017d247c6332df.ico-right-side > i {\n  margin-right: 0px;\n  margin-left: 8px;\n}\n#default-btn-4877157ebe79f696f3017d247c6332df > i {\n  margin-right: 8px;\n}\n<\/style><a href=\"#sec-fidelisation\" class=\"default-btn-shortcode dt-btn dt-btn-m link-hover-off btn-inline-left \" id=\"default-btn-4877157ebe79f696f3017d247c6332df\"><span>D\u00e9couvrir<\/span><\/a><style type=\"text\/css\" data-type=\"the7_shortcodes-inline-css\">#default-btn-8beae3504365028520cedc0178933632.ico-right-side > i {\n  margin-right: 0px;\n  margin-left: 8px;\n}\n#default-btn-8beae3504365028520cedc0178933632 > i {\n  margin-right: 8px;\n}\n<\/style><a href=\"https:\/\/catchmedia.ca\/fr\/contact\/\" class=\"default-btn-shortcode dt-btn dt-btn-m link-hover-off btn-inline-left  vc_custom_1689679423774\" id=\"default-btn-8beae3504365028520cedc0178933632\" title=\"Contact\"><span>Contactez-nous<\/span><\/a>[\/vc_column][vc_column width=\u00a0\u00bb1\/2&Prime;][vc_single_image image=\u00a0\u00bb1661&Prime; img_size=\u00a0\u00bbfull\u00a0\u00bb alignment=\u00a0\u00bbcenter\u00a0\u00bb el_class=\u00a0\u00bbhide-on-mobile\u00a0\u00bb][\/vc_column][\/vc_row][vc_row full_width=\u00a0\u00bbstretch_row_content_no_spaces\u00a0\u00bb equal_height=\u00a0\u00bbyes\u00a0\u00bb content_placement=\u00a0\u00bbmiddle\u00a0\u00bb bg_type=\u00a0\u00bbbg_color\u00a0\u00bb bg_color_value=\u00a0\u00bb#ffffff\u00a0\u00bb el_id=\u00a0\u00bbsec-fidelisation\u00a0\u00bb][vc_column width=\u00a0\u00bb1\/2&Prime; css=\u00a0\u00bb.vc_custom_1668164731108{background-image: url(http:\/\/lifemoz.mozenture-dev.com\/wp-content\/uploads\/sites\/81\/2022\/11\/message-online-chat-social-text-concept-1-scaled.jpg?id=1001) !important;background-position: center !important;background-repeat: no-repeat !important;background-size: cover !important;}\u00a0\u00bb][\/vc_column][vc_column width=\u00a0\u00bb1\/2&Prime; css=\u00a0\u00bb.vc_custom_1665506297967{margin-top: 0px !important;margin-bottom: 0px !important;padding-bottom: 70px !important;}\u00a0\u00bb][vc_column_text css=\u00a0\u00bb.vc_custom_1682430408423{margin-top: 0px !important;margin-bottom: 15px !important;padding-top: 35px !important;padding-right: 35px !important;padding-bottom: 15px !important;padding-left: 35px !important;}\u00a0\u00bb]<\/p>\n<h5><span style=\"color: #e30613;\">Pour une strat\u00e9gie marketing r\u00e9ussite<\/span><\/h5>\n<h2>Pourquoi la fid\u00e9lisation client est-elle un atout strat\u00e9gique pour votre entreprise ?<\/h2>\n<p>La fid\u00e9lisation client est un enjeu majeur pour toute entreprise souhaitant p\u00e9renniser sa relation avec sa client\u00e8le. En effet, fid\u00e9liser un client existant co\u00fbte moins cher que d&rsquo;en recruter un nouveau. Mais la fid\u00e9lisation ne se r\u00e9sume pas seulement \u00e0 un gain financier, elle permet \u00e9galement d&rsquo;augmenter la satisfaction client, de renforcer l&rsquo;image de marque, de g\u00e9n\u00e9rer du bouche-\u00e0-oreille positif et d&rsquo;obtenir des retours clients pour am\u00e9liorer ses produits et services. D\u00e9couvrez pourquoi la fid\u00e9lisation client est un atout strat\u00e9gique pour votre entreprise.[\/vc_column_text]<style type=\"text\/css\" data-type=\"the7_shortcodes-inline-css\">#default-btn-695033c21affde937ee8ec4436ecbb47.ico-right-side > i {\n  margin-right: 0px;\n  margin-left: 8px;\n}\n#default-btn-695033c21affde937ee8ec4436ecbb47 > i {\n  margin-right: 8px;\n}\n<\/style><a href=\"https:\/\/catchmedia.ca\/fr\/contact\/\" class=\"default-btn-shortcode dt-btn dt-btn-m link-hover-off btn-inline-left  vc_custom_1689679435768\" id=\"default-btn-695033c21affde937ee8ec4436ecbb47\" title=\"Contact\"><span>Nous confier votre projet<\/span><\/a>[\/vc_column][\/vc_row][vc_row css=\u00a0\u00bb.vc_custom_1665506928810{padding-top: 50px !important;padding-bottom: 70px !important;}\u00a0\u00bb][vc_column width=\u00a0\u00bb1\/6&Prime;][\/vc_column][vc_column width=\u00a0\u00bb2\/3&Prime;][vc_column_text el_class=\u00a0\u00bbtxt-citation\u00a0\u00bb]<\/p>\n<h3 style=\"text-align: center;\">\u00ab\u00a0Nous nous engageons avec nos clients comme des <b>partenaires<\/b> pour <b>faire grandir leur projet<\/b> en continu.\u00a0\u00bb<\/h3>\n<p>[\/vc_column_text][vc_row_inner el_class=\u00a0\u00bbbtn-centered\u00a0\u00bb][vc_column_inner]<style type=\"text\/css\" data-type=\"the7_shortcodes-inline-css\">#default-btn-cd2dfc9098a17360e66ce2be44f64140.ico-right-side > i {\n  margin-right: 0px;\n  margin-left: 8px;\n}\n#default-btn-cd2dfc9098a17360e66ce2be44f64140 > i {\n  margin-right: 8px;\n}\n<\/style><a href=\"https:\/\/catchmedia.ca\/fr\/realisations\/\" class=\"default-btn-shortcode dt-btn dt-btn-m link-hover-off btn-inline-left  vc_custom_1689679451676\" id=\"default-btn-cd2dfc9098a17360e66ce2be44f64140\" title=\"R\u00e9alisations\"><span>Nos r\u00e9alisations<\/span><\/a><style type=\"text\/css\" data-type=\"the7_shortcodes-inline-css\">#default-btn-79c9d22809bf21183bb84c12abf42cdc.ico-right-side > i {\n  margin-right: 0px;\n  margin-left: 8px;\n}\n#default-btn-79c9d22809bf21183bb84c12abf42cdc > i {\n  margin-right: 8px;\n}\n<\/style><a href=\"https:\/\/catchmedia.ca\/fr\/contact\/\" class=\"default-btn-shortcode dt-btn dt-btn-m link-hover-off btn-reversed btn-inline-right  vc_custom_1689679468243\" id=\"default-btn-79c9d22809bf21183bb84c12abf42cdc\" title=\"Contact\"><span>On en discute ?<\/span><\/a>[\/vc_column_inner][\/vc_row_inner][\/vc_column][vc_column width=\u00a0\u00bb1\/6&Prime;][\/vc_column][\/vc_row][vc_row css=\u00a0\u00bb.vc_custom_1665506230925{padding-top: 50px !important;}\u00a0\u00bb][vc_column width=\u00a0\u00bb1\/2&Prime;][vc_column_text]<\/p>\n<h2>Fid\u00e9lisation client : Confiez votre marketing direct \u00e0 nos experts<\/h2>\n<p><strong>CatchMedia<\/strong>, votre partenaire pour r\u00e9pondre aux enjeux de fid\u00e9lisation de vos clients. B\u00e9n\u00e9ficiez de l&rsquo;expertise de nos sp\u00e9cialistes en marketing pour mettre en place une strat\u00e9gie efficace et adapt\u00e9e \u00e0 votre domaine d&rsquo;activit\u00e9. Faites confiance \u00e0 nos \u00e9quipes pour vous accompagner dans vos projets de marketing direct et de fid\u00e9lisation client.[\/vc_column_text]<style type=\"text\/css\" data-type=\"the7_shortcodes-inline-css\">#default-btn-c2dfd758b2dfba8dd1ac35bbe763e19d.ico-right-side > i {\n  margin-right: 0px;\n  margin-left: 8px;\n}\n#default-btn-c2dfd758b2dfba8dd1ac35bbe763e19d > i {\n  margin-right: 8px;\n}\n<\/style><a href=\"https:\/\/catchmedia.ca\/fr\/nos-expertises\/impression\/produits-dexposition\/\" class=\"default-btn-shortcode dt-btn dt-btn-m link-hover-off btn-inline-left \" id=\"default-btn-c2dfd758b2dfba8dd1ac35bbe763e19d\" title=\"Contact\"><span>Nous confier votre projet<\/span><\/a>[\/vc_column][vc_column width=\u00a0\u00bb1\/2&Prime;][vc_tta_accordion title_tag=\u00a0\u00bbh4&Prime; style=\u00a0\u00bbflat\u00a0\u00bb c_icon=\u00a0\u00bbchevron\u00a0\u00bb c_position=\u00a0\u00bbright\u00a0\u00bb active_section=\u00a0\u00bb\u00a0\u00bb no_fill=\u00a0\u00bbtrue\u00a0\u00bb css=\u00a0\u00bb.vc_custom_1665504569739{padding-top: 10px !important;padding-bottom: 10px !important;}\u00a0\u00bb][vc_tta_section i_icon_fontawesome=\u00a0\u00bbfas fa-bars\u00a0\u00bb add_icon=\u00a0\u00bbtrue\u00a0\u00bb title=\u00a0\u00bbProposition\u00a0\u00bb tab_id=\u00a0\u00bb1665504217191-33785768-31c5&Prime;][vc_column_text]<\/p>\n<div class=\"tatsu-module tatsu-title-icon tatsu-SJZvYGPzlt \">\n<div class=\"tatsu-tc tatsu-tc-custom-space align-left medium plain\">\n<p>Nous \u00e9laborons une strat\u00e9gie adapt\u00e9e \u00e0 vos clients. Nous vous conseillons sur les canaux offline et online \u00e0 mettre en place pour communiquer avec vos cibles suivant leurs habitudes et comportements.<\/p><\/div>\n<\/div>\n<div class=\"tatsu-module tatsu-title-icon tatsu-HyXwtMPflt \">\n<p>&nbsp;<\/p>\n<div class=\"tatsu-tc tatsu-tc-custom-space align-left medium plain\"><\/div>\n<\/div>\n<p>[\/vc_column_text][\/vc_tta_section][vc_tta_section i_icon_fontawesome=\u00a0\u00bbfar fa-handshake\u00a0\u00bb add_icon=\u00a0\u00bbtrue\u00a0\u00bb title=\u00a0\u00bbMise en \u0153uvre\u00a0\u00bb tab_id=\u00a0\u00bb1665504324768-3efdd481-0055&Prime;][vc_column_text]<\/p>\n<div class=\"tatsu-column-pad-wrap\">\n<div class=\"tatsu-column-pad\">\n<div class=\"tatsu-module tatsu-title-icon tatsu-HyXwtMPflt \">\n<div class=\"tatsu-tc tatsu-tc-custom-space align-left medium plain\">\n<p>Chez <strong>CatchMedia<\/strong> nous avons \u00e0 c\u0153ur de vous accompagner sur l\u2019ensemble de votre projet. C\u2019est pourquoi nous avons la possibilit\u00e9 de prendre en charge les actions op\u00e9rationnelles relatives \u00e0 votre strat\u00e9gie d\u2019acquisition multicanale.<\/div>\n<\/div>\n<\/div>\n<\/div>\n<div class=\"tatsu-column-bg-image-wrap\"><\/div>\n<p>[\/vc_column_text][\/vc_tta_section][vc_tta_section i_icon_fontawesome=\u00a0\u00bbfas fa-chart-line\u00a0\u00bb add_icon=\u00a0\u00bbtrue\u00a0\u00bb title=\u00a0\u00bbMesurer\u00a0\u00bb tab_id=\u00a0\u00bb1665504324322-4d0c6633-c63c\u00a0\u00bb][vc_column_text]<\/p>\n<div class=\"tatsu-H1WHn9LGlt tatsu-section tatsu-bg-overlay tatsu-clearfix\" data-title=\"Contenu Acticia Conseil vous accompagne\" data-headerscheme=\"background--dark\">\n<div class=\"tatsu-section-pad clearfix\" data-padding=\"{&quot;d&quot;:&quot;50px 0px 90px 0px&quot;,&quot;m&quot;:&quot;20px 0px 40px 0px&quot;}\" data-padding-top=\"20px\">\n<div class=\"tatsu-row-wrap tatsu-wrap tatsu-row-one-col tatsu-row-has-one-cols tatsu-medium-gutter tatsu-reg-cols tatsu-clearfix tatsu-Skxt2Y5gY\">\n<div class=\"tatsu-row \">\n<div class=\"tatsu-column tatsu-bg-overlay tatsu-one-col tatsu-column-image-none tatsu-column-effect-none tatsu-SklgKnYclt\" data-parallax-speed=\"0\">\n<div class=\"tatsu-column-inner \">\n<div class=\"tatsu-column-pad-wrap\">\n<div class=\"tatsu-column-pad\">\n<div class=\"tatsu-module tatsu-title-icon tatsu-S1WxFhtqgF \">\n<div class=\"tatsu-tc tatsu-tc-custom-space align-left medium plain\">\n<p>Une \u00e9tape tr\u00e8s importante consiste \u00e0 suivre cette strat\u00e9gie gr\u00e2ce aux KPI\u2019s pour faire le point sur les actions mises en place. Apr\u00e8s analyse des r\u00e9sultats nous \u00e9tablissons des recommandations, et ajustements si n\u00e9cessaire, afin d\u2019optimiser les r\u00e9sultats.<\/p><\/div>\n<\/div>\n<\/div>\n<\/div>\n<div class=\"tatsu-column-bg-image-wrap\">\n<div class=\"tatsu-column-bg-image\"><\/div>\n<\/div>\n<div class=\"tatsu-overlay tatsu-column-overlay tatsu-animate-none\"><\/div>\n<\/div>\n<\/div>\n<\/div>\n<\/div>\n<\/div>\n<div class=\"tatsu-section-background-wrap\">\n<div class=\"tatsu-section-background\"><\/div>\n<\/div>\n<div class=\"tatsu-overlay tatsu-section-overlay\"><\/div>\n<\/div>\n<div class=\"tatsu-SJ-vchDGeF tatsu-section tatsu-bg-overlay tatsu-clearfix\" data-title=\"Texte avant bouton Contactez-nous\" data-headerscheme=\"background--dark\">\n<div class=\"tatsu-section-pad clearfix\" data-padding=\"{&quot;d&quot;:&quot;0px 0px 90px 0px&quot;,&quot;m&quot;:&quot;0px 0px 50px 0px&quot;}\" data-padding-top=\"0px\">\n<div class=\"tatsu-row-wrap tatsu-wrap tatsu-row-one-col tatsu-row-has-one-cols tatsu-medium-gutter tatsu-reg-cols tatsu-clearfix tatsu-BJgwq3DfxK\">\n<div class=\"tatsu-row \">\n<div class=\"tatsu-column tatsu-bg-overlay tatsu-one-col tatsu-column-image-none tatsu-column-effect-none tatsu-SywcnPGlF\" data-parallax-speed=\"0\">\n<div class=\"tatsu-column-inner \">\n<div class=\"tatsu-column-pad-wrap\">\n<div class=\"tatsu-column-pad\">\n<div class=\"tatsu-module tatsu-text-block-wrap tatsu-rk6q2vflK \">\n<div class=\"tatsu-text-inner tatsu-align-center clearfix\"><\/div>\n<\/div>\n<\/div>\n<\/div>\n<\/div>\n<\/div>\n<\/div>\n<\/div>\n<\/div>\n<\/div>\n<p>[\/vc_column_text][\/vc_tta_section][\/vc_tta_accordion][\/vc_column][\/vc_row][vc_row][vc_column][vc_empty_space height=\u00a0\u00bb4em\u00a0\u00bb][\/vc_column][\/vc_row][vc_row][vc_column css=\u00a0\u00bb.vc_custom_1676559928115{border-top-width: 1px !important;border-right-width: 1px !important;border-bottom-width: 1px !important;border-left-width: 1px !important;background: #ffffff url(https:\/\/catchmedia.ca\/fr\/wp-content\/uploads\/2023\/02\/bg-calltoaction02-1-1.png?id=1614) !important;background-position: center !important;background-repeat: no-repeat !important;background-size: cover !important;border-left-color: #ffffff !important;border-left-style: solid !important;border-right-color: #ffffff !important;border-right-style: solid !important;border-top-color: #ffffff !important;border-top-style: solid !important;border-bottom-color: #ffffff !important;border-bottom-style: solid !important;border-radius: 25px !important;}\u00a0\u00bb el_class=\u00a0\u00bbbloc-call-to-action\u00a0\u00bb][vc_empty_space height=\u00a0\u00bb1em\u00a0\u00bb][vc_column_text]<\/p>\n<h3 style=\"text-align: center;\">Avez-vous besoin d&rsquo;une solution de marketing direct ?<br \/>\n<strong>CatchMedia <\/strong>vous proposera des solutions<br \/>\ncompl\u00e8tes et personnalis\u00e9es<\/h3>\n<p>[\/vc_column_text]<style type=\"text\/css\" data-type=\"the7_shortcodes-inline-css\">#default-btn-6284db8cf6be3c1f95f511917a47fdc4.ico-right-side > i {\n  margin-right: 0px;\n  margin-left: 8px;\n}\n#default-btn-6284db8cf6be3c1f95f511917a47fdc4 > i {\n  margin-right: 8px;\n}\n<\/style><div class=\"btn-align-center\"><a href=\"https:\/\/catchmedia.ca\/fr\/contact\/\" class=\"default-btn-shortcode dt-btn dt-btn-m link-hover-off \" id=\"default-btn-6284db8cf6be3c1f95f511917a47fdc4\" title=\"Contact\"><span>Parlons de votre projet<\/span><\/a><\/div>[vc_empty_space height=\u00a0\u00bb3em\u00a0\u00bb][\/vc_column][\/vc_row]<\/p>\n<\/section>","protected":false},"excerpt":{"rendered":"<p>[vc_row equal_height=\u00a0\u00bbyes\u00a0\u00bb content_placement=\u00a0\u00bbmiddle\u00a0\u00bb css=\u00a0\u00bb.vc_custom_1664983690613{margin-bottom: 50px !important;}\u00a0\u00bb][vc_column width=\u00a0\u00bb1\/2&Prime;][vc_single_image image=\u00a0\u00bb1000&Prime; img_size=\u00a0\u00bbfull\u00a0\u00bb alignment=\u00a0\u00bbcenter\u00a0\u00bb el_class=\u00a0\u00bbdisplay-on-mobile\u00a0\u00bb][vc_column_text] Boostez votre visibilit\u00e9 en ligne avec CatchMedia Chez CatchMedia, nous pla\u00e7ons votre marketing au c\u0153ur de notre strat\u00e9gie en ligne. Nous vous accompagnons pour booster votre visibilit\u00e9 sur les moteurs de recherche et les r\u00e9seaux sociaux, et ainsi atteindre vos objectifs de croissance. Faites&hellip;<\/p>\n","protected":false},"author":1,"featured_media":0,"parent":10,"menu_order":0,"comment_status":"closed","ping_status":"closed","template":"","meta":{"footnotes":""},"class_list":["post-413","page","type-page","status-publish","hentry","description-off"],"_links":{"self":[{"href":"https:\/\/catchmedia.ca\/fr\/wp-json\/wp\/v2\/pages\/413","targetHints":{"allow":["GET"]}}],"collection":[{"href":"https:\/\/catchmedia.ca\/fr\/wp-json\/wp\/v2\/pages"}],"about":[{"href":"https:\/\/catchmedia.ca\/fr\/wp-json\/wp\/v2\/types\/page"}],"author":[{"embeddable":true,"href":"https:\/\/catchmedia.ca\/fr\/wp-json\/wp\/v2\/users\/1"}],"replies":[{"embeddable":true,"href":"https:\/\/catchmedia.ca\/fr\/wp-json\/wp\/v2\/comments?post=413"}],"version-history":[{"count":2,"href":"https:\/\/catchmedia.ca\/fr\/wp-json\/wp\/v2\/pages\/413\/revisions"}],"predecessor-version":[{"id":2022,"href":"https:\/\/catchmedia.ca\/fr\/wp-json\/wp\/v2\/pages\/413\/revisions\/2022"}],"up":[{"embeddable":true,"href":"https:\/\/catchmedia.ca\/fr\/wp-json\/wp\/v2\/pages\/10"}],"wp:attachment":[{"href":"https:\/\/catchmedia.ca\/fr\/wp-json\/wp\/v2\/media?parent=413"}],"curies":[{"name":"wp","href":"https:\/\/api.w.org\/{rel}","templated":true}]}}