{"id":412,"date":"2022-10-04T18:17:49","date_gmt":"2022-10-04T16:17:49","guid":{"rendered":"https:\/\/lifemoz.mozenture-dev.com\/?page_id=412"},"modified":"2024-12-03T14:22:22","modified_gmt":"2024-12-03T13:22:22","slug":"impression","status":"publish","type":"page","link":"https:\/\/catchmedia.ca\/fr\/nos-expertises\/impression\/","title":{"rendered":"Impression"},"content":{"rendered":"<section class=\"wpb-content-wrapper\"><p>[vc_row equal_height=\u00a0\u00bbyes\u00a0\u00bb content_placement=\u00a0\u00bbmiddle\u00a0\u00bb css=\u00a0\u00bb.vc_custom_1664983690613{margin-bottom: 50px !important;}\u00a0\u00bb][vc_column width=\u00a0\u00bb1\/2&Prime;][vc_column_text]<\/p>\n<h1>IMPRESSION<\/h1>\n<p>Notre entreprise est sp\u00e9cialis\u00e9e dans les services d&rsquo;impression de qualit\u00e9 sup\u00e9rieure pour les entreprises de toutes tailles. Nous offrons une large gamme de services d&rsquo;impression, y compris l&rsquo;impression grand format, l&rsquo;impression offset, les formules d&rsquo;affaires, les \u00e9tiquettes, les v\u00eatements promotionnels et les v\u00eatements professionnels.[\/vc_column_text]<style type=\"text\/css\" data-type=\"the7_shortcodes-inline-css\">#default-btn-6ba34fff5d53dfbc86416ee0ed941991.ico-right-side > i {\n  margin-right: 0px;\n  margin-left: 8px;\n}\n#default-btn-6ba34fff5d53dfbc86416ee0ed941991 > i {\n  margin-right: 8px;\n}\n<\/style><a href=\"#sec-uxdesign\" class=\"default-btn-shortcode dt-btn dt-btn-m link-hover-off btn-inline-left \" id=\"default-btn-6ba34fff5d53dfbc86416ee0ed941991\"><span>D\u00e9couvrir<\/span><\/a><style type=\"text\/css\" data-type=\"the7_shortcodes-inline-css\">#default-btn-1bfd25c2aabf7383014f720e97e8082b.ico-right-side > i {\n  margin-right: 0px;\n  margin-left: 8px;\n}\n#default-btn-1bfd25c2aabf7383014f720e97e8082b > i {\n  margin-right: 8px;\n}\n<\/style><a href=\"https:\/\/catchmedia.ca\/fr\/contact\/\" class=\"default-btn-shortcode dt-btn dt-btn-m link-hover-off btn-inline-left  vc_custom_1689679541932\" id=\"default-btn-1bfd25c2aabf7383014f720e97e8082b\" title=\"Contact\"><span>Contactez-nous<\/span><\/a>[\/vc_column][vc_column width=\u00a0\u00bb1\/2&Prime;][vc_single_image image=\u00a0\u00bb1624&Prime; img_size=\u00a0\u00bbfull\u00a0\u00bb alignment=\u00a0\u00bbcenter\u00a0\u00bb][\/vc_column][\/vc_row][vc_row full_width=\u00a0\u00bbstretch_row_content_no_spaces\u00a0\u00bb equal_height=\u00a0\u00bbyes\u00a0\u00bb content_placement=\u00a0\u00bbmiddle\u00a0\u00bb bg_type=\u00a0\u00bbbg_color\u00a0\u00bb bg_color_value=\u00a0\u00bb#ffffff\u00a0\u00bb el_id=\u00a0\u00bbsec-uxdesign\u00a0\u00bb][vc_column width=\u00a0\u00bb1\/2&Prime; css=\u00a0\u00bb.vc_custom_1686843485733{padding-top: 45vh !important;background-image: url(https:\/\/catchmedia.ca\/fr\/wp-content\/uploads\/2023\/02\/echantillon-couleur-cmjn-design-spectrum-sample-concept-scaled-2.jpg?id=1627) !important;background-position: center !important;background-repeat: no-repeat !important;background-size: cover !important;}\u00a0\u00bb][\/vc_column][vc_column width=\u00a0\u00bb1\/2&Prime; css=\u00a0\u00bb.vc_custom_1665506297967{margin-top: 0px !important;margin-bottom: 0px !important;padding-bottom: 70px !important;}\u00a0\u00bb][vc_column_text css=\u00a0\u00bb.vc_custom_1688999465382{margin-top: 0px !important;margin-bottom: 15px !important;padding-top: 35px !important;padding-right: 35px !important;padding-bottom: 15px !important;padding-left: 35px !important;}\u00a0\u00bb]<\/p>\n<h5><span style=\"color: #e30613;\">Impression grand format, impression offset, impression num\u00e9rique<\/span><\/h5>\n<h2>AVEZ-VOUS DES BESOINS SPECIFIQUES ?<\/h2>\n<p>Chez <strong>CatchMedia<\/strong>, nous sommes fiers d&rsquo;offrir des services d&rsquo;impression de qualit\u00e9 sup\u00e9rieure pour r\u00e9pondre aux besoins de nos clients. Nous sommes d\u00e9termin\u00e9s \u00e0 offrir un service personnalis\u00e9 et une qualit\u00e9 d&rsquo;impression exceptionnelle pour aider votre entreprise \u00e0 r\u00e9ussir. Contactez-nous d\u00e8s aujourd&rsquo;hui pour en savoir plus sur nos services d&rsquo;impression et pour discuter de vos besoins sp\u00e9cifiques.[\/vc_column_text]<style type=\"text\/css\" data-type=\"the7_shortcodes-inline-css\">#default-btn-f03bae294e91d3a17b3d0e1db5955130.ico-right-side > i {\n  margin-right: 0px;\n  margin-left: 8px;\n}\n#default-btn-f03bae294e91d3a17b3d0e1db5955130 > i {\n  margin-right: 8px;\n}\n<\/style><a href=\"https:\/\/catchmedia.ca\/fr\/contact\/\" class=\"default-btn-shortcode dt-btn dt-btn-m link-hover-off btn-inline-left  vc_custom_1689679554021\" id=\"default-btn-f03bae294e91d3a17b3d0e1db5955130\" title=\"Contact\"><span>Nous confier votre projet<\/span><\/a>[\/vc_column][\/vc_row][vc_row css=\u00a0\u00bb.vc_custom_1665506928810{padding-top: 50px !important;padding-bottom: 70px !important;}\u00a0\u00bb][vc_column width=\u00a0\u00bb1\/6&Prime;][\/vc_column][vc_column width=\u00a0\u00bb2\/3&Prime;][vc_column_text el_class=\u00a0\u00bbtxt-citation\u00a0\u00bb]<\/p>\n<h3 style=\"text-align: center;\">\u00ab\u00a0Nous nous engageons avec nos clients comme des <b>partenaires<\/b> pour <b>faire grandir leur projet<\/b> en continu.\u00a0\u00bb<\/h3>\n<p>[\/vc_column_text][vc_row_inner el_class=\u00a0\u00bbbtn-centered\u00a0\u00bb][vc_column_inner]<style type=\"text\/css\" data-type=\"the7_shortcodes-inline-css\">#default-btn-98459fd03b75df021468e1025dff7236.ico-right-side > i {\n  margin-right: 0px;\n  margin-left: 8px;\n}\n#default-btn-98459fd03b75df021468e1025dff7236 > i {\n  margin-right: 8px;\n}\n<\/style><a href=\"https:\/\/catchmedia.ca\/fr\/realisations\/\" class=\"default-btn-shortcode dt-btn dt-btn-m link-hover-off btn-inline-left  vc_custom_1689679571500\" id=\"default-btn-98459fd03b75df021468e1025dff7236\" title=\"R\u00e9alisations\"><span>Nos r\u00e9alisations<\/span><\/a><style type=\"text\/css\" data-type=\"the7_shortcodes-inline-css\">#default-btn-7d0cff1cc950c28f32077ddd0d322781.ico-right-side > i {\n  margin-right: 0px;\n  margin-left: 8px;\n}\n#default-btn-7d0cff1cc950c28f32077ddd0d322781 > i {\n  margin-right: 8px;\n}\n<\/style><a href=\"https:\/\/catchmedia.ca\/fr\/contact\/\" class=\"default-btn-shortcode dt-btn dt-btn-m link-hover-off btn-reversed btn-inline-right  vc_custom_1689679587221\" id=\"default-btn-7d0cff1cc950c28f32077ddd0d322781\" title=\"Contact\"><span>On en discute ?<\/span><\/a>[\/vc_column_inner][\/vc_row_inner][\/vc_column][vc_column width=\u00a0\u00bb1\/6&Prime;][\/vc_column][\/vc_row][vc_row css=\u00a0\u00bb.vc_custom_1665506230925{padding-top: 50px !important;}\u00a0\u00bb][vc_column width=\u00a0\u00bb1\/2&Prime;][vc_column_text]<\/p>\n<h2>Nous vous accompagnons \u00e0 plusieurs niveaux<\/h2>\n<p>Nous sommes en mesure d&rsquo;imprimer des affiches, des banni\u00e8res, des panneaux publicitaires, des autocollants et bien plus encore. Nous utilisons des encres de haute qualit\u00e9 pour garantir une durabilit\u00e9 et une r\u00e9sistance aux intemp\u00e9ries exceptionnelles. Que ce soit pour une utilisation en int\u00e9rieur ou en ext\u00e9rieur, nous avons la solution d&rsquo;impression pour r\u00e9pondre \u00e0 vos besoins.[\/vc_column_text]<style type=\"text\/css\" data-type=\"the7_shortcodes-inline-css\">#default-btn-fb20513fb175d3a9453b75ede68e7b4e.ico-right-side > i {\n  margin-right: 0px;\n  margin-left: 8px;\n}\n#default-btn-fb20513fb175d3a9453b75ede68e7b4e > i {\n  margin-right: 8px;\n}\n<\/style><a href=\"https:\/\/catchmedia.ca\/fr\/contact\/\" class=\"default-btn-shortcode dt-btn dt-btn-m link-hover-off btn-inline-left \" id=\"default-btn-fb20513fb175d3a9453b75ede68e7b4e\" title=\"Contact\"><span>Nous confier votre projet<\/span><\/a>[\/vc_column][vc_column width=\u00a0\u00bb1\/2&Prime;][vc_btn title=\u00a0\u00bbImprimerie commerciale (offset)\u00a0\u00bb style=\u00a0\u00bboutline\u00a0\u00bb color=\u00a0\u00bbdefault\u00a0\u00bb size=\u00a0\u00bblg\u00a0\u00bb align=\u00a0\u00bbleft\u00a0\u00bb i_icon_fontawesome=\u00a0\u00bbfas fa-arrow-right\u00a0\u00bb button_block=\u00a0\u00bbtrue\u00a0\u00bb add_icon=\u00a0\u00bbtrue\u00a0\u00bb css=\u00a0\u00bb.vc_custom_1733232058862{margin-bottom: 10px !important;}\u00a0\u00bb link=\u00a0\u00bburl:https%3A%2F%2Fcatchmedia.ca%2Ffr%2Fnos-expertises%2Fimpression%2Fimpression-offset%2F|title:Impression%20Offset\u00a0\u00bb][vc_btn title=\u00a0\u00bbFormules d\u2019affaire\u00a0\u00bb style=\u00a0\u00bboutline\u00a0\u00bb color=\u00a0\u00bbdefault\u00a0\u00bb size=\u00a0\u00bblg\u00a0\u00bb align=\u00a0\u00bbleft\u00a0\u00bb i_icon_fontawesome=\u00a0\u00bbfas fa-arrow-right\u00a0\u00bb button_block=\u00a0\u00bbtrue\u00a0\u00bb add_icon=\u00a0\u00bbtrue\u00a0\u00bb css=\u00a0\u00bb.vc_custom_1733232043151{margin-bottom: 10px !important;}\u00a0\u00bb link=\u00a0\u00bburl:https%3A%2F%2Fcatchmedia.ca%2Ffr%2Fnos-expertises%2Fimpression%2Fformules-daffaire%2F|title:Formules%20d%E2%80%99affaire\u00a0\u00bb][vc_btn title=\u00a0\u00bb\u00c9tiquettes (Labels)\u00a0\u00bb style=\u00a0\u00bboutline\u00a0\u00bb color=\u00a0\u00bbdefault\u00a0\u00bb size=\u00a0\u00bblg\u00a0\u00bb align=\u00a0\u00bbleft\u00a0\u00bb i_icon_fontawesome=\u00a0\u00bbfas fa-arrow-right\u00a0\u00bb button_block=\u00a0\u00bbtrue\u00a0\u00bb add_icon=\u00a0\u00bbtrue\u00a0\u00bb css=\u00a0\u00bb.vc_custom_1733232068587{margin-bottom: 10px !important;}\u00a0\u00bb link=\u00a0\u00bburl:https%3A%2F%2Fcatchmedia.ca%2Ffr%2Fnos-expertises%2Fimpression%2Fetiquettes%2F|title:%C3%89tiquettes%20(Labels)\u00a0\u00bb][vc_btn title=\u00a0\u00bbV\u00eatements personnalis\u00e9s et Articles promotionnels\u00a0\u00bb style=\u00a0\u00bboutline\u00a0\u00bb color=\u00a0\u00bbdefault\u00a0\u00bb size=\u00a0\u00bblg\u00a0\u00bb align=\u00a0\u00bbleft\u00a0\u00bb i_icon_fontawesome=\u00a0\u00bbfas fa-arrow-right\u00a0\u00bb button_block=\u00a0\u00bbtrue\u00a0\u00bb add_icon=\u00a0\u00bbtrue\u00a0\u00bb css=\u00a0\u00bb.vc_custom_1733232093750{margin-bottom: 10px !important;}\u00a0\u00bb link=\u00a0\u00bburl:https%3A%2F%2Fcatchmedia.ca%2Ffr%2Fnos-expertises%2Fimpression%2Fvetements-personnalises-et-articles-promotionnels%2F|title:V%C3%AAtements%20personnalis%C3%A9s%20et%20Articles%20promotionnels\u00a0\u00bb][vc_btn title=\u00a0\u00bbService d\u2019enseigne\u00a0\u00bb style=\u00a0\u00bboutline\u00a0\u00bb color=\u00a0\u00bbdefault\u00a0\u00bb size=\u00a0\u00bblg\u00a0\u00bb align=\u00a0\u00bbleft\u00a0\u00bb i_icon_fontawesome=\u00a0\u00bbfas fa-arrow-right\u00a0\u00bb button_block=\u00a0\u00bbtrue\u00a0\u00bb add_icon=\u00a0\u00bbtrue\u00a0\u00bb css=\u00a0\u00bb.vc_custom_1733232103053{margin-bottom: 10px !important;}\u00a0\u00bb link=\u00a0\u00bburl:https%3A%2F%2Fcatchmedia.ca%2Ffr%2Fnos-expertises%2Fimpression%2Fservice-denseigne%2F|title:Service%20d%E2%80%99enseigne\u00a0\u00bb][vc_btn title=\u00a0\u00bbCartes (Cartes de plastique)\u00a0\u00bb style=\u00a0\u00bboutline\u00a0\u00bb color=\u00a0\u00bbdefault\u00a0\u00bb size=\u00a0\u00bblg\u00a0\u00bb align=\u00a0\u00bbleft\u00a0\u00bb i_icon_fontawesome=\u00a0\u00bbfas fa-arrow-right\u00a0\u00bb button_block=\u00a0\u00bbtrue\u00a0\u00bb add_icon=\u00a0\u00bbtrue\u00a0\u00bb css=\u00a0\u00bb.vc_custom_1733232124830{margin-bottom: 10px !important;}\u00a0\u00bb link=\u00a0\u00bburl:https%3A%2F%2Fcatchmedia.ca%2Ffr%2Fnos-expertises%2Fimpression%2Fcartes-de-plastiques%2F|title:Cartes%20(Carte%20Plus)\u00a0\u00bb][vc_btn title=\u00a0\u00bbEmballage\u00a0\u00bb style=\u00a0\u00bboutline\u00a0\u00bb color=\u00a0\u00bbdefault\u00a0\u00bb size=\u00a0\u00bblg\u00a0\u00bb align=\u00a0\u00bbleft\u00a0\u00bb i_icon_fontawesome=\u00a0\u00bbfas fa-arrow-right\u00a0\u00bb button_block=\u00a0\u00bbtrue\u00a0\u00bb add_icon=\u00a0\u00bbtrue\u00a0\u00bb css=\u00a0\u00bb.vc_custom_1733232136879{margin-bottom: 10px !important;}\u00a0\u00bb link=\u00a0\u00bburl:https%3A%2F%2Fcatchmedia.ca%2Ffr%2Fnos-expertises%2Fimpression%2Femballage%2F|title:Emballage\u00a0\u00bb][\/vc_column][\/vc_row][vc_row][vc_column][vc_empty_space height=\u00a0\u00bb4em\u00a0\u00bb][\/vc_column][\/vc_row][vc_row][vc_column css=\u00a0\u00bb.vc_custom_1676385916630{border-top-width: 1px !important;border-right-width: 1px !important;border-bottom-width: 1px !important;border-left-width: 1px !important;background: #ffffff url(https:\/\/catchmedia.ca\/fr\/wp-content\/uploads\/2023\/02\/bg-calltoaction02-1-1.png?id=1614) !important;background-position: center !important;background-repeat: no-repeat !important;background-size: cover !important;border-left-color: #ffffff !important;border-left-style: solid !important;border-right-color: #ffffff !important;border-right-style: solid !important;border-top-color: #ffffff !important;border-top-style: solid !important;border-bottom-color: #ffffff !important;border-bottom-style: solid !important;border-radius: 25px !important;}\u00a0\u00bb el_class=\u00a0\u00bbbloc-call-to-action\u00a0\u00bb][vc_empty_space height=\u00a0\u00bb1em\u00a0\u00bb][vc_column_text]<\/p>\n<h3 style=\"text-align: center;\">Avez-vous besoin d&rsquo;un expert en impression ?<br \/>\n<strong>CatchMedia <\/strong>vous proposera des solutions<br \/>\ncompl\u00e8tes et personnalis\u00e9es<\/h3>\n<p>[\/vc_column_text]<style type=\"text\/css\" data-type=\"the7_shortcodes-inline-css\">#default-btn-6284db8cf6be3c1f95f511917a47fdc4.ico-right-side > i {\n  margin-right: 0px;\n  margin-left: 8px;\n}\n#default-btn-6284db8cf6be3c1f95f511917a47fdc4 > i {\n  margin-right: 8px;\n}\n<\/style><div class=\"btn-align-center\"><a href=\"https:\/\/catchmedia.ca\/fr\/contact\/\" class=\"default-btn-shortcode dt-btn dt-btn-m link-hover-off \" id=\"default-btn-6284db8cf6be3c1f95f511917a47fdc4\" title=\"Contact\"><span>Parlons de votre projet<\/span><\/a><\/div>[vc_empty_space height=\u00a0\u00bb3em\u00a0\u00bb][\/vc_column][\/vc_row]<\/p>\n<\/section>","protected":false},"excerpt":{"rendered":"<p>[vc_row equal_height=\u00a0\u00bbyes\u00a0\u00bb content_placement=\u00a0\u00bbmiddle\u00a0\u00bb css=\u00a0\u00bb.vc_custom_1664983690613{margin-bottom: 50px !important;}\u00a0\u00bb][vc_column width=\u00a0\u00bb1\/2&Prime;][vc_column_text] IMPRESSION Notre entreprise est sp\u00e9cialis\u00e9e dans les services d&rsquo;impression de qualit\u00e9 sup\u00e9rieure pour les entreprises de toutes tailles. Nous offrons une large gamme de services d&rsquo;impression, y compris l&rsquo;impression grand format, l&rsquo;impression offset, les formules d&rsquo;affaires, les \u00e9tiquettes, les v\u00eatements promotionnels et les v\u00eatements professionnels.[\/vc_column_text][\/vc_column][vc_column width=\u00a0\u00bb1\/2&Prime;][vc_single_image image=\u00a0\u00bb1624&Prime; img_size=\u00a0\u00bbfull\u00a0\u00bb&hellip;<\/p>\n","protected":false},"author":1,"featured_media":0,"parent":10,"menu_order":0,"comment_status":"closed","ping_status":"closed","template":"","meta":{"footnotes":""},"class_list":["post-412","page","type-page","status-publish","hentry","description-off"],"_links":{"self":[{"href":"https:\/\/catchmedia.ca\/fr\/wp-json\/wp\/v2\/pages\/412","targetHints":{"allow":["GET"]}}],"collection":[{"href":"https:\/\/catchmedia.ca\/fr\/wp-json\/wp\/v2\/pages"}],"about":[{"href":"https:\/\/catchmedia.ca\/fr\/wp-json\/wp\/v2\/types\/page"}],"author":[{"embeddable":true,"href":"https:\/\/catchmedia.ca\/fr\/wp-json\/wp\/v2\/users\/1"}],"replies":[{"embeddable":true,"href":"https:\/\/catchmedia.ca\/fr\/wp-json\/wp\/v2\/comments?post=412"}],"version-history":[{"count":3,"href":"https:\/\/catchmedia.ca\/fr\/wp-json\/wp\/v2\/pages\/412\/revisions"}],"predecessor-version":[{"id":2098,"href":"https:\/\/catchmedia.ca\/fr\/wp-json\/wp\/v2\/pages\/412\/revisions\/2098"}],"up":[{"embeddable":true,"href":"https:\/\/catchmedia.ca\/fr\/wp-json\/wp\/v2\/pages\/10"}],"wp:attachment":[{"href":"https:\/\/catchmedia.ca\/fr\/wp-json\/wp\/v2\/media?parent=412"}],"curies":[{"name":"wp","href":"https:\/\/api.w.org\/{rel}","templated":true}]}}