{"id":410,"date":"2022-10-04T18:17:55","date_gmt":"2022-10-04T16:17:55","guid":{"rendered":"https:\/\/lifemoz.mozenture-dev.com\/?page_id=410"},"modified":"2023-07-18T13:16:42","modified_gmt":"2023-07-18T11:16:42","slug":"creation-site-internet","status":"publish","type":"page","link":"https:\/\/catchmedia.ca\/fr\/nos-expertises\/creation-site-internet\/","title":{"rendered":"Cr\u00e9ation site internet"},"content":{"rendered":"<section class=\"wpb-content-wrapper\"><p>[vc_row equal_height=\u00a0\u00bbyes\u00a0\u00bb content_placement=\u00a0\u00bbmiddle\u00a0\u00bb css=\u00a0\u00bb.vc_custom_1664983690613{margin-bottom: 50px !important;}\u00a0\u00bb][vc_column width=\u00a0\u00bb1\/2&Prime;][vc_single_image image=\u00a0\u00bb919&Prime; img_size=\u00a0\u00bbfull\u00a0\u00bb alignment=\u00a0\u00bbcenter\u00a0\u00bb el_class=\u00a0\u00bbdisplay-on-mobile\u00a0\u00bb][vc_column_text]<\/p>\n<h1>Chez <strong>CatchMedia<\/strong>, nous sommes passionn\u00e9s par la cr\u00e9ation d&rsquo;exp\u00e9riences m\u00e9morables et interactives pour nos clients<\/h1>\n<p>Besoin de cr\u00e9er un nouveau site internet, une plateforme m\u00e9tier ? Nous mettons \u00e0 votre service nos expertises en conception et d\u00e9veloppement web acquis.[\/vc_column_text]<style type=\"text\/css\" data-type=\"the7_shortcodes-inline-css\">#default-btn-a6a42b70bdd9c856c5d28146dbdb6d88.ico-right-side > i {\n  margin-right: 0px;\n  margin-left: 8px;\n}\n#default-btn-a6a42b70bdd9c856c5d28146dbdb6d88 > i {\n  margin-right: 8px;\n}\n<\/style><a href=\"#sec-siteinternet\" class=\"default-btn-shortcode dt-btn dt-btn-m link-hover-off btn-inline-left \" id=\"default-btn-a6a42b70bdd9c856c5d28146dbdb6d88\"><span>D\u00e9couvrir<\/span><\/a><style type=\"text\/css\" data-type=\"the7_shortcodes-inline-css\">#default-btn-f98097d0ddbe4337d65299f95bb181ea.ico-right-side > i {\n  margin-right: 0px;\n  margin-left: 8px;\n}\n#default-btn-f98097d0ddbe4337d65299f95bb181ea > i {\n  margin-right: 8px;\n}\n<\/style><a href=\"https:\/\/catchmedia.ca\/fr\/contact\/\" class=\"default-btn-shortcode dt-btn dt-btn-m link-hover-off btn-inline-left  vc_custom_1689678894509\" id=\"default-btn-f98097d0ddbe4337d65299f95bb181ea\" title=\"Contact\"><span>Contactez-nous<\/span><\/a>[\/vc_column][vc_column width=\u00a0\u00bb1\/2&Prime;][vc_single_image image=\u00a0\u00bb1653&Prime; img_size=\u00a0\u00bbfull\u00a0\u00bb alignment=\u00a0\u00bbcenter\u00a0\u00bb el_class=\u00a0\u00bbhide-on-mobile\u00a0\u00bb][\/vc_column][\/vc_row][vc_row full_width=\u00a0\u00bbstretch_row_content_no_spaces\u00a0\u00bb equal_height=\u00a0\u00bbyes\u00a0\u00bb content_placement=\u00a0\u00bbmiddle\u00a0\u00bb bg_type=\u00a0\u00bbbg_color\u00a0\u00bb bg_color_value=\u00a0\u00bb#ffffff\u00a0\u00bb el_id=\u00a0\u00bbsec-siteinternet\u00a0\u00bb][vc_column width=\u00a0\u00bb1\/2&Prime; css=\u00a0\u00bb.vc_custom_1665503766478{background-image: url(https:\/\/catchmedia.ca\/fr\/wp-content\/uploads\/2022\/10\/john-schnobrich-FlPc9_VocJ4-unsplash-1.jpg?id=861) !important;background-position: center !important;background-repeat: no-repeat !important;background-size: cover !important;}\u00a0\u00bb][\/vc_column][vc_column width=\u00a0\u00bb1\/2&Prime; css=\u00a0\u00bb.vc_custom_1665506297967{margin-top: 0px !important;margin-bottom: 0px !important;padding-bottom: 70px !important;}\u00a0\u00bb][vc_column_text css=\u00a0\u00bb.vc_custom_1688998814440{margin-top: 0px !important;margin-bottom: 15px !important;padding-top: 35px !important;padding-right: 35px !important;padding-bottom: 15px !important;padding-left: 35px !important;}\u00a0\u00bb]<\/p>\n<h2>Si vous cherchez \u00e0 cr\u00e9er un site web centr\u00e9 sur l&rsquo;utilisateur, vous \u00eates au bon endroit.<\/h2>\n<p>Dans l&rsquo;\u00e8re du num\u00e9rique, la cr\u00e9ation d&rsquo;un site internet est aujourd&rsquo;hui une n\u00e9cessit\u00e9. Il est primordial que votre site web r\u00e9ponde aux attentes des visiteurs et qu&rsquo;il soit r\u00e9guli\u00e8rement mis \u00e0 jour avec les derni\u00e8res technologies disponibles pour vous d\u00e9marquer de vos concurrents.<\/p>\n<p>Avec plus de 500 projets r\u00e9alis\u00e9s et plusieurs ann\u00e9es d&rsquo;exp\u00e9rience, <strong>CatchMedia <\/strong>est l\u00e0 pour vous aider \u00e0 concevoir un site centr\u00e9 sur l&rsquo;utilisateur. Nous vous conseillons sur les meilleures technologies \u00e0 utiliser et vous guidons dans la cr\u00e9ation de votre site pour obtenir les meilleurs r\u00e9sultats.[\/vc_column_text]<style type=\"text\/css\" data-type=\"the7_shortcodes-inline-css\">#default-btn-f142742afb18b387f6aa0a665654cd88.ico-right-side > i {\n  margin-right: 0px;\n  margin-left: 8px;\n}\n#default-btn-f142742afb18b387f6aa0a665654cd88 > i {\n  margin-right: 8px;\n}\n<\/style><a href=\"https:\/\/catchmedia.ca\/fr\/contact\/\" class=\"default-btn-shortcode dt-btn dt-btn-m link-hover-off btn-inline-left  vc_custom_1689678911751\" id=\"default-btn-f142742afb18b387f6aa0a665654cd88\" title=\"Contact\"><span>Nous confier votre projet<\/span><\/a>[\/vc_column][\/vc_row][vc_row css=\u00a0\u00bb.vc_custom_1665506928810{padding-top: 50px !important;padding-bottom: 70px !important;}\u00a0\u00bb][vc_column width=\u00a0\u00bb1\/6&Prime;][\/vc_column][vc_column width=\u00a0\u00bb2\/3&Prime;][vc_column_text el_class=\u00a0\u00bbtxt-citation\u00a0\u00bb]<\/p>\n<h3 style=\"text-align: center;\">\u00ab\u00a0Nous nous engageons avec nos clients comme des <b>partenaires<\/b> pour <b>faire grandir leur projet<\/b> en continu.\u00a0\u00bb<\/h3>\n<p>[\/vc_column_text][vc_row_inner el_class=\u00a0\u00bbbtn-centered\u00a0\u00bb][vc_column_inner]<style type=\"text\/css\" data-type=\"the7_shortcodes-inline-css\">#default-btn-896c3b9ccf224d97126693bf4f4517ab.ico-right-side > i {\n  margin-right: 0px;\n  margin-left: 8px;\n}\n#default-btn-896c3b9ccf224d97126693bf4f4517ab > i {\n  margin-right: 8px;\n}\n<\/style><a href=\"https:\/\/catchmedia.ca\/fr\/realisations\/\" class=\"default-btn-shortcode dt-btn dt-btn-m link-hover-off btn-inline-left  vc_custom_1689678930926\" id=\"default-btn-896c3b9ccf224d97126693bf4f4517ab\" title=\"R\u00e9alisations\"><span>Nos r\u00e9alisations<\/span><\/a><style type=\"text\/css\" data-type=\"the7_shortcodes-inline-css\">#default-btn-33e96ee3948c002a4fff5d37d05dee20.ico-right-side > i {\n  margin-right: 0px;\n  margin-left: 8px;\n}\n#default-btn-33e96ee3948c002a4fff5d37d05dee20 > i {\n  margin-right: 8px;\n}\n<\/style><a href=\"https:\/\/catchmedia.ca\/fr\/contact\/\" class=\"default-btn-shortcode dt-btn dt-btn-m link-hover-off btn-reversed btn-inline-right  vc_custom_1689678946361\" id=\"default-btn-33e96ee3948c002a4fff5d37d05dee20\" title=\"Contact\"><span>On en discute ?<\/span><\/a>[\/vc_column_inner][\/vc_row_inner][\/vc_column][vc_column width=\u00a0\u00bb1\/6&Prime;][\/vc_column][\/vc_row][vc_row css=\u00a0\u00bb.vc_custom_1665506230925{padding-top: 50px !important;}\u00a0\u00bb][vc_column width=\u00a0\u00bb1\/2&Prime;][vc_column_text]<\/p>\n<h5><span style=\"color: #e30613;\">Attirez gr\u00e2ce \u00e0 votre site internet des clients qualifi\u00e9s<\/span><\/h5>\n<h2>Donnez une nouvelle dimension \u00e0 votre pr\u00e9sence sur le march\u00e9 gr\u00e2ce \u00e0 la digitalisation.<\/h2>\n<p>La cr\u00e9ation d&rsquo;un site internet peut s&rsquo;av\u00e9rer \u00eatre un atout consid\u00e9rable dans votre strat\u00e9gie de marketing digital. En effet, un site bien con\u00e7u peut attirer de nouveaux prospects et aider les internautes ind\u00e9cis \u00e0 choisir votre entreprise parmi plusieurs alternatives.<\/p>\n<p>De plus, l&rsquo;utilisation d&rsquo;outils statistiques vous permettra d&rsquo;obtenir des informations pr\u00e9cieuses sur vos visiteurs, telles que leurs int\u00e9r\u00eats et leurs pr\u00e9f\u00e9rences, qui vous aideront \u00e0 optimiser votre site pour am\u00e9liorer votre taux de conversion et atteindre vos objectifs commerciaux.[\/vc_column_text]<style type=\"text\/css\" data-type=\"the7_shortcodes-inline-css\">#default-btn-fb20513fb175d3a9453b75ede68e7b4e.ico-right-side > i {\n  margin-right: 0px;\n  margin-left: 8px;\n}\n#default-btn-fb20513fb175d3a9453b75ede68e7b4e > i {\n  margin-right: 8px;\n}\n<\/style><a href=\"https:\/\/catchmedia.ca\/fr\/contact\/\" class=\"default-btn-shortcode dt-btn dt-btn-m link-hover-off btn-inline-left \" id=\"default-btn-fb20513fb175d3a9453b75ede68e7b4e\" title=\"Contact\"><span>Nous confier votre projet<\/span><\/a>[\/vc_column][vc_column width=\u00a0\u00bb1\/2&Prime;][vc_tta_accordion title_tag=\u00a0\u00bbh4&Prime; style=\u00a0\u00bbflat\u00a0\u00bb c_icon=\u00a0\u00bbchevron\u00a0\u00bb c_position=\u00a0\u00bbright\u00a0\u00bb active_section=\u00a0\u00bb\u00a0\u00bb no_fill=\u00a0\u00bbtrue\u00a0\u00bb css=\u00a0\u00bb.vc_custom_1665504569739{padding-top: 10px !important;padding-bottom: 10px !important;}\u00a0\u00bb][vc_tta_section i_icon_fontawesome=\u00a0\u00bbfab fa-wordpress\u00a0\u00bb add_icon=\u00a0\u00bbtrue\u00a0\u00bb title=\u00a0\u00bbSITES WORDPRESS\u00a0\u00bb tab_id=\u00a0\u00bb1665504324768-3efdd481-0055&Prime;][vc_column_text]Un CMS simple, facile \u00e0 utiliser et naturellement optimis\u00e9 pour le r\u00e9f\u00e9rencement naturel.[\/vc_column_text][\/vc_tta_section][vc_tta_section i_icon_fontawesome=\u00a0\u00bbfas fa-cart-arrow-down\u00a0\u00bb add_icon=\u00a0\u00bbtrue\u00a0\u00bb title=\u00a0\u00bbSITES E-COMMERCE\u00a0\u00bb tab_id=\u00a0\u00bb1665504324322-4d0c6633-c63c\u00a0\u00bb][vc_column_text]Offrez \u00e0 vos clients une boutique en ligne et d\u00e9veloppez votre site marchand.[\/vc_column_text][\/vc_tta_section][vc_tta_section i_icon_fontawesome=\u00a0\u00bbfas fa-chart-line\u00a0\u00bb add_icon=\u00a0\u00bbtrue\u00a0\u00bb title=\u00a0\u00bbINTRANET\/EXTRANET\u00a0\u00bb tab_id=\u00a0\u00bb1665504323721-7ddb14a2-3ca3&Prime;][vc_column_text]Des plateformes s\u00e9curis\u00e9es pour collaborer avec vos coll\u00e8gues et vos clients.[\/vc_column_text][\/vc_tta_section][vc_tta_section i_icon_fontawesome=\u00a0\u00bbfab fa-wikipedia-w\u00a0\u00bb add_icon=\u00a0\u00bbtrue\u00a0\u00bb title=\u00a0\u00bbNOM DE DOMAINE &amp; H\u00c9BERGEMENT\u00a0\u00bb tab_id=\u00a0\u00bb1665504322674-73b32fd7-01fa\u00a0\u00bb][vc_column_text]La gestion et la s\u00e9curisation de votre h\u00e9bergement confi\u00e9es \u00e0 des experts[\/vc_column_text][\/vc_tta_section][\/vc_tta_accordion][\/vc_column][\/vc_row][vc_row][vc_column][vc_empty_space height=\u00a0\u00bb4em\u00a0\u00bb][\/vc_column][\/vc_row][vc_row][vc_column css=\u00a0\u00bb.vc_custom_1676558894571{border-top-width: 1px !important;border-right-width: 1px !important;border-bottom-width: 1px !important;border-left-width: 1px !important;background: #ffffff url(https:\/\/catchmedia.ca\/fr\/wp-content\/uploads\/2023\/02\/bg-calltoaction02-1-1.png?id=1614) !important;background-position: center !important;background-repeat: no-repeat !important;background-size: cover !important;border-left-color: #ffffff !important;border-left-style: solid !important;border-right-color: #ffffff !important;border-right-style: solid !important;border-top-color: #ffffff !important;border-top-style: solid !important;border-bottom-color: #ffffff !important;border-bottom-style: solid !important;border-radius: 25px !important;}\u00a0\u00bb el_class=\u00a0\u00bbbloc-call-to-action\u00a0\u00bb][vc_empty_space height=\u00a0\u00bb1em\u00a0\u00bb][vc_column_text]<\/p>\n<h3 style=\"text-align: center;\">Avez-vous un projet de cr\u00e9ation de site web ?<br \/>\n<strong>CatchMedia <\/strong>vous proposera des solutions<br \/>\ncompl\u00e8tes et personnalis\u00e9es<\/h3>\n<p>[\/vc_column_text]<style type=\"text\/css\" data-type=\"the7_shortcodes-inline-css\">#default-btn-6284db8cf6be3c1f95f511917a47fdc4.ico-right-side > i {\n  margin-right: 0px;\n  margin-left: 8px;\n}\n#default-btn-6284db8cf6be3c1f95f511917a47fdc4 > i {\n  margin-right: 8px;\n}\n<\/style><div class=\"btn-align-center\"><a href=\"https:\/\/catchmedia.ca\/fr\/contact\/\" class=\"default-btn-shortcode dt-btn dt-btn-m link-hover-off \" id=\"default-btn-6284db8cf6be3c1f95f511917a47fdc4\" title=\"Contact\"><span>Parlons de votre projet<\/span><\/a><\/div>[vc_empty_space height=\u00a0\u00bb3em\u00a0\u00bb][\/vc_column][\/vc_row]<\/p>\n<\/section>","protected":false},"excerpt":{"rendered":"<p>[vc_row equal_height=\u00a0\u00bbyes\u00a0\u00bb content_placement=\u00a0\u00bbmiddle\u00a0\u00bb css=\u00a0\u00bb.vc_custom_1664983690613{margin-bottom: 50px !important;}\u00a0\u00bb][vc_column width=\u00a0\u00bb1\/2&Prime;][vc_single_image image=\u00a0\u00bb919&Prime; img_size=\u00a0\u00bbfull\u00a0\u00bb alignment=\u00a0\u00bbcenter\u00a0\u00bb el_class=\u00a0\u00bbdisplay-on-mobile\u00a0\u00bb][vc_column_text] Chez CatchMedia, nous sommes passionn\u00e9s par la cr\u00e9ation d&rsquo;exp\u00e9riences m\u00e9morables et interactives pour nos clients Besoin de cr\u00e9er un nouveau site internet, une plateforme m\u00e9tier ? Nous mettons \u00e0 votre service nos expertises en conception et d\u00e9veloppement web acquis.[\/vc_column_text][\/vc_column][vc_column width=\u00a0\u00bb1\/2&Prime;][vc_single_image image=\u00a0\u00bb1653&Prime; img_size=\u00a0\u00bbfull\u00a0\u00bb alignment=\u00a0\u00bbcenter\u00a0\u00bb el_class=\u00a0\u00bbhide-on-mobile\u00a0\u00bb][\/vc_column][\/vc_row][vc_row&hellip;<\/p>\n","protected":false},"author":1,"featured_media":0,"parent":10,"menu_order":0,"comment_status":"closed","ping_status":"closed","template":"","meta":{"footnotes":""},"class_list":["post-410","page","type-page","status-publish","hentry","description-off"],"_links":{"self":[{"href":"https:\/\/catchmedia.ca\/fr\/wp-json\/wp\/v2\/pages\/410","targetHints":{"allow":["GET"]}}],"collection":[{"href":"https:\/\/catchmedia.ca\/fr\/wp-json\/wp\/v2\/pages"}],"about":[{"href":"https:\/\/catchmedia.ca\/fr\/wp-json\/wp\/v2\/types\/page"}],"author":[{"embeddable":true,"href":"https:\/\/catchmedia.ca\/fr\/wp-json\/wp\/v2\/users\/1"}],"replies":[{"embeddable":true,"href":"https:\/\/catchmedia.ca\/fr\/wp-json\/wp\/v2\/comments?post=410"}],"version-history":[{"count":2,"href":"https:\/\/catchmedia.ca\/fr\/wp-json\/wp\/v2\/pages\/410\/revisions"}],"predecessor-version":[{"id":2015,"href":"https:\/\/catchmedia.ca\/fr\/wp-json\/wp\/v2\/pages\/410\/revisions\/2015"}],"up":[{"embeddable":true,"href":"https:\/\/catchmedia.ca\/fr\/wp-json\/wp\/v2\/pages\/10"}],"wp:attachment":[{"href":"https:\/\/catchmedia.ca\/fr\/wp-json\/wp\/v2\/media?parent=410"}],"curies":[{"name":"wp","href":"https:\/\/api.w.org\/{rel}","templated":true}]}}