{"id":1906,"date":"2023-06-15T11:42:57","date_gmt":"2023-06-15T09:42:57","guid":{"rendered":"https:\/\/catchmedia.mozenture-dev.com\/?page_id=1906"},"modified":"2023-07-18T17:03:38","modified_gmt":"2023-07-18T15:03:38","slug":"produits-dexposition","status":"publish","type":"page","link":"https:\/\/catchmedia.ca\/fr\/nos-expertises\/impression\/produits-dexposition\/","title":{"rendered":"Produits d\u2019exposition"},"content":{"rendered":"<section class=\"wpb-content-wrapper\"><p>[vc_row full_width=\u00a0\u00bbstretch_row_content_no_spaces\u00a0\u00bb equal_height=\u00a0\u00bbyes\u00a0\u00bb content_placement=\u00a0\u00bbmiddle\u00a0\u00bb bg_type=\u00a0\u00bbbg_color\u00a0\u00bb bg_color_value=\u00a0\u00bb#ffffff\u00a0\u00bb el_id=\u00a0\u00bbsec-uxdesign\u00a0\u00bb][vc_column width=\u00a0\u00bb1\/2&Prime; css=\u00a0\u00bb.vc_custom_1665506297967{margin-top: 0px !important;margin-bottom: 0px !important;padding-bottom: 70px !important;}\u00a0\u00bb][vc_column_text css=\u00a0\u00bb.vc_custom_1686821988213{margin-top: 0px !important;margin-bottom: 15px !important;padding-top: 35px !important;padding-right: 35px !important;padding-bottom: 15px !important;padding-left: 35px !important;}\u00a0\u00bb]<\/p>\n<h5><\/h5>\n<h2>Produits d&rsquo;exposition pour des pr\u00e9sentations remarquables<\/h2>\n<p style=\"font-weight: 400;\">D\u00e9couvrez notre s\u00e9lection compl\u00e8te de produits d&rsquo;exposition sur notre site web, con\u00e7us pour vous aider \u00e0 cr\u00e9er des pr\u00e9sentations remarquables qui captiveront votre public. Que vous participiez \u00e0 un salon professionnel, \u00e0 une foire commerciale ou \u00e0 tout autre \u00e9v\u00e9nement promotionnel, notre gamme de produits d&rsquo;exposition est l\u00e0 pour vous accompagner.<\/p>\n<p>[\/vc_column_text]<style type=\"text\/css\" data-type=\"the7_shortcodes-inline-css\">#default-btn-017b0cc50d3ac2e17126efef41a6fa46.ico-right-side > i {\n  margin-right: 0px;\n  margin-left: 8px;\n}\n#default-btn-017b0cc50d3ac2e17126efef41a6fa46 > i {\n  margin-right: 8px;\n}\n<\/style><a href=\"https:\/\/catchmedia.ca\/fr\/contact\/\" class=\"default-btn-shortcode dt-btn dt-btn-m link-hover-off btn-inline-left  vc_custom_1689692586337\" id=\"default-btn-017b0cc50d3ac2e17126efef41a6fa46\" title=\"Contact\"><span>Nous confier votre projet<\/span><\/a>[\/vc_column][vc_column width=\u00a0\u00bb1\/2&Prime; css=\u00a0\u00bb.vc_custom_1687254719817{padding-top: 60vh !important;background-image: url(https:\/\/catchmedia.ca\/fr\/wp-content\/uploads\/2023\/06\/wall-banner-cloth-with-exhibition-table-cloth-directors-chairs-pullup-banners-mockup-scaled-2.jpg?id=1959) !important;background-position: center !important;background-repeat: no-repeat !important;background-size: cover !important;}\u00a0\u00bb][\/vc_column][\/vc_row][vc_row css=\u00a0\u00bb.vc_custom_1665506230925{padding-top: 50px !important;}\u00a0\u00bb][vc_column width=\u00a0\u00bb1\/2&Prime;][vc_column_text]<\/p>\n<p style=\"font-weight: 400;\">Chez <strong>CatchMedia<\/strong>, nous sommes d\u00e9termin\u00e9s \u00e0 vous fournir des produits d&rsquo;exposition de haute qualit\u00e9 pour des pr\u00e9sentations percutantes. D\u00e9couvrez notre gamme compl\u00e8te sur notre site web et contactez-nous pour plus d&rsquo;informations.<\/p>\n<p>[\/vc_column_text]<style type=\"text\/css\" data-type=\"the7_shortcodes-inline-css\">#default-btn-fb20513fb175d3a9453b75ede68e7b4e.ico-right-side > i {\n  margin-right: 0px;\n  margin-left: 8px;\n}\n#default-btn-fb20513fb175d3a9453b75ede68e7b4e > i {\n  margin-right: 8px;\n}\n<\/style><a href=\"https:\/\/catchmedia.ca\/fr\/contact\/\" class=\"default-btn-shortcode dt-btn dt-btn-m link-hover-off btn-inline-left \" id=\"default-btn-fb20513fb175d3a9453b75ede68e7b4e\" title=\"Contact\"><span>Nous confier votre projet<\/span><\/a>[\/vc_column][vc_column width=\u00a0\u00bb1\/2&Prime;][vc_tta_accordion title_tag=\u00a0\u00bbh4&Prime; style=\u00a0\u00bbflat\u00a0\u00bb c_icon=\u00a0\u00bbchevron\u00a0\u00bb c_position=\u00a0\u00bbright\u00a0\u00bb active_section=\u00a0\u00bb99&Prime; no_fill=\u00a0\u00bbtrue\u00a0\u00bb collapsible_all=\u00a0\u00bbtrue\u00a0\u00bb css=\u00a0\u00bb.vc_custom_1686819984910{padding-top: 10px !important;padding-bottom: 10px !important;}\u00a0\u00bb][vc_tta_section i_icon_fontawesome=\u00a0\u00bbfas fa-arrow-right\u00a0\u00bb add_icon=\u00a0\u00bbtrue\u00a0\u00bb title=\u00a0\u00bbDrapeaux\u00a0\u00bb tab_id=\u00a0\u00bb1665504324768-3efdd481-0055&Prime;][vc_column_text]Attirez l&rsquo;attention avec nos drapeaux personnalisables, visibles de loin et r\u00e9sistants aux intemp\u00e9ries.[\/vc_column_text][\/vc_tta_section][vc_tta_section i_icon_fontawesome=\u00a0\u00bbfas fa-arrow-right\u00a0\u00bb add_icon=\u00a0\u00bbtrue\u00a0\u00bb title=\u00a0\u00bbParapost (rollup)\u00a0\u00bb tab_id=\u00a0\u00bb1682429087162-5369b9db-cced\u00a0\u00bb][vc_column_text]Communiquez de mani\u00e8re \u00e9l\u00e9gante avec nos supports autoportants pour afficher des messages ou des informations importantes.[\/vc_column_text][\/vc_tta_section][vc_tta_section i_icon_fontawesome=\u00a0\u00bbfas fa-arrow-right\u00a0\u00bb add_icon=\u00a0\u00bbtrue\u00a0\u00bb title=\u00a0\u00bbTentes\u00a0\u00bb tab_id=\u00a0\u00bb1682429111827-f4e76e64-1e43&Prime;][vc_column_text]Cr\u00e9ez un espace accueillant lors de vos \u00e9v\u00e9nements en plein air avec nos tentes robustes et personnalisables.[\/vc_column_text][\/vc_tta_section][vc_tta_section i_icon_fontawesome=\u00a0\u00bbfas fa-arrow-right\u00a0\u00bb add_icon=\u00a0\u00bbtrue\u00a0\u00bb title=\u00a0\u00bbMurs d&rsquo;exposition\u00a0\u00bb tab_id=\u00a0\u00bb1686822106095-6dc62643-91b3&Prime;][vc_column_text]Mettez en valeur votre message avec nos structures modulaires pour des stands professionnels et attrayants.[\/vc_column_text][\/vc_tta_section][vc_tta_section i_icon_fontawesome=\u00a0\u00bbfas fa-arrow-right\u00a0\u00bb add_icon=\u00a0\u00bbtrue\u00a0\u00bb title=\u00a0\u00bbProduits lumineux\u00a0\u00bb tab_id=\u00a0\u00bb1686822122658-5857819c-768e\u00a0\u00bb][vc_column_text]Brillez dans l&rsquo;obscurit\u00e9 avec nos enseignes lumineuses et panneaux r\u00e9tro-\u00e9clair\u00e9s.[\/vc_column_text][\/vc_tta_section][\/vc_tta_accordion][\/vc_column][\/vc_row][vc_row][vc_column][vc_empty_space height=\u00a0\u00bb2em\u00a0\u00bb][\/vc_column][\/vc_row][vc_row][vc_column css=\u00a0\u00bb.vc_custom_1676385916630{border-top-width: 1px !important;border-right-width: 1px !important;border-bottom-width: 1px !important;border-left-width: 1px !important;background: #ffffff url(https:\/\/catchmedia.ca\/fr\/wp-content\/uploads\/2023\/02\/bg-calltoaction02-1-1.png?id=1614) !important;background-position: center !important;background-repeat: no-repeat !important;background-size: cover !important;border-left-color: #ffffff !important;border-left-style: solid !important;border-right-color: #ffffff !important;border-right-style: solid !important;border-top-color: #ffffff !important;border-top-style: solid !important;border-bottom-color: #ffffff !important;border-bottom-style: solid !important;border-radius: 25px !important;}\u00a0\u00bb el_class=\u00a0\u00bbbloc-call-to-action\u00a0\u00bb][vc_empty_space height=\u00a0\u00bb1em\u00a0\u00bb][vc_row_inner][vc_column_inner width=\u00a0\u00bb1\/6&Prime;][\/vc_column_inner][vc_column_inner width=\u00a0\u00bb2\/3&Prime;][vc_column_text]<\/p>\n<h3 style=\"text-align: center;\">Obtenez un devis personnalis\u00e9<\/h3>\n<p style=\"text-align: center;\">Nous comprenons que chaque projet d&rsquo;impression est unique et n\u00e9cessite une attention particuli\u00e8re. C&rsquo;est pourquoi nous offrons des <strong>devis personnalis\u00e9s<\/strong> pour tous nos services de produits d\u2019expositions.<strong> Contactez-nous<\/strong> d\u00e8s aujourd&rsquo;hui pour discuter de vos besoins sp\u00e9cifiques et obtenir un devis adapt\u00e9 \u00e0 votre projet.<\/p>\n<p>[\/vc_column_text][\/vc_column_inner][vc_column_inner width=\u00a0\u00bb1\/6&Prime;][\/vc_column_inner][\/vc_row_inner]<style type=\"text\/css\" data-type=\"the7_shortcodes-inline-css\">#default-btn-6284db8cf6be3c1f95f511917a47fdc4.ico-right-side > i {\n  margin-right: 0px;\n  margin-left: 8px;\n}\n#default-btn-6284db8cf6be3c1f95f511917a47fdc4 > i {\n  margin-right: 8px;\n}\n<\/style><div class=\"btn-align-center\"><a href=\"https:\/\/catchmedia.ca\/fr\/contact\/\" class=\"default-btn-shortcode dt-btn dt-btn-m link-hover-off \" id=\"default-btn-6284db8cf6be3c1f95f511917a47fdc4\" title=\"Contact\"><span>Parlons de votre projet<\/span><\/a><\/div>[vc_empty_space height=\u00a0\u00bb3em\u00a0\u00bb][\/vc_column][\/vc_row]<\/p>\n<\/section>","protected":false},"excerpt":{"rendered":"<p>[vc_row full_width=\u00a0\u00bbstretch_row_content_no_spaces\u00a0\u00bb equal_height=\u00a0\u00bbyes\u00a0\u00bb content_placement=\u00a0\u00bbmiddle\u00a0\u00bb bg_type=\u00a0\u00bbbg_color\u00a0\u00bb bg_color_value=\u00a0\u00bb#ffffff\u00a0\u00bb el_id=\u00a0\u00bbsec-uxdesign\u00a0\u00bb][vc_column width=\u00a0\u00bb1\/2&Prime; css=\u00a0\u00bb.vc_custom_1665506297967{margin-top: 0px !important;margin-bottom: 0px !important;padding-bottom: 70px !important;}\u00a0\u00bb][vc_column_text css=\u00a0\u00bb.vc_custom_1686821988213{margin-top: 0px !important;margin-bottom: 15px !important;padding-top: 35px !important;padding-right: 35px !important;padding-bottom: 15px !important;padding-left: 35px !important;}\u00a0\u00bb] Produits d&rsquo;exposition pour des pr\u00e9sentations remarquables D\u00e9couvrez notre s\u00e9lection compl\u00e8te de produits d&rsquo;exposition sur notre site web, con\u00e7us pour vous aider \u00e0 cr\u00e9er des pr\u00e9sentations remarquables qui&hellip;<\/p>\n","protected":false},"author":1,"featured_media":0,"parent":412,"menu_order":0,"comment_status":"closed","ping_status":"closed","template":"","meta":{"footnotes":""},"class_list":["post-1906","page","type-page","status-publish","hentry","description-off"],"_links":{"self":[{"href":"https:\/\/catchmedia.ca\/fr\/wp-json\/wp\/v2\/pages\/1906","targetHints":{"allow":["GET"]}}],"collection":[{"href":"https:\/\/catchmedia.ca\/fr\/wp-json\/wp\/v2\/pages"}],"about":[{"href":"https:\/\/catchmedia.ca\/fr\/wp-json\/wp\/v2\/types\/page"}],"author":[{"embeddable":true,"href":"https:\/\/catchmedia.ca\/fr\/wp-json\/wp\/v2\/users\/1"}],"replies":[{"embeddable":true,"href":"https:\/\/catchmedia.ca\/fr\/wp-json\/wp\/v2\/comments?post=1906"}],"version-history":[{"count":2,"href":"https:\/\/catchmedia.ca\/fr\/wp-json\/wp\/v2\/pages\/1906\/revisions"}],"predecessor-version":[{"id":2036,"href":"https:\/\/catchmedia.ca\/fr\/wp-json\/wp\/v2\/pages\/1906\/revisions\/2036"}],"up":[{"embeddable":true,"href":"https:\/\/catchmedia.ca\/fr\/wp-json\/wp\/v2\/pages\/412"}],"wp:attachment":[{"href":"https:\/\/catchmedia.ca\/fr\/wp-json\/wp\/v2\/media?parent=1906"}],"curies":[{"name":"wp","href":"https:\/\/api.w.org\/{rel}","templated":true}]}}