{"id":1831,"date":"2023-04-26T11:25:44","date_gmt":"2023-04-26T09:25:44","guid":{"rendered":"https:\/\/catchmedia.mozenture-dev.com\/?page_id=1831"},"modified":"2023-07-18T17:05:06","modified_gmt":"2023-07-18T15:05:06","slug":"service-denseigne","status":"publish","type":"page","link":"https:\/\/catchmedia.ca\/fr\/nos-expertises\/impression\/service-denseigne\/","title":{"rendered":"Service d\u2019enseigne"},"content":{"rendered":"<section class=\"wpb-content-wrapper\"><p>[vc_row full_width=\u00a0\u00bbstretch_row_content_no_spaces\u00a0\u00bb equal_height=\u00a0\u00bbyes\u00a0\u00bb content_placement=\u00a0\u00bbmiddle\u00a0\u00bb bg_type=\u00a0\u00bbbg_color\u00a0\u00bb bg_color_value=\u00a0\u00bb#ffffff\u00a0\u00bb el_id=\u00a0\u00bbsec-uxdesign\u00a0\u00bb][vc_column width=\u00a0\u00bb1\/2&Prime; css=\u00a0\u00bb.vc_custom_1665506297967{margin-top: 0px !important;margin-bottom: 0px !important;padding-bottom: 70px !important;}\u00a0\u00bb][vc_column_text css=\u00a0\u00bb.vc_custom_1688999847164{margin-top: 0px !important;margin-bottom: 15px !important;padding-top: 35px !important;padding-right: 35px !important;padding-bottom: 15px !important;padding-left: 35px !important;}\u00a0\u00bb]<\/p>\n<h5><\/h5>\n<h2>Service d\u2019enseigne<\/h2>\n<p>Les enseignes jouent un r\u00f4le essentiel dans l&rsquo;attraction de clients et la cr\u00e9ation d&rsquo;une premi\u00e8re impression positive pour votre entreprise. Chez <strong>CatchMedia<\/strong>, nous offrons un service d&rsquo;enseigne complet, incluant la conception, la fabrication, l&rsquo;installation et l&rsquo;obtention des permis n\u00e9cessaires. Nous veillons \u00e0 ce que vos enseignes soient conformes aux r\u00e8glements municipaux et refl\u00e8tent l&rsquo;image de votre marque.[\/vc_column_text]<style type=\"text\/css\" data-type=\"the7_shortcodes-inline-css\">#default-btn-844d592676c204f24ce4c3069f8965fd.ico-right-side > i {\n  margin-right: 0px;\n  margin-left: 8px;\n}\n#default-btn-844d592676c204f24ce4c3069f8965fd > i {\n  margin-right: 8px;\n}\n<\/style><a href=\"https:\/\/catchmedia.ca\/fr\/contact\/\" class=\"default-btn-shortcode dt-btn dt-btn-m link-hover-off btn-inline-left  vc_custom_1689692634675\" id=\"default-btn-844d592676c204f24ce4c3069f8965fd\" title=\"Contact\"><span>Nous confier votre projet<\/span><\/a>[\/vc_column][vc_column width=\u00a0\u00bb1\/2&Prime; css=\u00a0\u00bb.vc_custom_1687252404228{padding-top: 60vh !important;background-image: url(https:\/\/catchmedia.ca\/fr\/wp-content\/uploads\/2023\/06\/ENSEIGNES_24553989_XL-scaled-2.jpg?id=1948) !important;background-position: center !important;background-repeat: no-repeat !important;background-size: cover !important;}\u00a0\u00bb][\/vc_column][\/vc_row][vc_row css=\u00a0\u00bb.vc_custom_1665506230925{padding-top: 50px !important;}\u00a0\u00bb][vc_column width=\u00a0\u00bb1\/2&Prime;][vc_column_text]<\/p>\n<h2>Conception et fabrication d&rsquo;enseignes<\/h2>\n<p>Notre \u00e9quipe de designers professionnels travaille en \u00e9troite collaboration avec vous pour cr\u00e9er des enseignes personnalis\u00e9es et attrayantes qui r\u00e9pondent \u00e0 vos besoins et objectifs. Nous proposons une large gamme d&rsquo;options d&rsquo;enseigne.<\/p>\n<p>Nos enseignes sont fabriqu\u00e9es \u00e0 partir de mat\u00e9riaux de haute qualit\u00e9, garantissant leur durabilit\u00e9 et leur r\u00e9sistance aux intemp\u00e9ries.[\/vc_column_text]<style type=\"text\/css\" data-type=\"the7_shortcodes-inline-css\">#default-btn-fb20513fb175d3a9453b75ede68e7b4e.ico-right-side > i {\n  margin-right: 0px;\n  margin-left: 8px;\n}\n#default-btn-fb20513fb175d3a9453b75ede68e7b4e > i {\n  margin-right: 8px;\n}\n<\/style><a href=\"https:\/\/catchmedia.ca\/fr\/contact\/\" class=\"default-btn-shortcode dt-btn dt-btn-m link-hover-off btn-inline-left \" id=\"default-btn-fb20513fb175d3a9453b75ede68e7b4e\" title=\"Contact\"><span>Nous confier votre projet<\/span><\/a>[\/vc_column][vc_column width=\u00a0\u00bb1\/2&Prime;][vc_tta_accordion title_tag=\u00a0\u00bbh4&Prime; style=\u00a0\u00bbflat\u00a0\u00bb c_icon=\u00a0\u00bbchevron\u00a0\u00bb c_position=\u00a0\u00bbright\u00a0\u00bb active_section=\u00a0\u00bb99&Prime; no_fill=\u00a0\u00bbtrue\u00a0\u00bb collapsible_all=\u00a0\u00bbtrue\u00a0\u00bb css=\u00a0\u00bb.vc_custom_1686820230939{padding-top: 10px !important;padding-bottom: 10px !important;}\u00a0\u00bb][vc_tta_section i_icon_fontawesome=\u00a0\u00bbfas fa-arrow-right\u00a0\u00bb add_icon=\u00a0\u00bbtrue\u00a0\u00bb title=\u00a0\u00bbEnseignes lumineuses DEL et fluorescentes\u00a0\u00bb tab_id=\u00a0\u00bb1665504324768-3efdd481-0055&Prime;][vc_column_text]Nos enseignes lumineuses DEL et fluorescentes offrent une visibilit\u00e9 optimale, m\u00eame dans l&rsquo;obscurit\u00e9. Avec des options de personnalisation pour les couleurs, les formes et les tailles, nous cr\u00e9ons des enseignes lumineuses percutantes qui feront briller votre image de marque.[\/vc_column_text][\/vc_tta_section][vc_tta_section i_icon_fontawesome=\u00a0\u00bbfas fa-arrow-right\u00a0\u00bb add_icon=\u00a0\u00bbtrue\u00a0\u00bb title=\u00a0\u00bbEnseignes en panneau et lettrage\u00a0\u00bb tab_id=\u00a0\u00bb1682429087162-5369b9db-cced\u00a0\u00bb][vc_column_text]Les enseignes en panneau et lettrage offrent une solution classique et \u00e9l\u00e9gante pour afficher votre marque et vos messages. Nous utilisons des mat\u00e9riaux durables et de haute qualit\u00e9 pour cr\u00e9er des enseignes en panneau et lettrage qui r\u00e9sistent aux intemp\u00e9ries et captent l&rsquo;attention de votre public.[\/vc_column_text][\/vc_tta_section][vc_tta_section i_icon_fontawesome=\u00a0\u00bbfas fa-arrow-right\u00a0\u00bb add_icon=\u00a0\u00bbtrue\u00a0\u00bb title=\u00a0\u00bbEnseignes channel\u00a0\u00bb tab_id=\u00a0\u00bb1682429111827-f4e76e64-1e43&Prime;][vc_column_text]Les enseignes channel sont des enseignes en relief avec des lettres d\u00e9coup\u00e9es et r\u00e9tro-\u00e9clair\u00e9es. Elles ajoutent une dimension suppl\u00e9mentaire \u00e0 votre enseigne et cr\u00e9ent un effet visuel saisissant. Nos enseignes channel sont personnalis\u00e9es selon vos pr\u00e9f\u00e9rences de style et de couleur pour une identit\u00e9 de marque distinctive.[\/vc_column_text][\/vc_tta_section][vc_tta_section i_icon_fontawesome=\u00a0\u00bbfas fa-arrow-right\u00a0\u00bb add_icon=\u00a0\u00bbtrue\u00a0\u00bb title=\u00a0\u00bbAuvent\u00a0\u00bb tab_id=\u00a0\u00bb1682429127994-d24b154a-806e\u00a0\u00bb][vc_column_text]Les auvents sont des structures d&rsquo;enseigne qui fournissent \u00e9galement une protection contre les intemp\u00e9ries. Nous concevons des auvents personnalis\u00e9s pour s&rsquo;adapter \u00e0 votre b\u00e2timent et mettre en valeur votre entreprise tout en offrant un espace couvert pour vos clients.[\/vc_column_text][\/vc_tta_section][vc_tta_section i_icon_fontawesome=\u00a0\u00bbfas fa-arrow-right\u00a0\u00bb add_icon=\u00a0\u00bbtrue\u00a0\u00bb title=\u00a0\u00bbEnseignes monolithes et pyl\u00f4nes\u00a0\u00bb tab_id=\u00a0\u00bb1682429143567-80c0cfec-d447&Prime;][vc_column_text]Les enseignes monolithes et pyl\u00f4nes sont des structures d&rsquo;enseigne imposantes qui se d\u00e9marquent dans le paysage urbain. Elles sont id\u00e9ales pour les entreprises situ\u00e9es le long des routes ou dans des zones commerciales. Nos enseignes monolithes et pyl\u00f4nes peuvent \u00eatre personnalis\u00e9es en termes de forme, de taille et de contenu pour attirer l&rsquo;attention de loin.[\/vc_column_text][\/vc_tta_section][vc_tta_section i_icon_fontawesome=\u00a0\u00bbfas fa-arrow-right\u00a0\u00bb add_icon=\u00a0\u00bbtrue\u00a0\u00bb title=\u00a0\u00bbAffichage num\u00e9rique et \u00e9crans LED\u00a0\u00bb tab_id=\u00a0\u00bb1682429161699-7e78e01d-2c92&Prime;][vc_column_text]L&rsquo;affichage num\u00e9rique et les \u00e9crans LED offrent une solution moderne et dynamique pour afficher des contenus publicitaires et informatifs. Gr\u00e2ce \u00e0 notre expertise en technologie LED, nous pouvons cr\u00e9er des \u00e9crans LED de haute qualit\u00e9 et des solutions d&rsquo;affichage num\u00e9rique sur mesure pour r\u00e9pondre \u00e0 vos besoins de communication.[\/vc_column_text][\/vc_tta_section][\/vc_tta_accordion][\/vc_column][\/vc_row][vc_row full_width=\u00a0\u00bbstretch_row_content_no_spaces\u00a0\u00bb equal_height=\u00a0\u00bbyes\u00a0\u00bb bg_type=\u00a0\u00bbbg_color\u00a0\u00bb bg_color_value=\u00a0\u00bb#ffffff\u00a0\u00bb][vc_column width=\u00a0\u00bb1\/2&Prime; css=\u00a0\u00bb.vc_custom_1682500961996{background-position: center !important;background-repeat: no-repeat !important;background-size: cover !important;}\u00a0\u00bb][vc_column_text css=\u00a0\u00bb.vc_custom_1688999856652{margin-top: 0px !important;margin-bottom: 15px !important;padding-top: 35px !important;padding-right: 35px !important;padding-bottom: 15px !important;padding-left: 35px !important;}\u00a0\u00bb]<\/p>\n<h2>Installation et maintenance<\/h2>\n<p><strong>CatchMedia<\/strong> assure l&rsquo;installation professionnelle de vos enseignes pour garantir leur s\u00e9curit\u00e9 et leur efficacit\u00e9. Notre \u00e9quipe d&rsquo;installateurs exp\u00e9riment\u00e9s s&rsquo;assure que vos enseignes sont bien fix\u00e9es et visibles. De plus, nous proposons des services de maintenance et de r\u00e9paration pour garantir que vos enseignes restent en bon \u00e9tat et fonctionnent correctement.[\/vc_column_text]<style type=\"text\/css\" data-type=\"the7_shortcodes-inline-css\">#default-btn-5bb9ac12dead4bbf7fd0c326f7c583dd.ico-right-side > i {\n  margin-right: 0px;\n  margin-left: 8px;\n}\n#default-btn-5bb9ac12dead4bbf7fd0c326f7c583dd > i {\n  margin-right: 8px;\n}\n<\/style><a href=\"https:\/\/catchmedia.ca\/fr\/contact\/\" class=\"default-btn-shortcode dt-btn dt-btn-m link-hover-off btn-inline-left  vc_custom_1689692658568\" id=\"default-btn-5bb9ac12dead4bbf7fd0c326f7c583dd\" title=\"Contact\"><span>Nous confier votre projet<\/span><\/a>[\/vc_column][vc_column width=\u00a0\u00bb1\/2&Prime; css=\u00a0\u00bb.vc_custom_1665506297967{margin-top: 0px !important;margin-bottom: 0px !important;padding-bottom: 70px !important;}\u00a0\u00bb][vc_column_text css=\u00a0\u00bb.vc_custom_1688999861573{margin-top: 0px !important;margin-bottom: 15px !important;padding-top: 35px !important;padding-right: 35px !important;padding-bottom: 15px !important;padding-left: 35px !important;}\u00a0\u00bb]<\/p>\n<h5><\/h5>\n<h2>Obtention des permis et conformit\u00e9 aux r\u00e8glements municipaux<\/h2>\n<p>Chez <strong>CatchMedia<\/strong>, nous nous occupons de l&rsquo;obtention des permis n\u00e9cessaires pour l&rsquo;installation de vos enseignes afin de garantir leur conformit\u00e9 aux normes municipales. Nous travaillons en collaboration avec les autorit\u00e9s locales pour \u00e9viter les amendes et les probl\u00e8mes juridiques li\u00e9s \u00e0 la taille, l&#8217;emplacement et l&rsquo;\u00e9clairage des enseignes. Notre \u00e9quipe exp\u00e9riment\u00e9e est inform\u00e9e des r\u00e8glements municipaux en vigueur et s&rsquo;assure que vos enseignes sont install\u00e9es en toute l\u00e9galit\u00e9.[\/vc_column_text][\/vc_column][\/vc_row][vc_row][vc_column][vc_empty_space height=\u00a0\u00bb2em\u00a0\u00bb][\/vc_column][\/vc_row][vc_row css=\u00a0\u00bb.vc_custom_1665506928810{padding-top: 50px !important;padding-bottom: 70px !important;}\u00a0\u00bb][vc_column width=\u00a0\u00bb1\/6&Prime;][\/vc_column][vc_column width=\u00a0\u00bb2\/3&Prime;][vc_column_text el_class=\u00a0\u00bbtxt-citation\u00a0\u00bb]<\/p>\n<h3 style=\"text-align: center;\">\u00ab\u00a0Nous nous engageons \u00e0 fournir <strong>des enseignes<\/strong> de la plus haute qualit\u00e9, en utilisant des encres \u00e9cologiques et des mat\u00e9riaux durables\u00a0\u00bb<\/h3>\n<p>[\/vc_column_text][vc_row_inner el_class=\u00a0\u00bbbtn-centered\u00a0\u00bb][vc_column_inner]<style type=\"text\/css\" data-type=\"the7_shortcodes-inline-css\">#default-btn-23d440386546b686ee7c973635ad07c2.ico-right-side > i {\n  margin-right: 0px;\n  margin-left: 8px;\n}\n#default-btn-23d440386546b686ee7c973635ad07c2 > i {\n  margin-right: 8px;\n}\n<\/style><a href=\"https:\/\/catchmedia.ca\/fr\/realisations\/\" class=\"default-btn-shortcode dt-btn dt-btn-m link-hover-off btn-inline-left  vc_custom_1689692673276\" id=\"default-btn-23d440386546b686ee7c973635ad07c2\" title=\"R\u00e9alisations\"><span>Nos r\u00e9alisations<\/span><\/a><style type=\"text\/css\" data-type=\"the7_shortcodes-inline-css\">#default-btn-f3dba193104e22e44f623d8e8eeedc3e.ico-right-side > i {\n  margin-right: 0px;\n  margin-left: 8px;\n}\n#default-btn-f3dba193104e22e44f623d8e8eeedc3e > i {\n  margin-right: 8px;\n}\n<\/style><a href=\"https:\/\/catchmedia.ca\/fr\/contact\/\" class=\"default-btn-shortcode dt-btn dt-btn-m link-hover-off btn-reversed btn-inline-right  vc_custom_1689692686946\" id=\"default-btn-f3dba193104e22e44f623d8e8eeedc3e\" title=\"Contact\"><span>On en discute ?<\/span><\/a>[\/vc_column_inner][\/vc_row_inner][\/vc_column][vc_column width=\u00a0\u00bb1\/6&Prime;][\/vc_column][\/vc_row][vc_row][vc_column][vc_empty_space height=\u00a0\u00bb2em\u00a0\u00bb][\/vc_column][\/vc_row][vc_row][vc_column css=\u00a0\u00bb.vc_custom_1676385916630{border-top-width: 1px !important;border-right-width: 1px !important;border-bottom-width: 1px !important;border-left-width: 1px !important;background: #ffffff url(https:\/\/catchmedia.ca\/fr\/wp-content\/uploads\/2023\/02\/bg-calltoaction02-1-1.png?id=1614) !important;background-position: center !important;background-repeat: no-repeat !important;background-size: cover !important;border-left-color: #ffffff !important;border-left-style: solid !important;border-right-color: #ffffff !important;border-right-style: solid !important;border-top-color: #ffffff !important;border-top-style: solid !important;border-bottom-color: #ffffff !important;border-bottom-style: solid !important;border-radius: 25px !important;}\u00a0\u00bb el_class=\u00a0\u00bbbloc-call-to-action\u00a0\u00bb][vc_empty_space height=\u00a0\u00bb1em\u00a0\u00bb][vc_row_inner][vc_column_inner width=\u00a0\u00bb1\/6&Prime;][\/vc_column_inner][vc_column_inner width=\u00a0\u00bb2\/3&Prime;][vc_column_text]<\/p>\n<h3 style=\"text-align: center;\">Obtenez un devis personnalis\u00e9<\/h3>\n<p style=\"text-align: center;\">Chaque projet d&rsquo;enseigne est unique, et nous sommes l\u00e0 pour vous offrir des solutions sur mesure. <strong>Contactez-nous<\/strong> d\u00e8s aujourd&rsquo;hui pour discuter de vos besoins sp\u00e9cifiques et obtenir un <strong>devis adapt\u00e9<\/strong> \u00e0 vos projets d&rsquo;enseigne.<\/p>\n<p>[\/vc_column_text][\/vc_column_inner][vc_column_inner width=\u00a0\u00bb1\/6&Prime;][\/vc_column_inner][\/vc_row_inner]<style type=\"text\/css\" data-type=\"the7_shortcodes-inline-css\">#default-btn-6284db8cf6be3c1f95f511917a47fdc4.ico-right-side > i {\n  margin-right: 0px;\n  margin-left: 8px;\n}\n#default-btn-6284db8cf6be3c1f95f511917a47fdc4 > i {\n  margin-right: 8px;\n}\n<\/style><div class=\"btn-align-center\"><a href=\"https:\/\/catchmedia.ca\/fr\/contact\/\" class=\"default-btn-shortcode dt-btn dt-btn-m link-hover-off \" id=\"default-btn-6284db8cf6be3c1f95f511917a47fdc4\" title=\"Contact\"><span>Parlons de votre projet<\/span><\/a><\/div>[vc_empty_space height=\u00a0\u00bb3em\u00a0\u00bb][\/vc_column][\/vc_row]<\/p>\n<\/section>","protected":false},"excerpt":{"rendered":"<p>[vc_row full_width=\u00a0\u00bbstretch_row_content_no_spaces\u00a0\u00bb equal_height=\u00a0\u00bbyes\u00a0\u00bb content_placement=\u00a0\u00bbmiddle\u00a0\u00bb bg_type=\u00a0\u00bbbg_color\u00a0\u00bb bg_color_value=\u00a0\u00bb#ffffff\u00a0\u00bb el_id=\u00a0\u00bbsec-uxdesign\u00a0\u00bb][vc_column width=\u00a0\u00bb1\/2&Prime; css=\u00a0\u00bb.vc_custom_1665506297967{margin-top: 0px !important;margin-bottom: 0px !important;padding-bottom: 70px !important;}\u00a0\u00bb][vc_column_text css=\u00a0\u00bb.vc_custom_1688999847164{margin-top: 0px !important;margin-bottom: 15px !important;padding-top: 35px !important;padding-right: 35px !important;padding-bottom: 15px !important;padding-left: 35px !important;}\u00a0\u00bb] Service d\u2019enseigne Les enseignes jouent un r\u00f4le essentiel dans l&rsquo;attraction de clients et la cr\u00e9ation d&rsquo;une premi\u00e8re impression positive pour votre entreprise. Chez CatchMedia, nous offrons un&hellip;<\/p>\n","protected":false},"author":1,"featured_media":0,"parent":412,"menu_order":0,"comment_status":"closed","ping_status":"closed","template":"","meta":{"footnotes":""},"class_list":["post-1831","page","type-page","status-publish","hentry","description-off"],"_links":{"self":[{"href":"https:\/\/catchmedia.ca\/fr\/wp-json\/wp\/v2\/pages\/1831","targetHints":{"allow":["GET"]}}],"collection":[{"href":"https:\/\/catchmedia.ca\/fr\/wp-json\/wp\/v2\/pages"}],"about":[{"href":"https:\/\/catchmedia.ca\/fr\/wp-json\/wp\/v2\/types\/page"}],"author":[{"embeddable":true,"href":"https:\/\/catchmedia.ca\/fr\/wp-json\/wp\/v2\/users\/1"}],"replies":[{"embeddable":true,"href":"https:\/\/catchmedia.ca\/fr\/wp-json\/wp\/v2\/comments?post=1831"}],"version-history":[{"count":2,"href":"https:\/\/catchmedia.ca\/fr\/wp-json\/wp\/v2\/pages\/1831\/revisions"}],"predecessor-version":[{"id":2038,"href":"https:\/\/catchmedia.ca\/fr\/wp-json\/wp\/v2\/pages\/1831\/revisions\/2038"}],"up":[{"embeddable":true,"href":"https:\/\/catchmedia.ca\/fr\/wp-json\/wp\/v2\/pages\/412"}],"wp:attachment":[{"href":"https:\/\/catchmedia.ca\/fr\/wp-json\/wp\/v2\/media?parent=1831"}],"curies":[{"name":"wp","href":"https:\/\/api.w.org\/{rel}","templated":true}]}}