{"id":1825,"date":"2023-04-26T11:09:40","date_gmt":"2023-04-26T09:09:40","guid":{"rendered":"https:\/\/catchmedia.mozenture-dev.com\/?page_id=1825"},"modified":"2023-07-18T17:06:47","modified_gmt":"2023-07-18T15:06:47","slug":"vetements-personnalises-et-articles-promotionnels","status":"publish","type":"page","link":"https:\/\/catchmedia.ca\/fr\/nos-expertises\/impression\/vetements-personnalises-et-articles-promotionnels\/","title":{"rendered":"V\u00eatements personnalis\u00e9s et Articles promotionnels"},"content":{"rendered":"<section class=\"wpb-content-wrapper\"><p>[vc_row full_width=\u00a0\u00bbstretch_row_content_no_spaces\u00a0\u00bb equal_height=\u00a0\u00bbyes\u00a0\u00bb content_placement=\u00a0\u00bbmiddle\u00a0\u00bb bg_type=\u00a0\u00bbbg_color\u00a0\u00bb bg_color_value=\u00a0\u00bb#ffffff\u00a0\u00bb el_id=\u00a0\u00bbsec-uxdesign\u00a0\u00bb][vc_column width=\u00a0\u00bb1\/2&Prime; css=\u00a0\u00bb.vc_custom_1665506297967{margin-top: 0px !important;margin-bottom: 0px !important;padding-bottom: 70px !important;}\u00a0\u00bb][vc_column_text css=\u00a0\u00bb.vc_custom_1688999795432{margin-top: 0px !important;margin-bottom: 15px !important;padding-top: 35px !important;padding-right: 35px !important;padding-bottom: 15px !important;padding-left: 35px !important;}\u00a0\u00bb]<\/p>\n<h5><\/h5>\n<h2>V\u00eatements personnalis\u00e9s et Articles promotionnels<\/h2>\n<p>Renforcez l&rsquo;identit\u00e9 de votre marque et d\u00e9veloppez la notori\u00e9t\u00e9 de votre entreprise avec nos v\u00eatements personnalis\u00e9s et articles promotionnels de qualit\u00e9. Chez <strong>CatchMedia<\/strong>, nous offrons une large gamme de produits personnalisables pour r\u00e9pondre \u00e0 vos besoins en marketing et promotion.[\/vc_column_text]<style type=\"text\/css\" data-type=\"the7_shortcodes-inline-css\">#default-btn-6e02ae7b90507173a97e9a440c798da4.ico-right-side > i {\n  margin-right: 0px;\n  margin-left: 8px;\n}\n#default-btn-6e02ae7b90507173a97e9a440c798da4 > i {\n  margin-right: 8px;\n}\n<\/style><a href=\"https:\/\/catchmedia.ca\/fr\/contact\/\" class=\"default-btn-shortcode dt-btn dt-btn-m link-hover-off btn-inline-left  vc_custom_1689692739638\" id=\"default-btn-6e02ae7b90507173a97e9a440c798da4\" title=\"Contact\"><span>Nous confier votre projet<\/span><\/a>[\/vc_column][vc_column width=\u00a0\u00bb1\/2&Prime; css=\u00a0\u00bb.vc_custom_1686843260432{padding-top: 60vh !important;background-image: url(https:\/\/catchmedia.ca\/fr\/wp-content\/uploads\/2023\/04\/travailleur-sexe-masculin-aide-four-sechage-pour-tshirt-dans-atelier-scaled-2.jpg?id=1829) !important;background-position: center !important;background-repeat: no-repeat !important;background-size: cover !important;}\u00a0\u00bb][\/vc_column][\/vc_row][vc_row css=\u00a0\u00bb.vc_custom_1665506230925{padding-top: 50px !important;}\u00a0\u00bb][vc_column width=\u00a0\u00bb1\/2&Prime;][vc_column_text]<\/p>\n<h2>V\u00eatements personnalis\u00e9s<\/h2>\n<p>Augmentez la visibilit\u00e9 de votre marque avec des v\u00eatements personnalis\u00e9s portant le logo et le nom de votre entreprise. Nous proposons une vari\u00e9t\u00e9 de v\u00eatements, tels que :[\/vc_column_text][vc_tta_accordion title_tag=\u00a0\u00bbh4&Prime; style=\u00a0\u00bbflat\u00a0\u00bb c_icon=\u00a0\u00bbchevron\u00a0\u00bb c_position=\u00a0\u00bbright\u00a0\u00bb active_section=\u00a0\u00bb\u00a0\u00bb no_fill=\u00a0\u00bbtrue\u00a0\u00bb css=\u00a0\u00bb.vc_custom_1665504569739{padding-top: 10px !important;padding-bottom: 10px !important;}\u00a0\u00bb][vc_tta_section i_icon_fontawesome=\u00a0\u00bbfas fa-arrow-right\u00a0\u00bb add_icon=\u00a0\u00bbtrue\u00a0\u00bb title=\u00a0\u00bbT-shirts\u00a0\u00bb tab_id=\u00a0\u00bb1682499560297-3efec627-2b43&Prime;][\/vc_tta_section][vc_tta_section i_icon_fontawesome=\u00a0\u00bbfas fa-arrow-right\u00a0\u00bb add_icon=\u00a0\u00bbtrue\u00a0\u00bb title=\u00a0\u00bbPolos\u00a0\u00bb tab_id=\u00a0\u00bb1682499560323-882b29c0-e131&Prime;][\/vc_tta_section][vc_tta_section i_icon_fontawesome=\u00a0\u00bbfas fa-arrow-right\u00a0\u00bb add_icon=\u00a0\u00bbtrue\u00a0\u00bb title=\u00a0\u00bbChemises\u00a0\u00bb tab_id=\u00a0\u00bb1682499560356-dca1c030-ffe2&Prime;][\/vc_tta_section][vc_tta_section i_icon_fontawesome=\u00a0\u00bbfas fa-arrow-right\u00a0\u00bb add_icon=\u00a0\u00bbtrue\u00a0\u00bb title=\u00a0\u00bbCoton ouat\u00e9 et hoodies\u00a0\u00bb tab_id=\u00a0\u00bb1682499560376-3a761651-a2cf\u00a0\u00bb][\/vc_tta_section][vc_tta_section i_icon_fontawesome=\u00a0\u00bbfas fa-arrow-right\u00a0\u00bb add_icon=\u00a0\u00bbtrue\u00a0\u00bb title=\u00a0\u00bbCasquettes et tuques\u00a0\u00bb tab_id=\u00a0\u00bb1682499560406-f3ee0d93-e225&Prime;][\/vc_tta_section][vc_tta_section i_icon_fontawesome=\u00a0\u00bbfas fa-arrow-right\u00a0\u00bb add_icon=\u00a0\u00bbtrue\u00a0\u00bb title=\u00a0\u00bbVestes et manteaux\u00a0\u00bb tab_id=\u00a0\u00bb1682499560429-ba2c243c-c54c\u00a0\u00bb][\/vc_tta_section][\/vc_tta_accordion][vc_column_text]Nos v\u00eatements personnalis\u00e9s sont disponibles dans diff\u00e9rentes tailles, couleurs et styles pour s&rsquo;adapter \u00e0 vos besoins et pr\u00e9f\u00e9rences. Nous utilisons des techniques d&rsquo;impression et de broderie de haute qualit\u00e9 pour assurer la durabilit\u00e9 et l&rsquo;attrait de vos v\u00eatements personnalis\u00e9s.[\/vc_column_text]<style type=\"text\/css\" data-type=\"the7_shortcodes-inline-css\">#default-btn-fb20513fb175d3a9453b75ede68e7b4e.ico-right-side > i {\n  margin-right: 0px;\n  margin-left: 8px;\n}\n#default-btn-fb20513fb175d3a9453b75ede68e7b4e > i {\n  margin-right: 8px;\n}\n<\/style><a href=\"https:\/\/catchmedia.ca\/fr\/contact\/\" class=\"default-btn-shortcode dt-btn dt-btn-m link-hover-off btn-inline-left \" id=\"default-btn-fb20513fb175d3a9453b75ede68e7b4e\" title=\"Contact\"><span>Nous confier votre projet<\/span><\/a>[\/vc_column][vc_column width=\u00a0\u00bb1\/2&Prime;][vc_column_text]<\/p>\n<h2>Articles promotionnels<\/h2>\n<p>Les articles promotionnels sont un moyen efficace de promouvoir votre entreprise et de fid\u00e9liser vos clients. Nous proposons une large s\u00e9lection d&rsquo;articles promotionnels personnalisables, tels que :[\/vc_column_text][vc_tta_accordion title_tag=\u00a0\u00bbh4&Prime; style=\u00a0\u00bbflat\u00a0\u00bb c_icon=\u00a0\u00bbchevron\u00a0\u00bb c_position=\u00a0\u00bbright\u00a0\u00bb active_section=\u00a0\u00bb\u00a0\u00bb no_fill=\u00a0\u00bbtrue\u00a0\u00bb css=\u00a0\u00bb.vc_custom_1665504569739{padding-top: 10px !important;padding-bottom: 10px !important;}\u00a0\u00bb][vc_tta_section i_icon_fontawesome=\u00a0\u00bbfas fa-arrow-right\u00a0\u00bb add_icon=\u00a0\u00bbtrue\u00a0\u00bb title=\u00a0\u00bbStylos et crayons\u00a0\u00bb tab_id=\u00a0\u00bb1665504324768-3efdd481-0055&Prime;][\/vc_tta_section][vc_tta_section i_icon_fontawesome=\u00a0\u00bbfas fa-arrow-right\u00a0\u00bb add_icon=\u00a0\u00bbtrue\u00a0\u00bb title=\u00a0\u00bbCl\u00e9s USB\u00a0\u00bb tab_id=\u00a0\u00bb1682429087162-5369b9db-cced\u00a0\u00bb][\/vc_tta_section][vc_tta_section i_icon_fontawesome=\u00a0\u00bbfas fa-arrow-right\u00a0\u00bb add_icon=\u00a0\u00bbtrue\u00a0\u00bb title=\u00a0\u00bbMugs et gobelets\u00a0\u00bb tab_id=\u00a0\u00bb1682429111827-f4e76e64-1e43&Prime;][\/vc_tta_section][vc_tta_section i_icon_fontawesome=\u00a0\u00bbfas fa-arrow-right\u00a0\u00bb add_icon=\u00a0\u00bbtrue\u00a0\u00bb title=\u00a0\u00bbSacs et sacs \u00e0 dos\u00a0\u00bb tab_id=\u00a0\u00bb1682429127994-d24b154a-806e\u00a0\u00bb][\/vc_tta_section][vc_tta_section i_icon_fontawesome=\u00a0\u00bbfas fa-arrow-right\u00a0\u00bb add_icon=\u00a0\u00bbtrue\u00a0\u00bb title=\u00a0\u00bbGants\u00a0\u00bb tab_id=\u00a0\u00bb1682429143567-80c0cfec-d447&Prime;][\/vc_tta_section][vc_tta_section i_icon_fontawesome=\u00a0\u00bbfas fa-arrow-right\u00a0\u00bb add_icon=\u00a0\u00bbtrue\u00a0\u00bb title=\u00a0\u00bbLampes de poche\u00a0\u00bb tab_id=\u00a0\u00bb1682429161699-7e78e01d-2c92&Prime;][\/vc_tta_section][vc_tta_section i_icon_fontawesome=\u00a0\u00bbfas fa-arrow-right\u00a0\u00bb add_icon=\u00a0\u00bbtrue\u00a0\u00bb title=\u00a0\u00bbSent bon pour la voiture\u00a0\u00bb tab_id=\u00a0\u00bb1682429175843-dee9238d-bd4d\u00a0\u00bb][\/vc_tta_section][vc_tta_section i_icon_fontawesome=\u00a0\u00bbfas fa-arrow-right\u00a0\u00bb add_icon=\u00a0\u00bbtrue\u00a0\u00bb title=\u00a0\u00bbServiettes et couvertures\u00a0\u00bb tab_id=\u00a0\u00bb1682500138151-ad20e4a0-8467&Prime;][vc_column_text]Nos articles promotionnels sont disponibles dans une gamme de mat\u00e9riaux, de couleurs et de styles pour r\u00e9pondre \u00e0 vos besoins en mati\u00e8re de marketing et de promotion. Nous utilisons des techniques d&rsquo;impression de haute qualit\u00e9 pour garantir que vos articles promotionnels refl\u00e8tent l&rsquo;image de votre entreprise.[\/vc_column_text][\/vc_tta_section][\/vc_tta_accordion][\/vc_column][\/vc_row][vc_row][vc_column][vc_empty_space height=\u00a0\u00bb2em\u00a0\u00bb][\/vc_column][\/vc_row][vc_row full_width=\u00a0\u00bbstretch_row\u00a0\u00bb][vc_column width=\u00a0\u00bb1\/2&Prime; css=\u00a0\u00bb.vc_custom_1686821072301{padding-top: 65vh !important;background-image: url(https:\/\/catchmedia.ca\/fr\/wp-content\/uploads\/2023\/06\/vetement2-1.jpg?id=1898) !important;background-position: center !important;background-repeat: no-repeat !important;background-size: cover !important;}\u00a0\u00bb][\/vc_column][vc_column width=\u00a0\u00bb1\/2&Prime; css=\u00a0\u00bb.vc_custom_1686821066547{padding-top: 65vh !important;background-image: url(https:\/\/catchmedia.ca\/fr\/wp-content\/uploads\/2023\/06\/vetement1-1.jpg?id=1899) !important;background-position: center !important;background-repeat: no-repeat !important;background-size: cover !important;}\u00a0\u00bb][\/vc_column][\/vc_row][vc_row][vc_column][vc_empty_space height=\u00a0\u00bb2em\u00a0\u00bb][\/vc_column][\/vc_row][vc_row css=\u00a0\u00bb.vc_custom_1665506928810{padding-top: 50px !important;padding-bottom: 70px !important;}\u00a0\u00bb][vc_column width=\u00a0\u00bb1\/6&Prime;][\/vc_column][vc_column width=\u00a0\u00bb2\/3&Prime;][vc_column_text el_class=\u00a0\u00bbtxt-citation\u00a0\u00bb]<\/p>\n<h3 style=\"text-align: center;\">\u00ab\u00a0Nous nous engageons \u00e0 fournir <strong>des articles promotionnels<\/strong> de la plus haute qualit\u00e9, en utilisant des encres \u00e9cologiques et des mat\u00e9riaux durables\u00a0\u00bb<\/h3>\n<p>[\/vc_column_text][vc_row_inner el_class=\u00a0\u00bbbtn-centered\u00a0\u00bb][vc_column_inner]<style type=\"text\/css\" data-type=\"the7_shortcodes-inline-css\">#default-btn-1cf2b4d70dcd49d1eab8b1911b01c88a.ico-right-side > i {\n  margin-right: 0px;\n  margin-left: 8px;\n}\n#default-btn-1cf2b4d70dcd49d1eab8b1911b01c88a > i {\n  margin-right: 8px;\n}\n<\/style><a href=\"https:\/\/catchmedia.ca\/fr\/realisations\/\" class=\"default-btn-shortcode dt-btn dt-btn-m link-hover-off btn-inline-left  vc_custom_1689692773054\" id=\"default-btn-1cf2b4d70dcd49d1eab8b1911b01c88a\" title=\"R\u00e9alisations\"><span>Nos r\u00e9alisations<\/span><\/a><style type=\"text\/css\" data-type=\"the7_shortcodes-inline-css\">#default-btn-0899231e8bb0886525688adfc59c910e.ico-right-side > i {\n  margin-right: 0px;\n  margin-left: 8px;\n}\n#default-btn-0899231e8bb0886525688adfc59c910e > i {\n  margin-right: 8px;\n}\n<\/style><a href=\"https:\/\/catchmedia.ca\/fr\/contact\/\" class=\"default-btn-shortcode dt-btn dt-btn-m link-hover-off btn-reversed btn-inline-right  vc_custom_1689692784678\" id=\"default-btn-0899231e8bb0886525688adfc59c910e\" title=\"Contact\"><span>On en discute ?<\/span><\/a>[\/vc_column_inner][\/vc_row_inner][\/vc_column][vc_column width=\u00a0\u00bb1\/6&Prime;][\/vc_column][\/vc_row][vc_row][vc_column css=\u00a0\u00bb.vc_custom_1676385916630{border-top-width: 1px !important;border-right-width: 1px !important;border-bottom-width: 1px !important;border-left-width: 1px !important;background: #ffffff url(https:\/\/catchmedia.ca\/fr\/wp-content\/uploads\/2023\/02\/bg-calltoaction02-1-1.png?id=1614) !important;background-position: center !important;background-repeat: no-repeat !important;background-size: cover !important;border-left-color: #ffffff !important;border-left-style: solid !important;border-right-color: #ffffff !important;border-right-style: solid !important;border-top-color: #ffffff !important;border-top-style: solid !important;border-bottom-color: #ffffff !important;border-bottom-style: solid !important;border-radius: 25px !important;}\u00a0\u00bb el_class=\u00a0\u00bbbloc-call-to-action\u00a0\u00bb][vc_empty_space height=\u00a0\u00bb1em\u00a0\u00bb][vc_row_inner][vc_column_inner width=\u00a0\u00bb1\/6&Prime;][\/vc_column_inner][vc_column_inner width=\u00a0\u00bb2\/3&Prime;][vc_column_text]<\/p>\n<h3 style=\"text-align: center;\">Obtenez un devis personnalis\u00e9<\/h3>\n<p style=\"text-align: center;\">Chaque projet de v\u00eatements personnalis\u00e9s et d&rsquo;articles promotionnels est unique. <strong>Contactez-nous<\/strong> d\u00e8s aujourd&rsquo;hui pour discuter de vos besoins sp\u00e9cifiques et obtenir un <strong>devis adapt\u00e9 \u00e0 vos projets<\/strong>.<\/p>\n<p>[\/vc_column_text][\/vc_column_inner][vc_column_inner width=\u00a0\u00bb1\/6&Prime;][\/vc_column_inner][\/vc_row_inner]<style type=\"text\/css\" data-type=\"the7_shortcodes-inline-css\">#default-btn-6284db8cf6be3c1f95f511917a47fdc4.ico-right-side > i {\n  margin-right: 0px;\n  margin-left: 8px;\n}\n#default-btn-6284db8cf6be3c1f95f511917a47fdc4 > i {\n  margin-right: 8px;\n}\n<\/style><div class=\"btn-align-center\"><a href=\"https:\/\/catchmedia.ca\/fr\/contact\/\" class=\"default-btn-shortcode dt-btn dt-btn-m link-hover-off \" id=\"default-btn-6284db8cf6be3c1f95f511917a47fdc4\" title=\"Contact\"><span>Parlons de votre projet<\/span><\/a><\/div>[vc_empty_space height=\u00a0\u00bb3em\u00a0\u00bb][\/vc_column][\/vc_row]<\/p>\n<\/section>","protected":false},"excerpt":{"rendered":"<p>[vc_row full_width=\u00a0\u00bbstretch_row_content_no_spaces\u00a0\u00bb equal_height=\u00a0\u00bbyes\u00a0\u00bb content_placement=\u00a0\u00bbmiddle\u00a0\u00bb bg_type=\u00a0\u00bbbg_color\u00a0\u00bb bg_color_value=\u00a0\u00bb#ffffff\u00a0\u00bb el_id=\u00a0\u00bbsec-uxdesign\u00a0\u00bb][vc_column width=\u00a0\u00bb1\/2&Prime; css=\u00a0\u00bb.vc_custom_1665506297967{margin-top: 0px !important;margin-bottom: 0px !important;padding-bottom: 70px !important;}\u00a0\u00bb][vc_column_text css=\u00a0\u00bb.vc_custom_1688999795432{margin-top: 0px !important;margin-bottom: 15px !important;padding-top: 35px !important;padding-right: 35px !important;padding-bottom: 15px !important;padding-left: 35px !important;}\u00a0\u00bb] V\u00eatements personnalis\u00e9s et Articles promotionnels Renforcez l&rsquo;identit\u00e9 de votre marque et d\u00e9veloppez la notori\u00e9t\u00e9 de votre entreprise avec nos v\u00eatements personnalis\u00e9s et articles promotionnels de qualit\u00e9. Chez&hellip;<\/p>\n","protected":false},"author":1,"featured_media":0,"parent":412,"menu_order":0,"comment_status":"closed","ping_status":"closed","template":"","meta":{"footnotes":""},"class_list":["post-1825","page","type-page","status-publish","hentry","description-off"],"_links":{"self":[{"href":"https:\/\/catchmedia.ca\/fr\/wp-json\/wp\/v2\/pages\/1825","targetHints":{"allow":["GET"]}}],"collection":[{"href":"https:\/\/catchmedia.ca\/fr\/wp-json\/wp\/v2\/pages"}],"about":[{"href":"https:\/\/catchmedia.ca\/fr\/wp-json\/wp\/v2\/types\/page"}],"author":[{"embeddable":true,"href":"https:\/\/catchmedia.ca\/fr\/wp-json\/wp\/v2\/users\/1"}],"replies":[{"embeddable":true,"href":"https:\/\/catchmedia.ca\/fr\/wp-json\/wp\/v2\/comments?post=1825"}],"version-history":[{"count":2,"href":"https:\/\/catchmedia.ca\/fr\/wp-json\/wp\/v2\/pages\/1825\/revisions"}],"predecessor-version":[{"id":2040,"href":"https:\/\/catchmedia.ca\/fr\/wp-json\/wp\/v2\/pages\/1825\/revisions\/2040"}],"up":[{"embeddable":true,"href":"https:\/\/catchmedia.ca\/fr\/wp-json\/wp\/v2\/pages\/412"}],"wp:attachment":[{"href":"https:\/\/catchmedia.ca\/fr\/wp-json\/wp\/v2\/media?parent=1825"}],"curies":[{"name":"wp","href":"https:\/\/api.w.org\/{rel}","templated":true}]}}