{"id":1787,"date":"2023-04-25T15:27:34","date_gmt":"2023-04-25T13:27:34","guid":{"rendered":"https:\/\/catchmedia.mozenture-dev.com\/?page_id=1787"},"modified":"2023-07-18T17:01:39","modified_gmt":"2023-07-18T15:01:39","slug":"impression-offset","status":"publish","type":"page","link":"https:\/\/catchmedia.ca\/fr\/nos-expertises\/impression\/impression-offset\/","title":{"rendered":"Impression Offset"},"content":{"rendered":"<section class=\"wpb-content-wrapper\"><p>[vc_row full_width=\u00a0\u00bbstretch_row_content_no_spaces\u00a0\u00bb equal_height=\u00a0\u00bbyes\u00a0\u00bb content_placement=\u00a0\u00bbmiddle\u00a0\u00bb bg_type=\u00a0\u00bbbg_color\u00a0\u00bb bg_color_value=\u00a0\u00bb#ffffff\u00a0\u00bb el_id=\u00a0\u00bbsec-uxdesign\u00a0\u00bb][vc_column width=\u00a0\u00bb1\/2&Prime; css=\u00a0\u00bb.vc_custom_1665506297967{margin-top: 0px !important;margin-bottom: 0px !important;padding-bottom: 70px !important;}\u00a0\u00bb][vc_column_text css=\u00a0\u00bb.vc_custom_1688999548524{margin-top: 0px !important;margin-bottom: 15px !important;padding-top: 35px !important;padding-right: 35px !important;padding-bottom: 15px !important;padding-left: 35px !important;}\u00a0\u00bb]<\/p>\n<h5><\/h5>\n<h2>Imprimerie commerciale (offset)<\/h2>\n<p>Bienvenue dans notre section d&rsquo;imprimerie commerciale (offset) chez <strong>CatchMedia<\/strong>. Notre entreprise se sp\u00e9cialise dans la fourniture de services d&rsquo;impression offset de haute qualit\u00e9 pour r\u00e9pondre \u00e0 tous vos besoins professionnels et commerciaux.[\/vc_column_text]<style type=\"text\/css\" data-type=\"the7_shortcodes-inline-css\">#default-btn-214803c54d05c4f39fb4962263850de2.ico-right-side > i {\n  margin-right: 0px;\n  margin-left: 8px;\n}\n#default-btn-214803c54d05c4f39fb4962263850de2 > i {\n  margin-right: 8px;\n}\n<\/style><a href=\"https:\/\/catchmedia.ca\/fr\/contact\/\" class=\"default-btn-shortcode dt-btn dt-btn-m link-hover-off btn-inline-left  vc_custom_1689692453922\" id=\"default-btn-214803c54d05c4f39fb4962263850de2\" title=\"Contact\"><span>Nous confier votre projet<\/span><\/a>[\/vc_column][vc_column width=\u00a0\u00bb1\/2&Prime; css=\u00a0\u00bb.vc_custom_1688629552257{padding-top: 45vh !important;background-image: url(https:\/\/catchmedia.ca\/fr\/wp-content\/uploads\/2023\/06\/OFFSET-1.png?id=1878) !important;background-position: center !important;background-repeat: no-repeat !important;background-size: cover !important;}\u00a0\u00bb][\/vc_column][\/vc_row][vc_row css=\u00a0\u00bb.vc_custom_1665506230925{padding-top: 50px !important;}\u00a0\u00bb][vc_column width=\u00a0\u00bb1\/2&Prime;][vc_column_text]<\/p>\n<h2>Nos services d&rsquo;impression offset<\/h2>\n<p>L&rsquo;impression offset est une technique d&rsquo;impression traditionnelle, id\u00e9ale pour les grands tirages et offrant une qualit\u00e9 d&rsquo;image exceptionnelle. Chez <strong>CatchMedia<\/strong>, nous utilisons les derni\u00e8res technologies et machines d&rsquo;impression offset pour garantir un rendu optimal et des co\u00fbts comp\u00e9titifs.<\/p>\n<p>Notre \u00e9quipe d&rsquo;experts en imprimerie commerciale travaille en \u00e9troite collaboration avec nos clients pour s&rsquo;assurer que leurs projets sont r\u00e9alis\u00e9s selon leurs attentes en termes de qualit\u00e9, de d\u00e9lais et de budget.[\/vc_column_text]<style type=\"text\/css\" data-type=\"the7_shortcodes-inline-css\">#default-btn-fb20513fb175d3a9453b75ede68e7b4e.ico-right-side > i {\n  margin-right: 0px;\n  margin-left: 8px;\n}\n#default-btn-fb20513fb175d3a9453b75ede68e7b4e > i {\n  margin-right: 8px;\n}\n<\/style><a href=\"https:\/\/catchmedia.ca\/fr\/contact\/\" class=\"default-btn-shortcode dt-btn dt-btn-m link-hover-off btn-inline-left \" id=\"default-btn-fb20513fb175d3a9453b75ede68e7b4e\" title=\"Contact\"><span>Nous confier votre projet<\/span><\/a>[\/vc_column][vc_column width=\u00a0\u00bb1\/2&Prime;][vc_tta_accordion title_tag=\u00a0\u00bbh4&Prime; style=\u00a0\u00bbflat\u00a0\u00bb c_icon=\u00a0\u00bbchevron\u00a0\u00bb c_position=\u00a0\u00bbright\u00a0\u00bb active_section=\u00a0\u00bb99&Prime; no_fill=\u00a0\u00bbtrue\u00a0\u00bb collapsible_all=\u00a0\u00bbtrue\u00a0\u00bb css=\u00a0\u00bb.vc_custom_1686819984910{padding-top: 10px !important;padding-bottom: 10px !important;}\u00a0\u00bb][vc_tta_section i_icon_fontawesome=\u00a0\u00bbfas fa-arrow-right\u00a0\u00bb add_icon=\u00a0\u00bbtrue\u00a0\u00bb title=\u00a0\u00bbBrochures et d\u00e9pliants\u00a0\u00bb tab_id=\u00a0\u00bb1665504324768-3efdd481-0055&Prime;][vc_column_text]Supports imprim\u00e9s pliables pour pr\u00e9senter des informations d\u00e9taill\u00e9es sur votre entreprise, vos produits ou vos services.[\/vc_column_text][\/vc_tta_section][vc_tta_section i_icon_fontawesome=\u00a0\u00bbfas fa-arrow-right\u00a0\u00bb add_icon=\u00a0\u00bbtrue\u00a0\u00bb title=\u00a0\u00bbCatalogues et magazines\u00a0\u00bb tab_id=\u00a0\u00bb1682429087162-5369b9db-cced\u00a0\u00bb][vc_column_text]Publications imprim\u00e9es contenant des descriptions, des images et des d\u00e9tails sur une gamme de produits ou des articles sp\u00e9cifiques.[\/vc_column_text][\/vc_tta_section][vc_tta_section i_icon_fontawesome=\u00a0\u00bbfas fa-arrow-right\u00a0\u00bb add_icon=\u00a0\u00bbtrue\u00a0\u00bb title=\u00a0\u00bbCartes d&rsquo;affaires et cartes postales\u00a0\u00bb tab_id=\u00a0\u00bb1682429111827-f4e76e64-1e43&Prime;][vc_column_text]Cartes de visite pour partager vos informations de contact professionnelles, et cartes postales pour envoyer des messages, salutations ou promotions.[\/vc_column_text][\/vc_tta_section][vc_tta_section i_icon_fontawesome=\u00a0\u00bbfas fa-arrow-right\u00a0\u00bb add_icon=\u00a0\u00bbtrue\u00a0\u00bb title=\u00a0\u00bbAffiches et banni\u00e8res\u00a0\u00bb tab_id=\u00a0\u00bb1682429127994-d24b154a-806e\u00a0\u00bb][vc_column_text]Supports imprim\u00e9s de grande taille pour afficher des messages publicitaires, des \u00e9v\u00e9nements sp\u00e9ciaux ou des annonces.[\/vc_column_text][\/vc_tta_section][vc_tta_section i_icon_fontawesome=\u00a0\u00bbfas fa-arrow-right\u00a0\u00bb add_icon=\u00a0\u00bbtrue\u00a0\u00bb title=\u00a0\u00bbEnveloppes et papier \u00e0 en-t\u00eate\u00a0\u00bb tab_id=\u00a0\u00bb1682429143567-80c0cfec-d447&Prime;][vc_column_text]Enveloppes pour l&rsquo;exp\u00e9dition de documents et papier \u00e0 en-t\u00eate de haute qualit\u00e9 pour des correspondances professionnelles.[\/vc_column_text][\/vc_tta_section][vc_tta_section i_icon_fontawesome=\u00a0\u00bbfas fa-arrow-right\u00a0\u00bb add_icon=\u00a0\u00bbtrue\u00a0\u00bb title=\u00a0\u00bbPackaging et \u00e9tiquettes\u00a0\u00bb tab_id=\u00a0\u00bb1682429161699-7e78e01d-2c92&Prime;][vc_column_text]Mat\u00e9riaux d&#8217;emballage attractifs et \u00e9tiquettes imprim\u00e9es pour pr\u00e9senter vos produits et fournir des informations.[\/vc_column_text][\/vc_tta_section][\/vc_tta_accordion][vc_column_text]<small>Ces services vous permettent de communiquer efficacement, de promouvoir votre entreprise et de renforcer votre image de marque.<\/small>[\/vc_column_text][\/vc_column][\/vc_row][vc_row css=\u00a0\u00bb.vc_custom_1665506928810{padding-top: 50px !important;padding-bottom: 70px !important;}\u00a0\u00bb][vc_column width=\u00a0\u00bb1\/6&Prime;][\/vc_column][vc_column width=\u00a0\u00bb2\/3&Prime;][vc_column_text el_class=\u00a0\u00bbtxt-citation\u00a0\u00bb]<\/p>\n<h3 style=\"text-align: center;\">\u00ab\u00a0Nous nous engageons \u00e0 fournir des produits d&rsquo;impression offset de la plus haute qualit\u00e9, en utilisant des encres \u00e9cologiques et des mat\u00e9riaux durables\u00a0\u00bb<\/h3>\n<p>[\/vc_column_text][vc_row_inner el_class=\u00a0\u00bbbtn-centered\u00a0\u00bb][vc_column_inner]<style type=\"text\/css\" data-type=\"the7_shortcodes-inline-css\">#default-btn-2aefeaadbf4f1fced441f87214a04832.ico-right-side > i {\n  margin-right: 0px;\n  margin-left: 8px;\n}\n#default-btn-2aefeaadbf4f1fced441f87214a04832 > i {\n  margin-right: 8px;\n}\n<\/style><a href=\"https:\/\/catchmedia.ca\/fr\/realisations\/\" class=\"default-btn-shortcode dt-btn dt-btn-m link-hover-off btn-inline-left  vc_custom_1689692482682\" id=\"default-btn-2aefeaadbf4f1fced441f87214a04832\" title=\"R\u00e9alisations\"><span>Nos r\u00e9alisations<\/span><\/a><style type=\"text\/css\" data-type=\"the7_shortcodes-inline-css\">#default-btn-aa47466b24368aee832633b63d0f731b.ico-right-side > i {\n  margin-right: 0px;\n  margin-left: 8px;\n}\n#default-btn-aa47466b24368aee832633b63d0f731b > i {\n  margin-right: 8px;\n}\n<\/style><a href=\"https:\/\/catchmedia.ca\/fr\/contact\/\" class=\"default-btn-shortcode dt-btn dt-btn-m link-hover-off btn-reversed btn-inline-right  vc_custom_1689692494798\" id=\"default-btn-aa47466b24368aee832633b63d0f731b\" title=\"Contact\"><span>On en discute ?<\/span><\/a>[\/vc_column_inner][\/vc_row_inner][\/vc_column][vc_column width=\u00a0\u00bb1\/6&Prime;][\/vc_column][\/vc_row][vc_row][vc_column][vc_empty_space height=\u00a0\u00bb2em\u00a0\u00bb][\/vc_column][\/vc_row][vc_row full_width=\u00a0\u00bbstretch_row_content_no_spaces\u00a0\u00bb equal_height=\u00a0\u00bbyes\u00a0\u00bb content_placement=\u00a0\u00bbmiddle\u00a0\u00bb bg_type=\u00a0\u00bbbg_color\u00a0\u00bb bg_color_value=\u00a0\u00bb#ffffff\u00a0\u00bb][vc_column width=\u00a0\u00bb1\/2&Prime; css=\u00a0\u00bb.vc_custom_1687252223418{padding-top: 50vh !important;background-image: url(https:\/\/catchmedia.ca\/fr\/wp-content\/uploads\/2023\/06\/telechargement-2-1.png?id=1946) !important;background-position: center !important;background-repeat: no-repeat !important;background-size: cover !important;}\u00a0\u00bb][\/vc_column][vc_column width=\u00a0\u00bb1\/2&Prime; css=\u00a0\u00bb.vc_custom_1665506297967{margin-top: 0px !important;margin-bottom: 0px !important;padding-bottom: 70px !important;}\u00a0\u00bb][vc_column_text css=\u00a0\u00bb.vc_custom_1688999584695{margin-top: 0px !important;margin-bottom: 15px !important;padding-top: 35px !important;padding-right: 35px !important;padding-bottom: 15px !important;padding-left: 35px !important;}\u00a0\u00bb]<\/p>\n<h5><\/h5>\n<h2>Service client exceptionnel<\/h2>\n<p>Chez <strong>CatchMedia<\/strong>, nous sommes fiers d&rsquo;offrir un service client exceptionnel \u00e0 chaque \u00e9tape du processus d&rsquo;impression. Notre \u00e9quipe d&rsquo;experts est disponible pour vous conseiller et vous guider dans la s\u00e9lection des meilleures options pour votre projet, qu&rsquo;il s&rsquo;agisse de choisir le type de papier, la finition ou les options de reliure.[\/vc_column_text]<style type=\"text\/css\" data-type=\"the7_shortcodes-inline-css\">#default-btn-12d3f8a11c7a01b29cb6f1c67dc9a3d3.ico-right-side > i {\n  margin-right: 0px;\n  margin-left: 8px;\n}\n#default-btn-12d3f8a11c7a01b29cb6f1c67dc9a3d3 > i {\n  margin-right: 8px;\n}\n<\/style><a href=\"\/contact\/\" class=\"default-btn-shortcode dt-btn dt-btn-m link-hover-off btn-inline-left  vc_custom_1675262271387\" id=\"default-btn-12d3f8a11c7a01b29cb6f1c67dc9a3d3\" title=\"Contact\"><span>Nous confier votre projet<\/span><\/a>[\/vc_column][\/vc_row][vc_row][vc_column][vc_empty_space height=\u00a0\u00bb2em\u00a0\u00bb][\/vc_column][\/vc_row][vc_row][vc_column css=\u00a0\u00bb.vc_custom_1676385916630{border-top-width: 1px !important;border-right-width: 1px !important;border-bottom-width: 1px !important;border-left-width: 1px !important;background: #ffffff url(https:\/\/catchmedia.ca\/fr\/wp-content\/uploads\/2023\/02\/bg-calltoaction02-1-1.png?id=1614) !important;background-position: center !important;background-repeat: no-repeat !important;background-size: cover !important;border-left-color: #ffffff !important;border-left-style: solid !important;border-right-color: #ffffff !important;border-right-style: solid !important;border-top-color: #ffffff !important;border-top-style: solid !important;border-bottom-color: #ffffff !important;border-bottom-style: solid !important;border-radius: 25px !important;}\u00a0\u00bb el_class=\u00a0\u00bbbloc-call-to-action\u00a0\u00bb][vc_empty_space height=\u00a0\u00bb1em\u00a0\u00bb][vc_row_inner][vc_column_inner width=\u00a0\u00bb1\/6&Prime;][\/vc_column_inner][vc_column_inner width=\u00a0\u00bb2\/3&Prime;][vc_column_text]<\/p>\n<h3 style=\"text-align: center;\">Obtenez un devis personnalis\u00e9<\/h3>\n<p style=\"text-align: center;\">Nous comprenons que chaque projet d&rsquo;impression est unique et n\u00e9cessite une attention particuli\u00e8re. C&rsquo;est pourquoi nous offrons des <strong>devis personnalis\u00e9s<\/strong> pour tous nos services d&rsquo;impression offset.<strong> Contactez-nous<\/strong> d\u00e8s aujourd&rsquo;hui pour discuter de vos besoins sp\u00e9cifiques et obtenir un devis adapt\u00e9 \u00e0 votre projet.<\/p>\n<p>[\/vc_column_text][\/vc_column_inner][vc_column_inner width=\u00a0\u00bb1\/6&Prime;][\/vc_column_inner][\/vc_row_inner]<style type=\"text\/css\" data-type=\"the7_shortcodes-inline-css\">#default-btn-86ad9d3502d7072530d766c78debbe7b.ico-right-side > i {\n  margin-right: 0px;\n  margin-left: 8px;\n}\n#default-btn-86ad9d3502d7072530d766c78debbe7b > i {\n  margin-right: 8px;\n}\n<\/style><div class=\"btn-align-center\"><a href=\"\/contact\/\" class=\"default-btn-shortcode dt-btn dt-btn-m link-hover-off \" id=\"default-btn-86ad9d3502d7072530d766c78debbe7b\"><span>Parlons de votre projet<\/span><\/a><\/div>[vc_empty_space height=\u00a0\u00bb3em\u00a0\u00bb][\/vc_column][\/vc_row]<\/p>\n<\/section>","protected":false},"excerpt":{"rendered":"<p>[vc_row full_width=\u00a0\u00bbstretch_row_content_no_spaces\u00a0\u00bb equal_height=\u00a0\u00bbyes\u00a0\u00bb content_placement=\u00a0\u00bbmiddle\u00a0\u00bb bg_type=\u00a0\u00bbbg_color\u00a0\u00bb bg_color_value=\u00a0\u00bb#ffffff\u00a0\u00bb el_id=\u00a0\u00bbsec-uxdesign\u00a0\u00bb][vc_column width=\u00a0\u00bb1\/2&Prime; css=\u00a0\u00bb.vc_custom_1665506297967{margin-top: 0px !important;margin-bottom: 0px !important;padding-bottom: 70px !important;}\u00a0\u00bb][vc_column_text css=\u00a0\u00bb.vc_custom_1688999548524{margin-top: 0px !important;margin-bottom: 15px !important;padding-top: 35px !important;padding-right: 35px !important;padding-bottom: 15px !important;padding-left: 35px !important;}\u00a0\u00bb] Imprimerie commerciale (offset) Bienvenue dans notre section d&rsquo;imprimerie commerciale (offset) chez CatchMedia. Notre entreprise se sp\u00e9cialise dans la fourniture de services d&rsquo;impression offset de haute qualit\u00e9 pour&hellip;<\/p>\n","protected":false},"author":1,"featured_media":0,"parent":412,"menu_order":0,"comment_status":"closed","ping_status":"closed","template":"","meta":{"footnotes":""},"class_list":["post-1787","page","type-page","status-publish","hentry","description-off"],"_links":{"self":[{"href":"https:\/\/catchmedia.ca\/fr\/wp-json\/wp\/v2\/pages\/1787","targetHints":{"allow":["GET"]}}],"collection":[{"href":"https:\/\/catchmedia.ca\/fr\/wp-json\/wp\/v2\/pages"}],"about":[{"href":"https:\/\/catchmedia.ca\/fr\/wp-json\/wp\/v2\/types\/page"}],"author":[{"embeddable":true,"href":"https:\/\/catchmedia.ca\/fr\/wp-json\/wp\/v2\/users\/1"}],"replies":[{"embeddable":true,"href":"https:\/\/catchmedia.ca\/fr\/wp-json\/wp\/v2\/comments?post=1787"}],"version-history":[{"count":1,"href":"https:\/\/catchmedia.ca\/fr\/wp-json\/wp\/v2\/pages\/1787\/revisions"}],"predecessor-version":[{"id":2034,"href":"https:\/\/catchmedia.ca\/fr\/wp-json\/wp\/v2\/pages\/1787\/revisions\/2034"}],"up":[{"embeddable":true,"href":"https:\/\/catchmedia.ca\/fr\/wp-json\/wp\/v2\/pages\/412"}],"wp:attachment":[{"href":"https:\/\/catchmedia.ca\/fr\/wp-json\/wp\/v2\/media?parent=1787"}],"curies":[{"name":"wp","href":"https:\/\/api.w.org\/{rel}","templated":true}]}}