{"id":1285,"date":"2022-12-16T10:51:50","date_gmt":"2022-12-16T09:51:50","guid":{"rendered":"https:\/\/lifemoz.mozenture-dev.com\/?page_id=1285"},"modified":"2023-07-18T17:20:48","modified_gmt":"2023-07-18T15:20:48","slug":"billetterie","status":"publish","type":"page","link":"https:\/\/catchmedia.ca\/fr\/solutions\/billetterie\/","title":{"rendered":"Billetterie"},"content":{"rendered":"<section class=\"wpb-content-wrapper\"><p>[vc_row equal_height=\u00a0\u00bbyes\u00a0\u00bb content_placement=\u00a0\u00bbmiddle\u00a0\u00bb css=\u00a0\u00bb.vc_custom_1664983690613{margin-bottom: 50px !important;}\u00a0\u00bb][vc_column width=\u00a0\u00bb1\/2&Prime;][vc_single_image image=\u00a0\u00bb1293&Prime; img_size=\u00a0\u00bbfull\u00a0\u00bb alignment=\u00a0\u00bbcenter\u00a0\u00bb el_class=\u00a0\u00bbdisplay-on-mobile\u00a0\u00bb]<div class=\"ult-just-icon-wrapper  \"><div class=\"align-icon\" style=\"text-align:left;\">\n<div class=\"aio-icon-img \" style=\"font-size:240px;display:inline-block;\" >\n\t<img decoding=\"async\" class=\"img-icon\" alt=\"null\" src=\"https:\/\/catchmedia.ca\/fr\/wp-content\/uploads\/2023\/02\/icones-solutions-1-1.png\"\/>\n<\/div><\/div><\/div>[vc_column_text]<\/p>\n<h1>Personnalisez votre billetterie en ligne avec une plateforme sur mesure<\/h1>\n<p>Offrez \u00e0 vos participants une exp\u00e9rience de billetterie en ligne fluide et adapt\u00e9e \u00e0 votre image de marque. Avec une plateforme d\u2019inscription personnalisable, vous pouvez facilement personnaliser tous vos billets, emails et pages de vente pour refl\u00e9ter votre identit\u00e9. Maximisez vos ventes avec un parcours d\u2019achat simplifi\u00e9 et moderne, totalement compatible avec les appareils mobiles.[\/vc_column_text]<style type=\"text\/css\" data-type=\"the7_shortcodes-inline-css\">#default-btn-9a5abcbf5300d8d2c1764b44cde1b02a.ico-right-side > i {\n  margin-right: 0px;\n  margin-left: 8px;\n}\n#default-btn-9a5abcbf5300d8d2c1764b44cde1b02a > i {\n  margin-right: 8px;\n}\n<\/style><a href=\"#sect-billetterie\" class=\"default-btn-shortcode dt-btn dt-btn-m link-hover-off btn-inline-left \" id=\"default-btn-9a5abcbf5300d8d2c1764b44cde1b02a\"><span>D\u00e9couvrir<\/span><\/a><style type=\"text\/css\" data-type=\"the7_shortcodes-inline-css\">#default-btn-53863956ceb8b47278e579829edc5bb1.ico-right-side > i {\n  margin-right: 0px;\n  margin-left: 8px;\n}\n#default-btn-53863956ceb8b47278e579829edc5bb1 > i {\n  margin-right: 8px;\n}\n<\/style><a href=\"https:\/\/catchmedia.ca\/fr\/contact\/\" class=\"default-btn-shortcode dt-btn dt-btn-m link-hover-off btn-inline-left  vc_custom_1689693608897\" id=\"default-btn-53863956ceb8b47278e579829edc5bb1\" title=\"Contact\"><span>Contactez-nous<\/span><\/a>[\/vc_column][vc_column width=\u00a0\u00bb1\/2&Prime;][vc_single_image image=\u00a0\u00bb1293&Prime; img_size=\u00a0\u00bbfull\u00a0\u00bb alignment=\u00a0\u00bbcenter\u00a0\u00bb el_class=\u00a0\u00bbhide-on-mobile\u00a0\u00bb][\/vc_column][\/vc_row][vc_row equal_height=\u00a0\u00bbyes\u00a0\u00bb content_placement=\u00a0\u00bbmiddle\u00a0\u00bb bg_type=\u00a0\u00bbbg_color\u00a0\u00bb bg_override=\u00a0\u00bbfull\u00a0\u00bb css=\u00a0\u00bb.vc_custom_1671186150908{padding-top: 70px !important;padding-bottom: 70px !important;}\u00a0\u00bb bg_color_value=\u00a0\u00bb#0c003f\u00a0\u00bb el_class=\u00a0\u00bbfont-color-white\u00a0\u00bb][vc_column width=\u00a0\u00bb1\/3&Prime;][vc_column_text]<\/p>\n<h5>Billetterie en ligne<\/h5>\n<h2>Une solution qui s\u2019adapte \u00e0 votre activit\u00e9<\/h2>\n<p>Nous mettons \u00e0 votre disposition un ensemble d&rsquo;outils puissants et intuitifs pour g\u00e9rer votre \u00e9v\u00e9nement.[\/vc_column_text]<style type=\"text\/css\" data-type=\"the7_shortcodes-inline-css\">#default-btn-fb20513fb175d3a9453b75ede68e7b4e.ico-right-side > i {\n  margin-right: 0px;\n  margin-left: 8px;\n}\n#default-btn-fb20513fb175d3a9453b75ede68e7b4e > i {\n  margin-right: 8px;\n}\n<\/style><a href=\"https:\/\/catchmedia.ca\/fr\/contact\/\" class=\"default-btn-shortcode dt-btn dt-btn-m link-hover-off btn-inline-left \" id=\"default-btn-fb20513fb175d3a9453b75ede68e7b4e\" title=\"Contact\"><span>Vous voulez en savoir plus ?<\/span><\/a>[\/vc_column][vc_column width=\u00a0\u00bb2\/3&Prime;][vc_row_inner][vc_column_inner width=\u00a0\u00bb1\/3&Prime;]<div class=\"ult-just-icon-wrapper   vc_custom_1665510228839\"><div class=\"align-icon\" style=\"text-align:left;\">\n<div class=\"aio-icon none \"  style=\"color:#ffffff;font-size:32px;\">\n\t<i class=\"icomoon-the7-font-the7-arrow-21\"><\/i>\n<\/div><\/div><\/div>[vc_column_text]<\/p>\n<h4>Bien d\u00e9marrer<\/h4>\n<p>Param\u00e9trage<br \/>\nMise en service<br \/>\nFormation utilisateurs<br \/>\nConseil[\/vc_column_text][\/vc_column_inner][vc_column_inner width=\u00a0\u00bb1\/3&Prime;]<div class=\"ult-just-icon-wrapper   vc_custom_1665510241687\"><div class=\"align-icon\" style=\"text-align:left;\">\n<div class=\"aio-icon none \"  style=\"color:#ffffff;font-size:32px;\">\n\t<i class=\"icomoon-the7-font-the7-arrow-21\"><\/i>\n<\/div><\/div><\/div>[vc_column_text]<\/p>\n<h4>Bien utiliser<\/h4>\n<p>Support technique<br \/>\nMaintenance solution<br \/>\nAccompagnement[\/vc_column_text][\/vc_column_inner][vc_column_inner width=\u00a0\u00bb1\/3&Prime;]<div class=\"ult-just-icon-wrapper   vc_custom_1665510257927\"><div class=\"align-icon\" style=\"text-align:left;\">\n<div class=\"aio-icon none \"  style=\"color:#ffffff;font-size:32px;\">\n\t<i class=\"icomoon-the7-font-the7-arrow-21\"><\/i>\n<\/div><\/div><\/div>[vc_column_text]<\/p>\n<h4>Concevoir le sp\u00e9cifique<\/h4>\n<p>Fonctionnalit\u00e9s<br \/>\nS\u00e9curit\u00e9<br \/>\nD\u00e9veloppement sur mesure[\/vc_column_text][\/vc_column_inner][\/vc_row_inner][\/vc_column][\/vc_row][vc_row equal_height=\u00a0\u00bbyes\u00a0\u00bb content_placement=\u00a0\u00bbmiddle\u00a0\u00bb bg_type=\u00a0\u00bbbg_color\u00a0\u00bb bg_override=\u00a0\u00bbfull\u00a0\u00bb bg_color_value=\u00a0\u00bb#ffffff\u00a0\u00bb el_id=\u00a0\u00bbsect-billetterie\u00a0\u00bb][vc_column width=\u00a0\u00bb1\/2&Prime;][vc_column_text]<\/p>\n<h2><\/h2>\n<h2>Am\u00e9liorez votre strat\u00e9gie d&rsquo;inscription en ligne avec notre billetterie personnalisable<\/h2>\n<p>Notre solution de billetterie en ligne vous permet de cr\u00e9er une plateforme d&rsquo;inscription compl\u00e8te en quelques clics, tout en personnalisant facilement tous vos billets, e-mails et pages de vente. Vous pouvez ainsi pr\u00e9senter au mieux votre identit\u00e9 et renforcer votre image de marque. De plus, notre parcours d&rsquo;achat simple et moderne, totalement responsive, permet de maximiser vos ventes.[\/vc_column_text]<div class=\"uavc-list-icon uavc-list-icon-wrapper ult-adjust-bottom-margin   \"><ul class=\"uavc-list\"><li><div class=\"uavc-list-content\" id=\"list-icon-wrap-4254\">\n<div class=\"uavc-list-icon  \" data-animation=\"\" data-animation-delay=\"03\" style=\"margin-right:20px;\"><div class=\"ult-just-icon-wrapper  \"><div class=\"align-icon\" style=\"text-align:center;\">\n<div class=\"aio-icon circle \"  style=\"color:#ffffff;background:#0c003f;font-size:24px;display:inline-block;\">\n\t<i class=\"icomoon-the7-font-the7-clock-00\"><\/i>\n<\/div><\/div><\/div>\n<\/div><span  data-ultimate-target='#list-icon-wrap-4254 .uavc-list-desc'  data-responsive-json-new='{\"font-size\":\"\",\"line-height\":\"\"}'  class=\"uavc-list-desc ult-responsive\" style=\"\"><strong>Contr\u00f4lez et fluidifiez simplement l&rsquo;arriv\u00e9e de vos participants<\/strong><\/span><\/div><\/li><li><div class=\"uavc-list-content\" id=\"list-icon-wrap-6420\">\n<div class=\"uavc-list-icon  \" data-animation=\"\" data-animation-delay=\"03\" style=\"margin-right:20px;\"><div class=\"ult-just-icon-wrapper  \"><div class=\"align-icon\" style=\"text-align:center;\">\n<div class=\"aio-icon circle \"  style=\"color:#ffffff;background:#0c003f;font-size:24px;display:inline-block;\">\n\t<i class=\"icomoon-the7-font-the7-cart-002\"><\/i>\n<\/div><\/div><\/div>\n<\/div><span  data-ultimate-target='#list-icon-wrap-6420 .uavc-list-desc'  data-responsive-json-new='{\"font-size\":\"\",\"line-height\":\"\"}'  class=\"uavc-list-desc ult-responsive\" style=\"\"><strong>D\u00e9mat\u00e9rialisez tous les paiements sur votre \u00e9v\u00e9nement<\/strong><\/span><\/div><\/li><li><div class=\"uavc-list-content\" id=\"list-icon-wrap-3286\">\n<div class=\"uavc-list-icon  \" data-animation=\"\" data-animation-delay=\"03\" style=\"margin-right:20px;\"><div class=\"ult-just-icon-wrapper  \"><div class=\"align-icon\" style=\"text-align:center;\">\n<div class=\"aio-icon circle \"  style=\"color:#ffffff;background:#0c003f;font-size:24px;display:inline-block;\">\n\t<i class=\"icomoon-the7-font-the7-zoom-05\"><\/i>\n<\/div><\/div><\/div>\n<\/div><span  data-ultimate-target='#list-icon-wrap-3286 .uavc-list-desc'  data-responsive-json-new='{\"font-size\":\"\",\"line-height\":\"\"}'  class=\"uavc-list-desc ult-responsive\" style=\"\"><strong>Une vision centr\u00e9e sur la technologie et l&rsquo;accompagnement.<\/strong><\/span><\/div><\/li><\/ul><\/div>[\/vc_column][vc_column width=\u00a0\u00bb1\/2&Prime;][vc_single_image image=\u00a0\u00bb1295&Prime; img_size=\u00a0\u00bbfull\u00a0\u00bb][\/vc_column][\/vc_row][vc_row css=\u00a0\u00bb.vc_custom_1665500961386{padding-top: 70px !important;padding-bottom: 70px !important;}\u00a0\u00bb][vc_column][vc_column_text]<\/p>\n<h2 style=\"text-align: center;\">Pour tous les secteurs d\u2019activit\u00e9s<\/h2>\n<p>[\/vc_column_text][vc_row_inner gap=\u00a0\u00bb25&Prime;][vc_column_inner el_class=\u00a0\u00bbbloc-shadowed\u00a0\u00bb width=\u00a0\u00bb1\/3&Prime; css=\u00a0\u00bb.vc_custom_1665501448404{padding-top: 30px !important;padding-right: 30px !important;padding-bottom: 30px !important;padding-left: 30px !important;background-color: #ffffff !important;}\u00a0\u00bb]<div class=\"ult-just-icon-wrapper   vc_custom_1671185108338\"><div class=\"align-icon\" style=\"text-align:center;\">\n<div class=\"aio-icon none \"  style=\"color:#333;font-size:32px;display:inline-block;\">\n\t<i class=\"dt-icon-the7-misc-017\"><\/i>\n<\/div><\/div><\/div>[vc_column_text css=\u00a0\u00bb.vc_custom_1671185083646{margin-bottom: 0px !important;}\u00a0\u00bb]<\/p>\n<h4 style=\"text-align: center;\">Festival<\/h4>\n<p style=\"text-align: center;\">Une solution adapt\u00e9e aux plus petits et aux plus grands des festivals<\/p>\n<p>[\/vc_column_text][\/vc_column_inner][vc_column_inner el_class=\u00a0\u00bbbloc-shadowed\u00a0\u00bb width=\u00a0\u00bb1\/3&Prime; css=\u00a0\u00bb.vc_custom_1665501453847{padding-top: 30px !important;padding-right: 30px !important;padding-bottom: 30px !important;padding-left: 30px !important;background-color: #ffffff !important;}\u00a0\u00bb]<div class=\"ult-just-icon-wrapper   vc_custom_1671185202237\"><div class=\"align-icon\" style=\"text-align:center;\">\n<div class=\"aio-icon none \"  style=\"color:#333;font-size:32px;display:inline-block;\">\n\t<i class=\"dt-icon-the7-misc-017\"><\/i>\n<\/div><\/div><\/div>[vc_column_text css=\u00a0\u00bb.vc_custom_1671185193825{margin-bottom: 0px !important;}\u00a0\u00bb]<\/p>\n<h4 style=\"text-align: center;\">Visites &amp; Loisirs<\/h4>\n<p style=\"text-align: center;\">Contr\u00f4lez vos billets et fluidifiez l&rsquo;arriv\u00e9e de vos participants<\/p>\n<p>[\/vc_column_text][\/vc_column_inner][vc_column_inner el_class=\u00a0\u00bbbloc-shadowed\u00a0\u00bb width=\u00a0\u00bb1\/3&Prime; css=\u00a0\u00bb.vc_custom_1665501460083{padding-top: 30px !important;padding-right: 30px !important;padding-bottom: 30px !important;padding-left: 30px !important;background-color: #ffffff !important;}\u00a0\u00bb]<div class=\"ult-just-icon-wrapper   vc_custom_1671185313475\"><div class=\"align-icon\" style=\"text-align:center;\">\n<div class=\"aio-icon none \"  style=\"color:#333;font-size:32px;display:inline-block;\">\n\t<i class=\"dt-icon-the7-misc-017\"><\/i>\n<\/div><\/div><\/div>[vc_column_text css=\u00a0\u00bb.vc_custom_1671185304890{margin-bottom: 0px !important;}\u00a0\u00bb]<\/p>\n<h4 style=\"text-align: center;\">Clubs sportifs<\/h4>\n<p style=\"text-align: center;\">Une plateforme tout en un pour piloter votre club avec s\u00e9r\u00e9nit\u00e9<\/p>\n<p>[\/vc_column_text][\/vc_column_inner][\/vc_row_inner][vc_row_inner gap=\u00a0\u00bb25&Prime;][vc_column_inner el_class=\u00a0\u00bbbloc-shadowed\u00a0\u00bb width=\u00a0\u00bb1\/3&Prime; css=\u00a0\u00bb.vc_custom_1665501448404{padding-top: 30px !important;padding-right: 30px !important;padding-bottom: 30px !important;padding-left: 30px !important;background-color: #ffffff !important;}\u00a0\u00bb]<div class=\"ult-just-icon-wrapper   vc_custom_1671185606382\"><div class=\"align-icon\" style=\"text-align:center;\">\n<div class=\"aio-icon none \"  style=\"color:#333;font-size:32px;display:inline-block;\">\n\t<i class=\"dt-icon-the7-misc-017\"><\/i>\n<\/div><\/div><\/div>[vc_column_text css=\u00a0\u00bb.vc_custom_1671185596761{margin-bottom: 0px !important;}\u00a0\u00bb]<\/p>\n<h4 style=\"text-align: center;\">Concerts &amp; spectacles<\/h4>\n<p style=\"text-align: center;\">Une solution de billetterie adapt\u00e9e \u00e0 la gestion et au succ\u00e8s de votre concert<\/p>\n<p>[\/vc_column_text][\/vc_column_inner][vc_column_inner el_class=\u00a0\u00bbbloc-shadowed\u00a0\u00bb width=\u00a0\u00bb1\/3&Prime; css=\u00a0\u00bb.vc_custom_1665501453847{padding-top: 30px !important;padding-right: 30px !important;padding-bottom: 30px !important;padding-left: 30px !important;background-color: #ffffff !important;}\u00a0\u00bb]<div class=\"ult-just-icon-wrapper   vc_custom_1671185798615\"><div class=\"align-icon\" style=\"text-align:center;\">\n<div class=\"aio-icon none \"  style=\"color:#333;font-size:32px;display:inline-block;\">\n\t<i class=\"dt-icon-the7-misc-017\"><\/i>\n<\/div><\/div><\/div>[vc_column_text css=\u00a0\u00bb.vc_custom_1671185787466{margin-bottom: 0px !important;}\u00a0\u00bb]<\/p>\n<h4 style=\"text-align: center;\">\u00c9v\u00e9nements \u00e9tudiants<\/h4>\n<p style=\"text-align: center;\">Simplifiez l\u2019acc\u00e8s \u00e0 votre billetterie en la proposant en ligne<\/p>\n<p>[\/vc_column_text][\/vc_column_inner][vc_column_inner el_class=\u00a0\u00bbbloc-shadowed\u00a0\u00bb width=\u00a0\u00bb1\/3&Prime; css=\u00a0\u00bb.vc_custom_1665501460083{padding-top: 30px !important;padding-right: 30px !important;padding-bottom: 30px !important;padding-left: 30px !important;background-color: #ffffff !important;}\u00a0\u00bb]<div class=\"ult-just-icon-wrapper   vc_custom_1671185909667\"><div class=\"align-icon\" style=\"text-align:center;\">\n<div class=\"aio-icon none \"  style=\"color:#333;font-size:32px;display:inline-block;\">\n\t<i class=\"dt-icon-the7-misc-017\"><\/i>\n<\/div><\/div><\/div>[vc_column_text css=\u00a0\u00bb.vc_custom_1671185900131{margin-bottom: 0px !important;}\u00a0\u00bb]<\/p>\n<h4 style=\"text-align: center;\">Conf\u00e9rences<\/h4>\n<p style=\"text-align: center;\">G\u00e9rez les partenaires de votre conf\u00e9rence. Envoyez des invitations personnalis\u00e9es<\/p>\n<p>[\/vc_column_text][\/vc_column_inner][\/vc_row_inner][\/vc_column][\/vc_row][vc_row][vc_column][vc_empty_space height=\u00a0\u00bb1em\u00a0\u00bb][\/vc_column][\/vc_row][vc_row][vc_column css=\u00a0\u00bb.vc_custom_1676558616933{border-top-width: 1px !important;border-right-width: 1px !important;border-bottom-width: 1px !important;border-left-width: 1px !important;background: #ffffff url(https:\/\/catchmedia.ca\/fr\/wp-content\/uploads\/2023\/02\/bg-calltoaction02-1-1.png?id=1614) !important;background-position: center !important;background-repeat: no-repeat !important;background-size: cover !important;border-left-color: #ffffff !important;border-left-style: solid !important;border-right-color: #ffffff !important;border-right-style: solid !important;border-top-color: #ffffff !important;border-top-style: solid !important;border-bottom-color: #ffffff !important;border-bottom-style: solid !important;border-radius: 25px !important;}\u00a0\u00bb el_class=\u00a0\u00bbbloc-call-to-action\u00a0\u00bb][vc_empty_space height=\u00a0\u00bb1em\u00a0\u00bb][vc_single_image image=\u00a0\u00bb1288&Prime; img_size=\u00a0\u00bbmedium\u00a0\u00bb alignment=\u00a0\u00bbcenter\u00a0\u00bb][vc_column_text]<\/p>\n<h3 style=\"text-align: center;\">\u00cates-vous curieux d\u2019en apprendre davantage<br \/>\nsur notre solution de Billetterie ?<br \/>\nParlez-nous de votre projet et concr\u00e9tisons-le ensemble.<\/h3>\n<p>[\/vc_column_text]<style type=\"text\/css\" data-type=\"the7_shortcodes-inline-css\">#default-btn-6284db8cf6be3c1f95f511917a47fdc4.ico-right-side > i {\n  margin-right: 0px;\n  margin-left: 8px;\n}\n#default-btn-6284db8cf6be3c1f95f511917a47fdc4 > i {\n  margin-right: 8px;\n}\n<\/style><div class=\"btn-align-center\"><a href=\"https:\/\/catchmedia.ca\/fr\/contact\/\" class=\"default-btn-shortcode dt-btn dt-btn-m link-hover-off \" id=\"default-btn-6284db8cf6be3c1f95f511917a47fdc4\" title=\"Contact\"><span>Demander une d\u00e9mo<\/span><\/a><\/div>[vc_empty_space height=\u00a0\u00bb3em\u00a0\u00bb][\/vc_column][\/vc_row]<\/p>\n<\/section>","protected":false},"excerpt":{"rendered":"<p>[vc_row equal_height=\u00a0\u00bbyes\u00a0\u00bb content_placement=\u00a0\u00bbmiddle\u00a0\u00bb css=\u00a0\u00bb.vc_custom_1664983690613{margin-bottom: 50px !important;}\u00a0\u00bb][vc_column width=\u00a0\u00bb1\/2&Prime;][vc_single_image image=\u00a0\u00bb1293&Prime; img_size=\u00a0\u00bbfull\u00a0\u00bb alignment=\u00a0\u00bbcenter\u00a0\u00bb el_class=\u00a0\u00bbdisplay-on-mobile\u00a0\u00bb][vc_column_text] Personnalisez votre billetterie en ligne avec une plateforme sur mesure Offrez \u00e0 vos participants une exp\u00e9rience de billetterie en ligne fluide et adapt\u00e9e \u00e0 votre image de marque. Avec une plateforme d\u2019inscription personnalisable, vous pouvez facilement personnaliser tous vos billets, emails et pages de&hellip;<\/p>\n","protected":false},"author":1,"featured_media":0,"parent":12,"menu_order":0,"comment_status":"closed","ping_status":"closed","template":"","meta":{"footnotes":""},"class_list":["post-1285","page","type-page","status-publish","hentry","description-off"],"_links":{"self":[{"href":"https:\/\/catchmedia.ca\/fr\/wp-json\/wp\/v2\/pages\/1285","targetHints":{"allow":["GET"]}}],"collection":[{"href":"https:\/\/catchmedia.ca\/fr\/wp-json\/wp\/v2\/pages"}],"about":[{"href":"https:\/\/catchmedia.ca\/fr\/wp-json\/wp\/v2\/types\/page"}],"author":[{"embeddable":true,"href":"https:\/\/catchmedia.ca\/fr\/wp-json\/wp\/v2\/users\/1"}],"replies":[{"embeddable":true,"href":"https:\/\/catchmedia.ca\/fr\/wp-json\/wp\/v2\/comments?post=1285"}],"version-history":[{"count":1,"href":"https:\/\/catchmedia.ca\/fr\/wp-json\/wp\/v2\/pages\/1285\/revisions"}],"predecessor-version":[{"id":2054,"href":"https:\/\/catchmedia.ca\/fr\/wp-json\/wp\/v2\/pages\/1285\/revisions\/2054"}],"up":[{"embeddable":true,"href":"https:\/\/catchmedia.ca\/fr\/wp-json\/wp\/v2\/pages\/12"}],"wp:attachment":[{"href":"https:\/\/catchmedia.ca\/fr\/wp-json\/wp\/v2\/media?parent=1285"}],"curies":[{"name":"wp","href":"https:\/\/api.w.org\/{rel}","templated":true}]}}