{"id":12,"date":"2022-08-18T12:00:39","date_gmt":"2022-08-18T10:00:39","guid":{"rendered":"http:\/\/lifemoz.mozenture-dev.com\/?page_id=12"},"modified":"2023-12-12T09:43:52","modified_gmt":"2023-12-12T08:43:52","slug":"solutions","status":"publish","type":"page","link":"https:\/\/catchmedia.ca\/fr\/solutions\/","title":{"rendered":"Nos solutions"},"content":{"rendered":"<section class=\"wpb-content-wrapper\"><p>[vc_row equal_height=\u00a0\u00bbyes\u00a0\u00bb content_placement=\u00a0\u00bbmiddle\u00a0\u00bb][vc_column width=\u00a0\u00bb1\/2&Prime;]<div class=\"ult-just-icon-wrapper  \"><div class=\"align-icon\" style=\"text-align:left;\">\n<div class=\"aio-icon-img \" style=\"font-size:240px;display:inline-block;\" >\n\t<img decoding=\"async\" class=\"img-icon\" alt=\"null\" src=\"https:\/\/catchmedia.ca\/fr\/wp-content\/uploads\/2023\/02\/icones-solutions-1-1.png\"\/>\n<\/div><\/div><\/div>[vc_single_image image=\u00a0\u00bb734&Prime; img_size=\u00a0\u00bbfull\u00a0\u00bb alignment=\u00a0\u00bbcenter\u00a0\u00bb el_class=\u00a0\u00bbdisplay-on-mobile\u00a0\u00bb][vc_column_text]<\/p>\n<h1>Des solutions adapt\u00e9es \u00e0 vos besoins et \u00e0 votre secteur d&rsquo;activit\u00e9.<\/h1>\n<p>Nos solutions web r\u00e9pondent parfaitement \u00e0 vos exigences professionnelles et s&rsquo;adaptent de fa\u00e7on rapide \u00e0 l&rsquo;\u00e9volution de vos besoins.[\/vc_column_text]<style type=\"text\/css\" data-type=\"the7_shortcodes-inline-css\">#default-btn-1b72054f2f4991c4fe68d06e6767f654.ico-right-side > i {\n  margin-right: 0px;\n  margin-left: 8px;\n}\n#default-btn-1b72054f2f4991c4fe68d06e6767f654 > i {\n  margin-right: 8px;\n}\n<\/style><a href=\"#sect-solutions\" class=\"default-btn-shortcode dt-btn dt-btn-m link-hover-off btn-inline-left \" id=\"default-btn-1b72054f2f4991c4fe68d06e6767f654\"><span>D\u00e9couvrir<\/span><\/a><style type=\"text\/css\" data-type=\"the7_shortcodes-inline-css\">#default-btn-9f934cb9634dc4ba4927d88c967367ea.ico-right-side > i {\n  margin-right: 0px;\n  margin-left: 8px;\n}\n#default-btn-9f934cb9634dc4ba4927d88c967367ea > i {\n  margin-right: 8px;\n}\n<\/style><a href=\"https:\/\/catchmedia.ca\/fr\/contact\/\" class=\"default-btn-shortcode dt-btn dt-btn-m link-hover-off btn-inline-left  vc_custom_1689693324031\" id=\"default-btn-9f934cb9634dc4ba4927d88c967367ea\" title=\"Contact\"><span>Contactez-nous<\/span><\/a>[\/vc_column][vc_column width=\u00a0\u00bb1\/2&Prime;][vc_single_image image=\u00a0\u00bb1715&Prime; img_size=\u00a0\u00bbfull\u00a0\u00bb alignment=\u00a0\u00bbcenter\u00a0\u00bb el_class=\u00a0\u00bbhide-on-mobile\u00a0\u00bb][\/vc_column][\/vc_row][vc_row bg_type=\u00a0\u00bbbg_color\u00a0\u00bb bg_override=\u00a0\u00bbfull\u00a0\u00bb bg_color_value=\u00a0\u00bb#ffffff\u00a0\u00bb][vc_column][vc_empty_space][vc_column_text el_class=\u00a0\u00bbfont-color-accent\u00a0\u00bb]<\/p>\n<h2 style=\"text-align: center;\">Un partenaire digital qui vous propose des solutions sur-mesure r\u00e9pondant \u00e0 toutes vos exigences et vous rassure sur la confidentialit\u00e9 de vos donn\u00e9es<\/h2>\n<p style=\"text-align: center;\">Un groupe d\u2019experts qui explorent sans cesse de nouveaux moyens pour vous accompagner dans votre transformation digitale.<\/p>\n<p style=\"text-align: center;\"><strong>Vous avez une nouvelle id\u00e9e, mais vous ne savez pas par o\u00f9 commencer ?<\/strong> Nous vous aidons \u00e0 transformer votre vision digitale en r\u00e9alit\u00e9. Nous utilisons les derni\u00e8res technologies digitales pour concevoir vos plateformes sur mesure.<\/p>\n<p>[\/vc_column_text][vc_empty_space][\/vc_column][\/vc_row][vc_row el_id=\u00a0\u00bbsect-solutions\u00a0\u00bb][vc_column][vc_empty_space height=\u00a0\u00bb2em\u00a0\u00bb][\/vc_column][\/vc_row][vc_row gap=\u00a0\u00bb25&Prime; equal_height=\u00a0\u00bbyes\u00a0\u00bb][vc_column width=\u00a0\u00bb1\/2&Prime; el_class=\u00a0\u00bbbloc-service\u00a0\u00bb css=\u00a0\u00bb.vc_custom_1664979697007{background-color: #ffffff !important;}\u00a0\u00bb][vc_single_image image=\u00a0\u00bb1723&Prime; img_size=\u00a0\u00bbfull\u00a0\u00bb el_class=\u00a0\u00bbbg-service\u00a0\u00bb]<div class=\"ult-just-icon-wrapper icon-service \"><div class=\"align-icon\" style=\"text-align:center;\">\n<div class=\"aio-icon-img \" style=\"font-size:150px;display:inline-block;\" >\n\t<img decoding=\"async\" class=\"img-icon\" alt=\"null\" src=\"https:\/\/catchmedia.ca\/fr\/wp-content\/uploads\/2022\/12\/solution-billetterie-1.png\"\/>\n<\/div><\/div><\/div>[vc_column_text el_class=\u00a0\u00bbsmall-text\u00a0\u00bb css=\u00a0\u00bb.vc_custom_1689693369736{padding-right: 25px !important;padding-left: 25px !important;}\u00a0\u00bb]<\/p>\n<h4 style=\"text-align: center;\">Billetterie<\/h4>\n<p style=\"text-align: center;\"><a href=\"https:\/\/catchmedia.ca\/fr\/solutions\/billetterie\/\">En savoir plus<\/a><\/p>\n<p>[\/vc_column_text][\/vc_column][vc_column width=\u00a0\u00bb1\/2&Prime; css=\u00a0\u00bb.vc_custom_1664977817954{background-color: #ffffff !important;}\u00a0\u00bb el_class=\u00a0\u00bbbloc-service\u00a0\u00bb][vc_single_image image=\u00a0\u00bb1721&Prime; img_size=\u00a0\u00bbfull\u00a0\u00bb el_class=\u00a0\u00bbbg-service\u00a0\u00bb]<div class=\"ult-just-icon-wrapper icon-service \"><div class=\"align-icon\" style=\"text-align:center;\">\n<div class=\"aio-icon-img \" style=\"font-size:150px;display:inline-block;\" >\n\t<img decoding=\"async\" class=\"img-icon\" alt=\"null\" src=\"https:\/\/catchmedia.ca\/fr\/wp-content\/uploads\/2022\/10\/solution-fideljet-1.png\"\/>\n<\/div><\/div><\/div>[vc_column_text el_class=\u00a0\u00bbsmall-text\u00a0\u00bb css=\u00a0\u00bb.vc_custom_1702370628347{padding-right: 25px !important;padding-left: 25px !important;}\u00a0\u00bb]<\/p>\n<h4 style=\"text-align: center;\">Solution de fid\u00e9lisation et marketing direct<\/h4>\n<p style=\"text-align: center;\"><a href=\"https:\/\/catchmedia.ca\/fr\/solutions\/fideljet\/\">En savoir plus<\/a><\/p>\n<p>[\/vc_column_text][\/vc_column][\/vc_row][vc_row gap=\u00a0\u00bb25&Prime; equal_height=\u00a0\u00bbyes\u00a0\u00bb][vc_column width=\u00a0\u00bb1\/2&Prime; css=\u00a0\u00bb.vc_custom_1664977811091{background-color: #ffffff !important;}\u00a0\u00bb el_class=\u00a0\u00bbbloc-service\u00a0\u00bb][vc_single_image image=\u00a0\u00bb1719&Prime; img_size=\u00a0\u00bbfull\u00a0\u00bb el_class=\u00a0\u00bbbg-service\u00a0\u00bb]<div class=\"ult-just-icon-wrapper icon-service \"><div class=\"align-icon\" style=\"text-align:center;\">\n<div class=\"aio-icon-img \" style=\"font-size:150px;display:inline-block;\" >\n\t<img decoding=\"async\" class=\"img-icon\" alt=\"null\" src=\"https:\/\/catchmedia.ca\/fr\/wp-content\/uploads\/2022\/10\/solution-ads2grid-1.png\"\/>\n<\/div><\/div><\/div>[vc_column_text el_class=\u00a0\u00bbsmall-text\u00a0\u00bb css=\u00a0\u00bb.vc_custom_1689693394864{padding-right: 25px !important;padding-left: 25px !important;}\u00a0\u00bb]<\/p>\n<h4 style=\"text-align: center;\">Solution d&rsquo;affichage dynamique<\/h4>\n<p style=\"text-align: center;\"><a href=\"https:\/\/catchmedia.ca\/fr\/solutions\/ads2grid-affichage-dynamique\/\">En savoir plus<\/a><\/p>\n<p>[\/vc_column_text][\/vc_column][vc_column width=\u00a0\u00bb1\/2&Prime; css=\u00a0\u00bb.vc_custom_1664977796767{background-color: #ffffff !important;}\u00a0\u00bb el_class=\u00a0\u00bbbloc-service\u00a0\u00bb][vc_single_image image=\u00a0\u00bb1724&Prime; img_size=\u00a0\u00bbfull\u00a0\u00bb el_class=\u00a0\u00bbbg-service\u00a0\u00bb]<div class=\"ult-just-icon-wrapper icon-service \"><div class=\"align-icon\" style=\"text-align:center;\">\n<div class=\"aio-icon-img \" style=\"font-size:150px;display:inline-block;\" >\n\t<img decoding=\"async\" class=\"img-icon\" alt=\"null\" src=\"https:\/\/catchmedia.ca\/fr\/wp-content\/uploads\/2022\/10\/solution-upfairs-1.png\"\/>\n<\/div><\/div><\/div>[vc_column_text el_class=\u00a0\u00bbsmall-text\u00a0\u00bb css=\u00a0\u00bb.vc_custom_1689693382833{padding-right: 25px !important;padding-left: 25px !important;}\u00a0\u00bb]<\/p>\n<h4 style=\"text-align: center;\">Plateforme de salons virtuels<\/h4>\n<p style=\"text-align: center;\"><a href=\"https:\/\/catchmedia.ca\/fr\/solutions\/upfairs-plateforme-salon-virtuel\/\">En savoir plus<\/a><\/p>\n<p>[\/vc_column_text][\/vc_column][\/vc_row][vc_row][vc_column][vc_empty_space height=\u00a0\u00bb4em\u00a0\u00bb][\/vc_column][\/vc_row][vc_row][vc_column css=\u00a0\u00bb.vc_custom_1676646126810{border-top-width: 1px !important;border-right-width: 1px !important;border-bottom-width: 1px !important;border-left-width: 1px !important;background: #ffffff url(https:\/\/catchmedia.ca\/fr\/wp-content\/uploads\/2023\/02\/bg-calltoaction02-1-1.png?id=1614) !important;background-position: center !important;background-repeat: no-repeat !important;background-size: cover !important;border-left-color: #ffffff !important;border-left-style: solid !important;border-right-color: #ffffff !important;border-right-style: solid !important;border-top-color: #ffffff !important;border-top-style: solid !important;border-bottom-color: #ffffff !important;border-bottom-style: solid !important;border-radius: 25px !important;}\u00a0\u00bb el_class=\u00a0\u00bbbloc-call-to-action\u00a0\u00bb][vc_empty_space height=\u00a0\u00bb1em\u00a0\u00bb][vc_column_text]<\/p>\n<h3 style=\"text-align: center;\">Quel que soit votre projet web, mobile ou logiciel,<br \/>\n<strong>CatchMedia <\/strong>vous proposera des solutions d\u2019affaires<br \/>\ncompl\u00e8tes et personnalis\u00e9es<\/h3>\n<p>[\/vc_column_text]<style type=\"text\/css\" data-type=\"the7_shortcodes-inline-css\">#default-btn-6284db8cf6be3c1f95f511917a47fdc4.ico-right-side > i {\n  margin-right: 0px;\n  margin-left: 8px;\n}\n#default-btn-6284db8cf6be3c1f95f511917a47fdc4 > i {\n  margin-right: 8px;\n}\n<\/style><div class=\"btn-align-center\"><a href=\"https:\/\/catchmedia.ca\/fr\/contact\/\" class=\"default-btn-shortcode dt-btn dt-btn-m link-hover-off \" id=\"default-btn-6284db8cf6be3c1f95f511917a47fdc4\" title=\"Contact\"><span>Parlons de votre projet<\/span><\/a><\/div>[vc_empty_space height=\u00a0\u00bb3em\u00a0\u00bb][\/vc_column][\/vc_row]<\/p>\n<\/section>","protected":false},"excerpt":{"rendered":"<p>[vc_row equal_height=\u00a0\u00bbyes\u00a0\u00bb content_placement=\u00a0\u00bbmiddle\u00a0\u00bb][vc_column width=\u00a0\u00bb1\/2&Prime;][vc_single_image image=\u00a0\u00bb734&Prime; img_size=\u00a0\u00bbfull\u00a0\u00bb alignment=\u00a0\u00bbcenter\u00a0\u00bb el_class=\u00a0\u00bbdisplay-on-mobile\u00a0\u00bb][vc_column_text] Des solutions adapt\u00e9es \u00e0 vos besoins et \u00e0 votre secteur d&rsquo;activit\u00e9. Nos solutions web r\u00e9pondent parfaitement \u00e0 vos exigences professionnelles et s&rsquo;adaptent de fa\u00e7on rapide \u00e0 l&rsquo;\u00e9volution de vos besoins.[\/vc_column_text][\/vc_column][vc_column width=\u00a0\u00bb1\/2&Prime;][vc_single_image image=\u00a0\u00bb1715&Prime; img_size=\u00a0\u00bbfull\u00a0\u00bb alignment=\u00a0\u00bbcenter\u00a0\u00bb el_class=\u00a0\u00bbhide-on-mobile\u00a0\u00bb][\/vc_column][\/vc_row][vc_row bg_type=\u00a0\u00bbbg_color\u00a0\u00bb bg_override=\u00a0\u00bbfull\u00a0\u00bb bg_color_value=\u00a0\u00bb#ffffff\u00a0\u00bb][vc_column][vc_empty_space][vc_column_text el_class=\u00a0\u00bbfont-color-accent\u00a0\u00bb] Un partenaire digital qui vous propose des solutions&hellip;<\/p>\n","protected":false},"author":1,"featured_media":0,"parent":0,"menu_order":0,"comment_status":"closed","ping_status":"closed","template":"","meta":{"footnotes":""},"class_list":["post-12","page","type-page","status-publish","hentry","description-off"],"_links":{"self":[{"href":"https:\/\/catchmedia.ca\/fr\/wp-json\/wp\/v2\/pages\/12","targetHints":{"allow":["GET"]}}],"collection":[{"href":"https:\/\/catchmedia.ca\/fr\/wp-json\/wp\/v2\/pages"}],"about":[{"href":"https:\/\/catchmedia.ca\/fr\/wp-json\/wp\/v2\/types\/page"}],"author":[{"embeddable":true,"href":"https:\/\/catchmedia.ca\/fr\/wp-json\/wp\/v2\/users\/1"}],"replies":[{"embeddable":true,"href":"https:\/\/catchmedia.ca\/fr\/wp-json\/wp\/v2\/comments?post=12"}],"version-history":[{"count":3,"href":"https:\/\/catchmedia.ca\/fr\/wp-json\/wp\/v2\/pages\/12\/revisions"}],"predecessor-version":[{"id":2062,"href":"https:\/\/catchmedia.ca\/fr\/wp-json\/wp\/v2\/pages\/12\/revisions\/2062"}],"wp:attachment":[{"href":"https:\/\/catchmedia.ca\/fr\/wp-json\/wp\/v2\/media?parent=12"}],"curies":[{"name":"wp","href":"https:\/\/api.w.org\/{rel}","templated":true}]}}