{"id":10,"date":"2022-08-18T12:00:18","date_gmt":"2022-08-18T10:00:18","guid":{"rendered":"http:\/\/lifemoz.mozenture-dev.com\/?page_id=10"},"modified":"2023-07-18T17:49:51","modified_gmt":"2023-07-18T15:49:51","slug":"nos-expertises","status":"publish","type":"page","link":"https:\/\/catchmedia.ca\/fr\/nos-expertises\/","title":{"rendered":"Nos expertises"},"content":{"rendered":"<section class=\"wpb-content-wrapper\"><p>[vc_row equal_height=\u00a0\u00bbyes\u00a0\u00bb content_placement=\u00a0\u00bbmiddle\u00a0\u00bb][vc_column width=\u00a0\u00bb1\/2&Prime;]<div class=\"ult-just-icon-wrapper  \"><div class=\"align-icon\" style=\"text-align:left;\">\n<div class=\"aio-icon-img \" style=\"font-size:240px;display:inline-block;\" >\n\t<img decoding=\"async\" class=\"img-icon\" alt=\"null\" src=\"https:\/\/catchmedia.ca\/fr\/wp-content\/uploads\/2023\/02\/icones-solutions-1-1.png\"\/>\n<\/div><\/div><\/div>[vc_single_image image=\u00a0\u00bb733&Prime; img_size=\u00a0\u00bbfull\u00a0\u00bb alignment=\u00a0\u00bbcenter\u00a0\u00bb el_class=\u00a0\u00bbdisplay-on-mobile\u00a0\u00bb][vc_column_text]<\/p>\n<h1>L&rsquo;imagination et la technologie am\u00e9liorent votre avenir<\/h1>\n<p><strong>CatchMedia<\/strong> est votre meilleure agence de d\u00e9veloppement sur-mesure au Qu\u00e9bec, elle met ses experts \u00e0 votre disposition pour analyser vos besoins, et r\u00e9aliser vos projets web.[\/vc_column_text]<style type=\"text\/css\" data-type=\"the7_shortcodes-inline-css\">#default-btn-f48668e91e06f928cd0e453d2481019c.ico-right-side > i {\n  margin-right: 0px;\n  margin-left: 8px;\n}\n#default-btn-f48668e91e06f928cd0e453d2481019c > i {\n  margin-right: 8px;\n}\n<\/style><a href=\"#sect-services\" class=\"default-btn-shortcode dt-btn dt-btn-m link-hover-off btn-inline-left \" id=\"default-btn-f48668e91e06f928cd0e453d2481019c\"><span>D\u00e9couvrir<\/span><\/a><style type=\"text\/css\" data-type=\"the7_shortcodes-inline-css\">#default-btn-671472f198f8a8747df8cc16a00af4a0.ico-right-side > i {\n  margin-right: 0px;\n  margin-left: 8px;\n}\n#default-btn-671472f198f8a8747df8cc16a00af4a0 > i {\n  margin-right: 8px;\n}\n<\/style><a href=\"https:\/\/catchmedia.ca\/fr\/contact\/\" class=\"default-btn-shortcode dt-btn dt-btn-m link-hover-off btn-inline-left  vc_custom_1689692853253\" id=\"default-btn-671472f198f8a8747df8cc16a00af4a0\" title=\"Contact\"><span>Contactez-nous<\/span><\/a>[\/vc_column][vc_column width=\u00a0\u00bb1\/2&Prime;][vc_single_image image=\u00a0\u00bb1713&Prime; img_size=\u00a0\u00bbfull\u00a0\u00bb alignment=\u00a0\u00bbcenter\u00a0\u00bb el_class=\u00a0\u00bbhide-on-mobile\u00a0\u00bb][\/vc_column][\/vc_row][vc_row bg_type=\u00a0\u00bbbg_color\u00a0\u00bb bg_override=\u00a0\u00bbfull\u00a0\u00bb bg_color_value=\u00a0\u00bb#ffffff\u00a0\u00bb][vc_column][vc_empty_space][vc_column_text el_class=\u00a0\u00bbfont-color-accent\u00a0\u00bb]<\/p>\n<h2 style=\"text-align: center;\">Des expertises sur mesure<\/h2>\n<p style=\"text-align: center;\">L\u2019imagination et technologie combin\u00e9es am\u00e9liorent l&rsquo;avenir<br \/>\n<strong>CatchMedia<\/strong> est une agence marketing qu\u00e9b\u00e9coise sp\u00e9cialis\u00e9e dans le d\u00e9veloppement de solution de communications sur mesure. La soci\u00e9t\u00e9 offre des services d&rsquo;analyse de besoins et de r\u00e9alisation de projets de communication traditionnelle et num\u00e9rique cl\u00e9 en mains.<br \/>\nVous avez besoin de cr\u00e9er un nouveau site internet, une application professionnelle, refaire votre signalisation, changer de logo, vous approvisionner en fourniture d\u2019imprimerie, planifier un publipostage avec Postes Canada ou vous procurer des items promotionnels ou des v\u00eatements \u00e0 l\u2019image de votre entreprise?<br \/>\nNous mettons \u00e0 votre disposition notre expertise en planification et en gestion de projets pour r\u00e9pondre \u00e0 vos besoins. Nos charg\u00e9s de projets, graphistes, int\u00e9grateur Web, d\u00e9veloppeurs logiciels et installateurs vous assisteront tout au long du processus.<\/p>\n<p>[\/vc_column_text][vc_empty_space][\/vc_column][\/vc_row][vc_row el_id=\u00a0\u00bbsect-services\u00a0\u00bb][vc_column]<div id=\"ultimate-heading-963169e12e70a8c39\" class=\"uvc-heading ult-adjust-bottom-margin ultimate-heading-963169e12e70a8c39 uvc-4991  uvc-heading-default-font-sizes\" data-hspacer=\"line_only\"  data-halign=\"left\" style=\"text-align:left\"><div class=\"uvc-main-heading ult-responsive\"  data-ultimate-target='.uvc-heading.ultimate-heading-963169e12e70a8c39 h2'  data-responsive-json-new='{\"font-size\":\"\",\"line-height\":\"\"}' ><h2 style=\"--font-weight:theme;margin-bottom:5px;\">Des expertises adapt\u00e9s \u00e0 vos besoins<\/h2><\/div><div class=\"uvc-heading-spacer line_only\" style=\"margin-bottom:25px;height:1px;\"><span class=\"uvc-headings-line\" style=\"border-style:solid;border-bottom-width:1px;border-color:#e30613;width:autopx;\"><\/span><\/div><\/div>[vc_row_inner css=\u00a0\u00bb.vc_custom_1661332519122{margin-bottom: 20px !important;}\u00a0\u00bb el_class=\u00a0\u00bbmobile-adjust\u00a0\u00bb][vc_column_inner width=\u00a0\u00bb1\/4&Prime;]<div class=\"ult-content-box-container \" >\t<a class=\"ult-content-box-anchor\" href=\"https:\/\/catchmedia.ca\/fr\/nos-expertises\/creation-site-internet\/\" title=\"Cr\u00e9ation site internet\" >\t\t<div class=\"ult-content-box\" style=\"background-image:url(&#039;https:\/\/catchmedia.ca\/fr\/wp-content\/uploads\/2023\/04\/280-scaled-2-1024x725.jpg&#039;);background-size: cover;background-repeat: no-repeat;background-position: center center;background-color: rgba(0, 0, 0, 0);box-shadow: px px px px none;padding:15px;margin-top:15px;margin-bottom:25px;min-height:367px;-webkit-transition: all 700ms ease;-moz-transition: all 700ms ease;-ms-transition: all 700ms ease;-o-transition: all 700ms ease;transition: all 700ms ease;\"  data-hover_box_shadow=\"none\"    data-normal_margins=\"margin-top:15px;margin-bottom:25px;\"  >[vc_column_text el_class=\u00a0\u00bbfont-color-white\u00a0\u00bb]Cr\u00e9ation de<br \/>\nsite internet[\/vc_column_text][vc_raw_html]JTNDaSUyMGFyaWEtaGlkZGVuJTNEJTIydHJ1ZSUyMiUyMGNsYXNzJTNEJTIyZmxhdGljb24lMjBmbGF0aWNvbi1mbGF0aWNvbiUyMGZsYXRpY29uLXdlYiUyMiUzRSUzQyUyRmklM0U=[\/vc_raw_html]\t\t<\/div>\t<\/a><\/div>[\/vc_column_inner][vc_column_inner width=\u00a0\u00bb1\/4&Prime;]<div class=\"ult-content-box-container \" >\t<a class=\"ult-content-box-anchor\" href=\"https:\/\/catchmedia.ca\/fr\/nos-expertises\/developpement-mobile\/\" title=\"D\u00e9veloppement mobile\" >\t\t<div class=\"ult-content-box\" style=\"background-image:url(&#039;https:\/\/catchmedia.ca\/fr\/wp-content\/uploads\/2022\/08\/business-and-technology-concept-office-look_t20_YVnjJX-1.png&#039;);background-size: cover;background-repeat: no-repeat;background-position: center center;background-color: rgba(0, 0, 0, 0);box-shadow: px px px px none;padding:15px;margin-top:15px;margin-bottom:25px;min-height:367px;-webkit-transition: all 700ms ease;-moz-transition: all 700ms ease;-ms-transition: all 700ms ease;-o-transition: all 700ms ease;transition: all 700ms ease;\"  data-hover_box_shadow=\"none\"    data-normal_margins=\"margin-top:15px;margin-bottom:25px;\"  >[vc_column_text el_class=\u00a0\u00bbfont-color-white\u00a0\u00bb]D\u00e9veloppement<br \/>\nd&rsquo;applications mobile[\/vc_column_text][vc_raw_html]JTNDaSUyMGFyaWEtaGlkZGVuJTNEJTIydHJ1ZSUyMiUyMGNsYXNzJTNEJTIyZmxhdGljb24lMjBmbGF0aWNvbi1mbGF0aWNvbiUyMGZsYXRpY29uLXRyYW5zZmVyJTIyJTNFJTNDJTJGaSUzRQ==[\/vc_raw_html]\t\t<\/div>\t<\/a><\/div>[\/vc_column_inner][vc_column_inner width=\u00a0\u00bb1\/4&Prime;]<div class=\"ult-content-box-container \" >\t<a class=\"ult-content-box-anchor\" href=\"https:\/\/catchmedia.ca\/fr\/nos-expertises\/seo-sea-marketing\/\" title=\"SEO\/SEA marketing\" >\t\t<div class=\"ult-content-box\" style=\"background-image:url(&#039;https:\/\/catchmedia.ca\/fr\/wp-content\/uploads\/2022\/10\/young-girl-pointing-google-ads-on-smart-phone-screen-during-pandemic-and-coronavirus-prevention-google-ads-is-online-platform-for-advertising-service-offering-scaled-2-1024x683.jpg&#039;);background-size: cover;background-repeat: no-repeat;background-position: center center;background-color: rgba(0, 0, 0, 0);box-shadow: px px px px none;padding:15px;margin-top:15px;margin-bottom:25px;min-height:367px;-webkit-transition: all 700ms ease;-moz-transition: all 700ms ease;-ms-transition: all 700ms ease;-o-transition: all 700ms ease;transition: all 700ms ease;\"  data-hover_box_shadow=\"none\"    data-normal_margins=\"margin-top:15px;margin-bottom:25px;\"  >[vc_column_text el_class=\u00a0\u00bbfont-color-white\u00a0\u00bb]SEO\/SEA<br \/>\nMarketing[\/vc_column_text][vc_raw_html]JTNDaSUyMGFyaWEtaGlkZGVuJTNEJTIydHJ1ZSUyMiUyMGNsYXNzJTNEJTIyZmxhdGljb24lMjBmbGF0aWNvbi1mbGF0aWNvbiUyMGZsYXRpY29uLWdyb3d0aCUyMiUzRSUzQyUyRmklM0U=[\/vc_raw_html]\t\t<\/div>\t<\/a><\/div>[\/vc_column_inner][vc_column_inner width=\u00a0\u00bb1\/4&Prime;]<div class=\"ult-content-box-container \" >\t<a class=\"ult-content-box-anchor\" href=\"https:\/\/catchmedia.ca\/fr\/nos-expertises\/fidelisation-et-marketing-direct\/\" title=\"Fid\u00e9lisation et marketing direct\" >\t\t<div class=\"ult-content-box\" style=\"background-image:url(&#039;https:\/\/catchmedia.ca\/fr\/wp-content\/uploads\/2022\/10\/message-online-chat-social-text-concept-scaled-2-1024x970.jpg&#039;);background-size: cover;background-repeat: no-repeat;background-position: center center;background-color: rgba(0, 0, 0, 0);box-shadow: px px px px none;padding:15px;margin-top:15px;margin-bottom:25px;min-height:367px;-webkit-transition: all 700ms ease;-moz-transition: all 700ms ease;-ms-transition: all 700ms ease;-o-transition: all 700ms ease;transition: all 700ms ease;\"  data-hover_box_shadow=\"none\"    data-normal_margins=\"margin-top:15px;margin-bottom:25px;\"  >[vc_column_text el_class=\u00a0\u00bbfont-color-white\u00a0\u00bb]Fid\u00e9lisation<br \/>\net marketing direct[\/vc_column_text][vc_raw_html]JTNDaSUyMGFyaWEtaGlkZGVuJTNEJTIydHJ1ZSUyMiUyMGNsYXNzJTNEJTIyZmxhdGljb24lMjBmbGF0aWNvbi1mbGF0aWNvbiUyMGZsYXRpY29uLXBhcGVyLXBsYW5lJTIyJTNFJTNDJTJGaSUzRQ==[\/vc_raw_html]\t\t<\/div>\t<\/a><\/div>[\/vc_column_inner][\/vc_row_inner][vc_row_inner css=\u00a0\u00bb.vc_custom_1661332519122{margin-bottom: 20px !important;}\u00a0\u00bb el_class=\u00a0\u00bbmobile-adjust\u00a0\u00bb][vc_column_inner width=\u00a0\u00bb1\/4&Prime;]<div class=\"ult-content-box-container \" >\t<a class=\"ult-content-box-anchor\" href=\"https:\/\/catchmedia.ca\/fr\/nos-expertises\/gestion-des-reseaux-sociaux\/\" title=\"Gestion des r\u00e9seaux sociaux\" >\t\t<div class=\"ult-content-box\" style=\"background-image:url(&#039;https:\/\/catchmedia.ca\/fr\/wp-content\/uploads\/2022\/10\/social-media-icons-and-logos-applications-on-mobile-phone-screen-3d-scaled-2-1024x683.jpg&#039;);background-size: cover;background-repeat: no-repeat;background-position: center center;background-color: rgba(0, 0, 0, 0);box-shadow: px px px px none;padding:15px;margin-top:15px;margin-bottom:25px;min-height:367px;-webkit-transition: all 700ms ease;-moz-transition: all 700ms ease;-ms-transition: all 700ms ease;-o-transition: all 700ms ease;transition: all 700ms ease;\"  data-hover_box_shadow=\"none\"    data-normal_margins=\"margin-top:15px;margin-bottom:25px;\"  >[vc_column_text el_class=\u00a0\u00bbfont-color-white\u00a0\u00bb]Gestion des<br \/>\nr\u00e9seaux sociaux[\/vc_column_text][vc_raw_html]JTNDaSUyMGFyaWEtaGlkZGVuJTNEJTIydHJ1ZSUyMiUyMGNsYXNzJTNEJTIyZmxhdGljb24lMjBmbGF0aWNvbi1mbGF0aWNvbiUyMGZsYXRpY29uLWZhY2Vib29rLWxvZ28lMjIlM0UlM0MlMkZpJTNF[\/vc_raw_html]\t\t<\/div>\t<\/a><\/div>[\/vc_column_inner][vc_column_inner width=\u00a0\u00bb1\/4&Prime;]<div class=\"ult-content-box-container \" >\t<a class=\"ult-content-box-anchor\" href=\"https:\/\/catchmedia.ca\/fr\/nos-expertises\/impression\/\" title=\"Impression\" >\t\t<div class=\"ult-content-box\" style=\"background-image:url(&#039;https:\/\/catchmedia.ca\/fr\/wp-content\/uploads\/2023\/02\/grande-presse-impression-offset-executant-long-rouleau-papier-dans-chaine-production-machine-impression-industrielle-scaled-2-1024x683.jpg&#039;);background-size: cover;background-repeat: no-repeat;background-position: center center;background-color: rgba(0, 0, 0, 0);box-shadow: px px px px none;padding:15px;margin-top:15px;margin-bottom:25px;min-height:367px;-webkit-transition: all 700ms ease;-moz-transition: all 700ms ease;-ms-transition: all 700ms ease;-o-transition: all 700ms ease;transition: all 700ms ease;\"  data-hover_box_shadow=\"none\"    data-normal_margins=\"margin-top:15px;margin-bottom:25px;\"  >[vc_column_text el_class=\u00a0\u00bbfont-color-white\u00a0\u00bb]Impression[\/vc_column_text][vc_raw_html]JTNDaSUyMGFyaWEtaGlkZGVuJTNEJTIydHJ1ZSUyMiUyMGNsYXNzJTNEJTIyZmxhdGljb24lMjBmbGF0aWNvbi1mbGF0aWNvbiUyMGZsYXRpY29uLWRvY3VtZW50JTIyJTNFJTNDJTJGaSUzRQ==[\/vc_raw_html]\t\t<\/div>\t<\/a><\/div>[\/vc_column_inner][vc_column_inner width=\u00a0\u00bb1\/4&Prime;]<div class=\"ult-content-box-container \" >\t<a class=\"ult-content-box-anchor\" href=\"https:\/\/catchmedia.ca\/fr\/nos-expertises\/publipostage\/\" title=\"Gestion de la relation client (CRM)\" >\t\t<div class=\"ult-content-box\" style=\"background-image:url(&#039;https:\/\/catchmedia.ca\/fr\/wp-content\/uploads\/2023\/02\/portrait-homme-lisant-lettres-scaled-2-1024x683.jpg&#039;);background-size: cover;background-repeat: no-repeat;background-position: center center;background-color: rgba(0, 0, 0, 0);box-shadow: px px px px none;padding:15px;margin-top:15px;margin-bottom:25px;min-height:367px;-webkit-transition: all 700ms ease;-moz-transition: all 700ms ease;-ms-transition: all 700ms ease;-o-transition: all 700ms ease;transition: all 700ms ease;\"  data-hover_box_shadow=\"none\"    data-normal_margins=\"margin-top:15px;margin-bottom:25px;\"  >[vc_column_text el_class=\u00a0\u00bbfont-color-white\u00a0\u00bb]Publipostage[\/vc_column_text][vc_raw_html]JTNDaSUyMGFyaWEtaGlkZGVuJTNEJTIydHJ1ZSUyMiUyMGNsYXNzJTNEJTIyZmxhdGljb24lMjBmbGF0aWNvbi1mbGF0aWNvbiUyMGZsYXRpY29uLWNoZXF1ZSUyMiUzRSUzQyUyRmklM0U=[\/vc_raw_html]\t\t<\/div>\t<\/a><\/div>[\/vc_column_inner][vc_column_inner width=\u00a0\u00bb1\/4&Prime;]<div class=\"ult-content-box-container \" >\t<a class=\"ult-content-box-anchor\" href=\"https:\/\/catchmedia.ca\/fr\/nos-expertises\/developpement-sur-mesure\/\" title=\"D\u00e9veloppement sur-mesure\" >\t\t<div class=\"ult-content-box\" style=\"background-image:url(&#039;https:\/\/catchmedia.ca\/fr\/wp-content\/uploads\/2022\/10\/coding-man-scaled-2-1024x684.jpg&#039;);background-size: cover;background-repeat: no-repeat;background-position: center center;background-color: rgba(0, 0, 0, 0);box-shadow: px px px px none;padding:15px;margin-top:15px;margin-bottom:25px;min-height:367px;-webkit-transition: all 700ms ease;-moz-transition: all 700ms ease;-ms-transition: all 700ms ease;-o-transition: all 700ms ease;transition: all 700ms ease;\"  data-hover_box_shadow=\"none\"    data-normal_margins=\"margin-top:15px;margin-bottom:25px;\"  >[vc_column_text el_class=\u00a0\u00bbfont-color-white\u00a0\u00bb]D\u00e9veloppement<br \/>\nsur-mesure[\/vc_column_text][vc_raw_html]JTNDaSUyMGFyaWEtaGlkZGVuJTNEJTIydHJ1ZSUyMiUyMGNsYXNzJTNEJTIyZmxhdGljb24lMjBmbGF0aWNvbi1mbGF0aWNvbiUyMGZsYXRpY29uLWludmVzdG1lbnQlMjIlM0UlM0MlMkZpJTNF[\/vc_raw_html]\t\t<\/div>\t<\/a><\/div>[\/vc_column_inner][\/vc_row_inner][vc_empty_space height=\u00a0\u00bb2.5em\u00a0\u00bb el_class=\u00a0\u00bbhide-on-mobile\u00a0\u00bb][\/vc_column][\/vc_row][vc_row css=\u00a0\u00bb.vc_custom_1688998703813{margin-bottom: 25px !important;}\u00a0\u00bb][vc_column css=\u00a0\u00bb.vc_custom_1676644815736{border-top-width: 1px !important;border-right-width: 1px !important;border-bottom-width: 1px !important;border-left-width: 1px !important;background: #ffffff url(https:\/\/catchmedia.ca\/fr\/wp-content\/uploads\/2023\/02\/bg-calltoaction02-1-1.png?id=1614) !important;background-position: center !important;background-repeat: no-repeat !important;background-size: cover !important;border-left-color: #ffffff !important;border-left-style: solid !important;border-right-color: #ffffff !important;border-right-style: solid !important;border-top-color: #ffffff !important;border-top-style: solid !important;border-bottom-color: #ffffff !important;border-bottom-style: solid !important;border-radius: 25px !important;}\u00a0\u00bb el_class=\u00a0\u00bbbloc-call-to-action\u00a0\u00bb][vc_empty_space height=\u00a0\u00bb1em\u00a0\u00bb][vc_column_text]<\/p>\n<h3 style=\"text-align: center;\">Quel que soit votre projet web, mobile ou logiciel,<br \/>\n<strong>CatchMedia <\/strong>vous proposera des solutions d\u2019affaires<br \/>\ncompl\u00e8tes et personnalis\u00e9es<\/h3>\n<p>[\/vc_column_text]<style type=\"text\/css\" data-type=\"the7_shortcodes-inline-css\">#default-btn-6284db8cf6be3c1f95f511917a47fdc4.ico-right-side > i {\n  margin-right: 0px;\n  margin-left: 8px;\n}\n#default-btn-6284db8cf6be3c1f95f511917a47fdc4 > i {\n  margin-right: 8px;\n}\n<\/style><div class=\"btn-align-center\"><a href=\"https:\/\/catchmedia.ca\/fr\/contact\/\" class=\"default-btn-shortcode dt-btn dt-btn-m link-hover-off \" id=\"default-btn-6284db8cf6be3c1f95f511917a47fdc4\" title=\"Contact\"><span>Parlons de votre projet<\/span><\/a><\/div>[vc_empty_space height=\u00a0\u00bb3em\u00a0\u00bb][\/vc_column][\/vc_row][vc_row][vc_column][vc_empty_space height=\u00a0\u00bb4em\u00a0\u00bb][\/vc_column][\/vc_row][vc_row bg_type=\u00a0\u00bbbg_color\u00a0\u00bb bg_override=\u00a0\u00bbfull\u00a0\u00bb bg_color_value=\u00a0\u00bb#000000&Prime;][vc_column][vc_column_text el_class=\u00a0\u00bbfont-color-accent\u00a0\u00bb css=\u00a0\u00bb.vc_custom_1675159826968{margin-bottom: 15px !important;}\u00a0\u00bb]<\/p>\n<h2 style=\"text-align: center;\"><span style=\"color: #ffffff;\">Les fondamentaux pour la r\u00e9ussite de votre projet<\/span><\/h2>\n<p>[\/vc_column_text][vc_empty_space][\/vc_column][\/vc_row]<\/p>\n<\/section>","protected":false},"excerpt":{"rendered":"<p>[vc_row equal_height=\u00a0\u00bbyes\u00a0\u00bb content_placement=\u00a0\u00bbmiddle\u00a0\u00bb][vc_column width=\u00a0\u00bb1\/2&Prime;][vc_single_image image=\u00a0\u00bb733&Prime; img_size=\u00a0\u00bbfull\u00a0\u00bb alignment=\u00a0\u00bbcenter\u00a0\u00bb el_class=\u00a0\u00bbdisplay-on-mobile\u00a0\u00bb][vc_column_text] L&rsquo;imagination et la technologie am\u00e9liorent votre avenir CatchMedia est votre meilleure agence de d\u00e9veloppement sur-mesure au Qu\u00e9bec, elle met ses experts \u00e0 votre disposition pour analyser vos besoins, et r\u00e9aliser vos projets web.[\/vc_column_text][\/vc_column][vc_column width=\u00a0\u00bb1\/2&Prime;][vc_single_image image=\u00a0\u00bb1713&Prime; img_size=\u00a0\u00bbfull\u00a0\u00bb alignment=\u00a0\u00bbcenter\u00a0\u00bb el_class=\u00a0\u00bbhide-on-mobile\u00a0\u00bb][\/vc_column][\/vc_row][vc_row bg_type=\u00a0\u00bbbg_color\u00a0\u00bb bg_override=\u00a0\u00bbfull\u00a0\u00bb bg_color_value=\u00a0\u00bb#ffffff\u00a0\u00bb][vc_column][vc_empty_space][vc_column_text el_class=\u00a0\u00bbfont-color-accent\u00a0\u00bb] Des expertises sur mesure L\u2019imagination&hellip;<\/p>\n","protected":false},"author":1,"featured_media":0,"parent":0,"menu_order":0,"comment_status":"closed","ping_status":"closed","template":"","meta":{"footnotes":""},"class_list":["post-10","page","type-page","status-publish","hentry","description-off"],"_links":{"self":[{"href":"https:\/\/catchmedia.ca\/fr\/wp-json\/wp\/v2\/pages\/10","targetHints":{"allow":["GET"]}}],"collection":[{"href":"https:\/\/catchmedia.ca\/fr\/wp-json\/wp\/v2\/pages"}],"about":[{"href":"https:\/\/catchmedia.ca\/fr\/wp-json\/wp\/v2\/types\/page"}],"author":[{"embeddable":true,"href":"https:\/\/catchmedia.ca\/fr\/wp-json\/wp\/v2\/users\/1"}],"replies":[{"embeddable":true,"href":"https:\/\/catchmedia.ca\/fr\/wp-json\/wp\/v2\/comments?post=10"}],"version-history":[{"count":4,"href":"https:\/\/catchmedia.ca\/fr\/wp-json\/wp\/v2\/pages\/10\/revisions"}],"predecessor-version":[{"id":2058,"href":"https:\/\/catchmedia.ca\/fr\/wp-json\/wp\/v2\/pages\/10\/revisions\/2058"}],"wp:attachment":[{"href":"https:\/\/catchmedia.ca\/fr\/wp-json\/wp\/v2\/media?parent=10"}],"curies":[{"name":"wp","href":"https:\/\/api.w.org\/{rel}","templated":true}]}}